{"id":11020,"date":"2024-03-21T14:23:14","date_gmt":"2024-03-21T14:23:14","guid":{"rendered":"https:\/\/digistar.ma\/?post_type=product&#038;p=11020"},"modified":"2026-04-20T14:21:58","modified_gmt":"2026-04-20T14:21:58","slug":"pack-sublimation-5en1-38x30cm-epson-l3211-a4","status":"publish","type":"product","link":"https:\/\/digistar.ma\/?product=pack-sublimation-5en1-38x30cm-epson-l3211-a4","title":{"rendered":"Pack Sublimation 5en1 (38x30cm) Epson L3211 A4"},"content":{"rendered":"<p><strong>Pack Sublimation 5en1 (38x30cm) Epson L3211 A4<\/strong><\/p>\n<ul>\n<li>Vous souhaitez vous lancer dans la\u00a0<em>sublimation<\/em>\u00a0? Optez pour l&#8217;un de nos kits comprenant l&#8217;imprimante, les encres et le papier de\u00a0<em>sublimation<\/em>&#8230;<\/li>\n<\/ul>\n<p>Imprimante \u00e0 sublimation pour d\u00e9buter professionnellement dans le monde de la personnalisation.<\/p>\n<p>Un pack avec tout ce dont vous avez besoin parfaitement expliqu\u00e9 et avec des produits de grande qualit\u00e9 pour qu&#8217;en 30 min. vous sublimez des t-shirts, mugs, etc&#8230; Sans complications et avec des mat\u00e9riaux de premi\u00e8re qualit\u00e9.<\/p>\n<p>Le kit comprend :<\/p>\n<ul>\n<li>Imprimante EPSON format A4\u00a0<strong>L3210<\/strong>\u00a0ou<strong>\u00a0L3211\u00a0<\/strong><\/li>\n<li>Presse a chaud 5en1 multifonctions\u00a0 38 x 30 cm<\/li>\n<li>4 bouteilles d\u2019encres (CMJN) 100 ml<\/li>\n<li>Ruban haute temp\u00e9rature<\/li>\n<li>100 feuilles de papier Sublimation A4<\/li>\n<li><strong>3 MUGS &#8211; OFFERT<\/strong><\/li>\n<\/ul>\n<h3><strong>Avantages du pack :<\/strong><\/h3>\n<ul>\n<li><strong>Polyvalence<\/strong> : Personnalisez une grande vari\u00e9t\u00e9 d&#8217;objets avec la presse 5-en-1.<\/li>\n<li><strong>\u00c9conomie<\/strong> : Profitez de l&#8217;encre EcoTank pour imprimer \u00e0 moindre co\u00fbt.<\/li>\n<li><strong>Productivit\u00e9<\/strong> : Le pack est con\u00e7u pour optimiser votre travail, que vous soyez d\u00e9butant ou professionnel.<\/li>\n<li><strong>Facilit\u00e9 d&#8217;utilisation<\/strong> : Simple \u00e0 installer et \u00e0 utiliser, m\u00eame pour les d\u00e9butants en sublimation.<\/li>\n<\/ul>\n<p>Avec ce pack, vous serez pr\u00eat \u00e0 personnaliser une vaste gamme de produits et \u00e0 commencer votre activit\u00e9 de sublimation \u00e0 petit prix et avec des \u00e9quipements professionnels.<\/p>\n<p><strong>Disponible maintenant sur Digistar.ma !<\/strong><\/p>\n","protected":false},"excerpt":{"rendered":"<ul>\n<li>Imprimante EPSON format A4\u00a0<strong>L3210<\/strong>\u00a0ou<strong>\u00a0L3211\u00a0<\/strong><\/li>\n<li>Presse a chaud <strong>5en1<\/strong> multifonctions\u00a0 38 x 30 cm<\/li>\n<li>4 bouteilles d\u2019encres (CMJN) 100 ml<\/li>\n<li>Ruban haute temp\u00e9rature<\/li>\n<li>100 feuilles de papier transfert A4<\/li>\n<li><strong>3 MUGS &#8211; OFFERT<\/strong><\/li>\n<\/ul>\n","protected":false},"featured_media":15759,"comment_status":"open","ping_status":"closed","template":"","meta":{"_acf_changed":false,"_monsterinsights_skip_tracking":false,"_monsterinsights_sitenote_active":false,"_monsterinsights_sitenote_note":"","_monsterinsights_sitenote_category":0,"_uf_show_specific_survey":0,"_uf_disable_surveys":false,"_joinchat":[]},"product_brand":[],"product_cat":[15,384,253,265,388,385],"product_tag":[],"class_list":{"0":"post-11020","1":"product","2":"type-product","3":"status-publish","4":"has-post-thumbnail","6":"product_cat-imprimante-scanner","7":"product_cat-fournitures-dimpression","8":"product_cat-imprimante","9":"product_cat-imprimante-a-reservoirs-rechargeables","10":"product_cat-presse-a-chaud","11":"product_cat-sublimation","13":"first","14":"instock","15":"sale","16":"shipping-taxable","17":"purchasable","18":"product-type-simple"},"acf":[],"jetpack_sharing_enabled":true,"_links":{"self":[{"href":"https:\/\/digistar.ma\/index.php?rest_route=\/wp\/v2\/product\/11020","targetHints":{"allow":["GET"]}}],"collection":[{"href":"https:\/\/digistar.ma\/index.php?rest_route=\/wp\/v2\/product"}],"about":[{"href":"https:\/\/digistar.ma\/index.php?rest_route=\/wp\/v2\/types\/product"}],"replies":[{"embeddable":true,"href":"https:\/\/digistar.ma\/index.php?rest_route=%2Fwp%2Fv2%2Fcomments&post=11020"}],"version-history":[{"count":4,"href":"https:\/\/digistar.ma\/index.php?rest_route=\/wp\/v2\/product\/11020\/revisions"}],"predecessor-version":[{"id":13886,"href":"https:\/\/digistar.ma\/index.php?rest_route=\/wp\/v2\/product\/11020\/revisions\/13886"}],"wp:featuredmedia":[{"embeddable":true,"href":"https:\/\/digistar.ma\/index.php?rest_route=\/wp\/v2\/media\/15759"}],"wp:attachment":[{"href":"https:\/\/digistar.ma\/index.php?rest_route=%2Fwp%2Fv2%2Fmedia&parent=11020"}],"wp:term":[{"taxonomy":"product_brand","embeddable":true,"href":"https:\/\/digistar.ma\/index.php?rest_route=%2Fwp%2Fv2%2Fproduct_brand&post=11020"},{"taxonomy":"product_cat","embeddable":true,"href":"https:\/\/digistar.ma\/index.php?rest_route=%2Fwp%2Fv2%2Fproduct_cat&post=11020"},{"taxonomy":"product_tag","embeddable":true,"href":"https:\/\/digistar.ma\/index.php?rest_route=%2Fwp%2Fv2%2Fproduct_tag&post=11020"}],"curies":[{"name":"wp","href":"https:\/\/api.w.org\/{rel}","templated":true}]}}