{"id":11060,"date":"2024-03-21T23:37:51","date_gmt":"2024-03-21T23:37:51","guid":{"rendered":"https:\/\/digistar.ma\/?post_type=product&#038;p=11060"},"modified":"2024-03-21T23:37:51","modified_gmt":"2024-03-21T23:37:51","slug":"jabra-evolve-65-se-ms-stereo-micro-casque-sans-fil","status":"publish","type":"product","link":"https:\/\/digistar.ma\/?product=jabra-evolve-65-se-ms-stereo-micro-casque-sans-fil","title":{"rendered":"Jabra Evolve 65 SE MS St\u00e9r\u00e9o Micro-casque sans fil"},"content":{"rendered":"<h3>Jabra Evolve 65 SE MS St\u00e9r\u00e9o Micro-casque sans fil<\/h3>\n<h2 class=\"h2-master\">Un son impressionnant pour les appels et la musique<\/h2>\n<section>L&#8217;<strong>Evolve 65 SE<\/strong>\u00a0de\u00a0<strong>Jabra<\/strong>\u00a0a \u00e9t\u00e9 con\u00e7u pour renforcer votre concentration. C&#8217;est un\u00a0micro-casque sans fil professionnel qui vous offre bien\u00a0plus de libert\u00e9 lorsque vous \u00eates oblig\u00e9 de travailler en open space.<\/p>\n<p>L&#8217;utilisation combin\u00e9e d&#8217;\u00e9couteurs de qualit\u00e9 sup\u00e9rieure et de la voix HD vous procure une clart\u00e9 sonore exceptionnelle pour les appels et la musique, pour collaborer ou vous concentrer \u00e0 tout moment de la journ\u00e9e.<\/p>\n<\/section>\n<section>\n<div class=\"desc-image\"><img decoding=\"async\" src=\"https:\/\/media.ldlc.com\/bo\/images\/fiches\/casque\/jabra\/Evolve_65\/1.jpg\" alt=\"\" \/><\/div>\n<div class=\"desc-text\">\n<h2>RESTEZ FOCUS EN TOUTES CIRCONSTANCES<\/h2>\n<p>Il est souvent difficile de se concentrer dans un open space o\u00f9 r\u00e8gne l&#8217;effervescence. Gr\u00e2ce \u00e0 son\u00a0<strong>design supra-auriculaire et \u00e0 sa technologie de r\u00e9duction de bruit passive (ANC)<\/strong>, l&#8217;Evolve 65 SE vous permet d&#8217;\u00e9liminer les bruits de haute fr\u00e9quence tels que les voix humaines gr\u00e2ce au design unique des coussinets (dispositif de r\u00e9duction de bruit passive)..<\/p>\n<p>En outre, le micro-casque poss\u00e8de un\u00a0<strong>voyant lumineux<\/strong>\u00a0qui s&#8217;allume en rouge afin de signaler \u00e0 votre entourage que vous \u00eates en ligne et que vous ne souhaitez pas \u00eatre d\u00e9rang\u00e9.<\/p>\n<\/div>\n<\/section>\n<section class=\"list\">\n<h2>PRINCIPALES CARACT\u00c9RISTIQUES<\/h2>\n<ul>\n<li><b>Micro-casque professionnel<\/b><\/li>\n<li><strong>R\u00e9duction de bruit passive<\/strong><\/li>\n<li>Voyant lumineux Busylight<\/li>\n<li>Connectivit\u00e9 : Bluetooth \/ USB<\/li>\n<li>Bluetooth 4.0<\/li>\n<li>Port\u00e9e : jusqu&#8217;\u00e0 30 m<\/li>\n<li>Autonomie : jusqu&#8217;\u00e0 14 heures en conversation et 15 jours en veille<\/li>\n<li>Temps de charge : 120 minutes<\/li>\n<li>Certifi\u00e9 Microsoft Teams<\/li>\n<\/ul>\n<\/section>\n","protected":false},"excerpt":{"rendered":"<ul>\n<li><b>Micro-casque professionnel<\/b><\/li>\n<li><strong>R\u00e9duction de bruit passive<\/strong><\/li>\n<li>Voyant lumineux Busylight<\/li>\n<li>Connectivit\u00e9 : Bluetooth \/ USB<\/li>\n<li>Bluetooth 4.0<\/li>\n<li>Port\u00e9e : jusqu&#8217;\u00e0 30 m<\/li>\n<li>Autonomie : jusqu&#8217;\u00e0 14 heures en conversation et 15 jours en veille<\/li>\n<li>Temps de charge : 120 minutes<\/li>\n<li>Certifi\u00e9 Microsoft Teams<\/li>\n<\/ul>\n","protected":false},"featured_media":11061,"comment_status":"open","ping_status":"closed","template":"","meta":{"_acf_changed":false,"_monsterinsights_skip_tracking":false,"_monsterinsights_sitenote_active":false,"_monsterinsights_sitenote_note":"","_monsterinsights_sitenote_category":0,"_uf_show_specific_survey":0,"_uf_disable_surveys":false,"_joinchat":[]},"product_brand":[],"product_cat":[244,344,278],"product_tag":[],"class_list":{"0":"post-11060","1":"product","2":"type-product","3":"status-publish","4":"has-post-thumbnail","6":"product_cat-image-son","7":"product_cat-casque-ecouteur","8":"product_cat-son","10":"first","11":"instock","12":"sale","13":"shipping-taxable","14":"purchasable","15":"product-type-simple"},"acf":[],"jetpack_sharing_enabled":true,"_links":{"self":[{"href":"https:\/\/digistar.ma\/index.php?rest_route=\/wp\/v2\/product\/11060","targetHints":{"allow":["GET"]}}],"collection":[{"href":"https:\/\/digistar.ma\/index.php?rest_route=\/wp\/v2\/product"}],"about":[{"href":"https:\/\/digistar.ma\/index.php?rest_route=\/wp\/v2\/types\/product"}],"replies":[{"embeddable":true,"href":"https:\/\/digistar.ma\/index.php?rest_route=%2Fwp%2Fv2%2Fcomments&post=11060"}],"version-history":[{"count":1,"href":"https:\/\/digistar.ma\/index.php?rest_route=\/wp\/v2\/product\/11060\/revisions"}],"predecessor-version":[{"id":11064,"href":"https:\/\/digistar.ma\/index.php?rest_route=\/wp\/v2\/product\/11060\/revisions\/11064"}],"wp:featuredmedia":[{"embeddable":true,"href":"https:\/\/digistar.ma\/index.php?rest_route=\/wp\/v2\/media\/11061"}],"wp:attachment":[{"href":"https:\/\/digistar.ma\/index.php?rest_route=%2Fwp%2Fv2%2Fmedia&parent=11060"}],"wp:term":[{"taxonomy":"product_brand","embeddable":true,"href":"https:\/\/digistar.ma\/index.php?rest_route=%2Fwp%2Fv2%2Fproduct_brand&post=11060"},{"taxonomy":"product_cat","embeddable":true,"href":"https:\/\/digistar.ma\/index.php?rest_route=%2Fwp%2Fv2%2Fproduct_cat&post=11060"},{"taxonomy":"product_tag","embeddable":true,"href":"https:\/\/digistar.ma\/index.php?rest_route=%2Fwp%2Fv2%2Fproduct_tag&post=11060"}],"curies":[{"name":"wp","href":"https:\/\/api.w.org\/{rel}","templated":true}]}}