{"id":11065,"date":"2024-03-22T01:09:13","date_gmt":"2024-03-22T01:09:13","guid":{"rendered":"https:\/\/digistar.ma\/?post_type=product&#038;p=11065"},"modified":"2024-03-22T01:09:13","modified_gmt":"2024-03-22T01:09:13","slug":"traceur-epson-surecolor-sc-p6500de-24-pouces","status":"publish","type":"product","link":"https:\/\/digistar.ma\/?product=traceur-epson-surecolor-sc-p6500de-24-pouces","title":{"rendered":"Traceur Epson SureColor SC-P6500DE 24 pouces"},"content":{"rendered":"<p><strong>Traceur Epson SureColor SC-P6500DE 24 pouces<\/strong><\/p>\n<p><strong>EPSON SureColor SC-P6500DE<\/strong>\u00a0traceur\u00a0<strong>A1<\/strong>\u00a0destin\u00e9 \u00e0 l&#8217;impression de photos en 24 pouces, d&#8217;affiches et posters, facile d\u2019utilisation offrant des impressions qualitatives en haute productivit\u00e9.<\/p>\n<p>Imprimante id\u00e9ale pour les photographes professionnels labo photo et reprographe avec\u00a0<strong>Double Rouleau<\/strong>.<br \/>\nLes plus du SC P6500DE : Qualit\u00e9 photo au format A1 double rouleau.<\/p>\n<h2>Traceur EPSON SC-P6500DE pour impression Photographie \/ Reprographie au format A1<em><strong><br \/>\n<\/strong><\/em><\/h2>\n<p>SureColor SC-P6500DE A1 est une imprimante commerciale de haute qualit\u00e9 pour les photos et les affiches en 24 pouces, au design compact et contemporain, dot\u00e9e d\u2019une connexion Wi-Fi.<\/p>\n<p>Le design de la SC-P6500DE est \u00e0 la fois moderne et compact. Gr\u00e2ce \u00e0 ses surfaces plates et discr\u00e8tes,\u00a0<strong>elle s\u2019adapte \u00e0 la plupart des environnements de travail<\/strong>.<\/p>\n<p>Les fonctions IT et de s\u00e9curit\u00e9 avanc\u00e9es permettent de g\u00e9rer de fa\u00e7on s\u00e9curis\u00e9e les documents confidentiels. L&#8217;impression haute vitesse et\u00a0<strong>le fonctionnement \u00e0 double rouleau am\u00e9liorent la productivit\u00e9<\/strong>.<\/p>\n<p>Une solution totalement int\u00e9gr\u00e9e, facile d\u2019utilisation offrant des impressions qualitatives, en haute productivit\u00e9. Le design de l\u2019imprimante est discret et compact gr\u00e2ce aux surfaces planes sur le dessus ainsi qu\u2019\u00e0 l\u2019arri\u00e8re, et \u00e0 sa faible profondeur.<\/p>\n<p>La SC-P6500DE int\u00e8gre la t\u00eate d\u2019impression PrecisionCore MicroTFP et les encres pigmentaires 6 couleurs UltraChrome Pro6, comprenant une nouvelle encre grise qui compl\u00e8te l\u2019espace colorim\u00e9trique.<\/p>\n<h3>Rapide et riche en fonctionnalit\u00e9s<\/h3>\n<p>La t\u00eate d\u2019impression PrecisionCore MicroTFP de 2,64 pouces (6,7 cm) imprime jusqu\u2019\u00e0 18 m2\/h en qualit\u00e9 photo. Le syst\u00e8me de double rouleau est dot\u00e9 d\u2019une\u00a0<strong>fonction qui permet de basculer automatiquement entre deux types ou tailles de m\u00e9dias diff\u00e9rents<\/strong>.<\/p>\n<p>De plus, l\u2019enrouleur automatique permet une impression bobine \u00e0 bobine tr\u00e8s productive, et le nouveau syst\u00e8me de chargement automatique du papier par simple d\u00e9p\u00f4t permet aux utilisateurs inexp\u00e9riment\u00e9s de facilement manipuler les diff\u00e9rents m\u00e9dias, y compris les feuilles coup\u00e9es et le papier cartonn\u00e9.<\/p>\n<p>Dot\u00e9e du Wi-Fi pour une installation pratiquement partout.<\/p>\n<h3>Impressions tr\u00e8s d\u00e9taill\u00e9es \u00e0 tous les coups<\/h3>\n<p><strong>La SC-P6500DE garantit des d\u00e9grad\u00e9s subtils et un effet de grain r\u00e9duit<\/strong>\u00a0gr\u00e2ce au jeu d\u2019encres pigmentaires UltraChrome Pro6 6 couleurs, comprenant une nouvelle encre grise qui compl\u00e8te l\u2019espace colorim\u00e9trique.<\/p>\n<p>La qualit\u00e9 d\u2019impression est donc \u00e9quivalente \u00e0 celle des autres imprimantes 8 couleurs.<\/p>\n<p>L\u2019association de la t\u00eate d\u2019impression PrecisionCore MicroTFP, de la technologie \u00e0 taille de gouttes variable et de la technologie de v\u00e9rification des buses garantit des images\u00a0 \u00e9clatantes et de haute qualit\u00e9.<\/p>\n<h3>Caract\u00e9ristiques de s\u00e9curit\u00e9 et de gestion<\/h3>\n<p>La SC-P6500DE pr\u00e9sente des caract\u00e9ristiques de s\u00e9curit\u00e9 et informatiques renforc\u00e9es. Les charges de travail sont \u00e9galement g\u00e9r\u00e9es plus efficacement gr\u00e2ce \u00e0 des applications de suivi de gestion centralis\u00e9es : Epson Cloud Solution PORT et Epson Device Admin<\/p>\n","protected":false},"excerpt":{"rendered":"<ul>\n<li><span class=\"Y2IQFc\" lang=\"fr\">Design compact et contemporain S&#8217;adapte parfaitement \u00e0 la plupart des environnements de travail.<\/span><\/li>\n<li><span class=\"Y2IQFc\" lang=\"fr\">Connectivit\u00e9 Wi-Fi. Cartouches d&#8217;encre polyvalentes 350\/700 ml, <\/span><\/li>\n<li><span class=\"Y2IQFc\" lang=\"fr\">Vitesses d&#8217;impression impressionnantes Imprime jusqu&#8217;\u00e0 18 m2\/h en qualit\u00e9 photo <\/span><\/li>\n<li><span class=\"Y2IQFc\" lang=\"fr\">Fonctionnalit\u00e9s de gestion Epson Cloud Solutions PORT et Epson Device Admin Images \u00e9clatantes et de haute qualit\u00e9 <\/span><\/li>\n<li><span class=\"Y2IQFc\" lang=\"fr\">Qualit\u00e9 8 couleurs provenant d&#8217;une imprimante 6 couleurs<\/span><\/li>\n<\/ul>\n","protected":false},"featured_media":11066,"comment_status":"open","ping_status":"closed","template":"","meta":{"_acf_changed":false,"_monsterinsights_skip_tracking":false,"_monsterinsights_sitenote_active":false,"_monsterinsights_sitenote_note":"","_monsterinsights_sitenote_category":0,"_uf_show_specific_survey":0,"_uf_disable_surveys":false,"_joinchat":[]},"product_brand":[],"product_cat":[15,380,384,272],"product_tag":[],"class_list":{"0":"post-11065","1":"product","2":"type-product","3":"status-publish","4":"has-post-thumbnail","6":"product_cat-imprimante-scanner","7":"product_cat-epson","8":"product_cat-fournitures-dimpression","9":"product_cat-traceur","11":"first","12":"instock","13":"sale","14":"shipping-taxable","15":"purchasable","16":"product-type-simple"},"acf":[],"jetpack_sharing_enabled":true,"_links":{"self":[{"href":"https:\/\/digistar.ma\/index.php?rest_route=\/wp\/v2\/product\/11065","targetHints":{"allow":["GET"]}}],"collection":[{"href":"https:\/\/digistar.ma\/index.php?rest_route=\/wp\/v2\/product"}],"about":[{"href":"https:\/\/digistar.ma\/index.php?rest_route=\/wp\/v2\/types\/product"}],"replies":[{"embeddable":true,"href":"https:\/\/digistar.ma\/index.php?rest_route=%2Fwp%2Fv2%2Fcomments&post=11065"}],"version-history":[{"count":1,"href":"https:\/\/digistar.ma\/index.php?rest_route=\/wp\/v2\/product\/11065\/revisions"}],"predecessor-version":[{"id":11070,"href":"https:\/\/digistar.ma\/index.php?rest_route=\/wp\/v2\/product\/11065\/revisions\/11070"}],"wp:featuredmedia":[{"embeddable":true,"href":"https:\/\/digistar.ma\/index.php?rest_route=\/wp\/v2\/media\/11066"}],"wp:attachment":[{"href":"https:\/\/digistar.ma\/index.php?rest_route=%2Fwp%2Fv2%2Fmedia&parent=11065"}],"wp:term":[{"taxonomy":"product_brand","embeddable":true,"href":"https:\/\/digistar.ma\/index.php?rest_route=%2Fwp%2Fv2%2Fproduct_brand&post=11065"},{"taxonomy":"product_cat","embeddable":true,"href":"https:\/\/digistar.ma\/index.php?rest_route=%2Fwp%2Fv2%2Fproduct_cat&post=11065"},{"taxonomy":"product_tag","embeddable":true,"href":"https:\/\/digistar.ma\/index.php?rest_route=%2Fwp%2Fv2%2Fproduct_tag&post=11065"}],"curies":[{"name":"wp","href":"https:\/\/api.w.org\/{rel}","templated":true}]}}