{"id":11071,"date":"2024-03-22T03:03:58","date_gmt":"2024-03-22T03:03:58","guid":{"rendered":"https:\/\/digistar.ma\/?post_type=product&#038;p=11071"},"modified":"2024-03-22T03:03:58","modified_gmt":"2024-03-22T03:03:58","slug":"traceur-epson-surecolor-sc-p8500d-44-pouces","status":"publish","type":"product","link":"https:\/\/digistar.ma\/?product=traceur-epson-surecolor-sc-p8500d-44-pouces","title":{"rendered":"Traceur Epson SureColor SC-P8500D 44 pouces"},"content":{"rendered":"<p><strong>Traceur Epson SureColor SC-P8500D 44 pouces<\/strong><\/p>\n<p><strong>EPSON SureColor SC-P8500D<\/strong>\u00a0traceur destin\u00e9 \u00e0 l&#8217;impression de photos, d&#8217;affiches et posters, facile d\u2019utilisation offrant des impressions qualitatives en haute productivit\u00e9.<\/p>\n<p>Imprimante id\u00e9ale pour les photographes professionnels labo photo et reprographe avec\u00a0<strong>PostScript<\/strong>.<\/p>\n<p>Les plus du SC P8500D : Peut imprimer jusqu\u2019\u00e0 18 m2\/h en qualit\u00e9 photo.<\/p>\n<h2>Traceur EPSON SC-P8500D pour impression Photographie \/ Reprographie<em><strong><br \/>\n<\/strong><\/em><\/h2>\n<h3>SureColor SC-P8500D est une imprimante commerciale de haute qualit\u00e9 pour les photos et les affiches, au design compact et contemporain, dot\u00e9e d\u2019une connexion Wi-Fi.<\/h3>\n<p>Le design de la SC-P8500D est \u00e0 la fois moderne et compact.<\/p>\n<p>Gr\u00e2ce \u00e0 ses surfaces plates et discr\u00e8tes,\u00a0<strong>elle s\u2019adapte \u00e0 la plupart des environnements de travail<\/strong>. Les fonctions IT et de s\u00e9curit\u00e9 avanc\u00e9es permettent de g\u00e9rer de fa\u00e7on s\u00e9curis\u00e9e les documents confidentiels. L&#8217;impression haute vitesse et\u00a0<strong>le fonctionnement \u00e0 double rouleau am\u00e9liorent la productivit\u00e9<\/strong>.<\/p>\n<p>Une solution totalement int\u00e9gr\u00e9e, facile d\u2019utilisation offrant des impressions qualitatives, en haute productivit\u00e9. Le design de l\u2019imprimante est discret et compact gr\u00e2ce aux surfaces planes sur le dessus ainsi qu\u2019\u00e0 l\u2019arri\u00e8re, et \u00e0 sa faible profondeur.<\/p>\n<p>La SC-P8500D int\u00e8gre la t\u00eate d\u2019impression PrecisionCore MicroTFP et les encres pigmentaires 6 couleurs UltraChrome Pro6, comprenant une nouvelle encre grise qui compl\u00e8te l\u2019espace colorim\u00e9trique.<\/p>\n<h3>Rapide et riche en fonctionnalit\u00e9s<\/h3>\n<p>La t\u00eate d\u2019impression PrecisionCore MicroTFP de 2,64 pouces (6,7 cm) imprime jusqu\u2019\u00e0 18 m2\/h en qualit\u00e9 photo. Le syst\u00e8me de double rouleau est dot\u00e9 d\u2019une\u00a0<strong>fonction qui permet de basculer automatiquement entre deux types ou tailles de m\u00e9dias diff\u00e9rents<\/strong>.<\/p>\n<p>De plus, l\u2019enrouleur automatique permet une impression bobine \u00e0 bobine tr\u00e8s productive, et le nouveau syst\u00e8me de chargement automatique du papier par simple d\u00e9p\u00f4t permet aux utilisateurs inexp\u00e9riment\u00e9s de facilement manipuler les diff\u00e9rents m\u00e9dias, y compris les feuilles coup\u00e9es et le papier cartonn\u00e9.<\/p>\n<p>Dot\u00e9e du Wi-Fi pour une installation pratiquement partout.<\/p>\n<h3>Impressions tr\u00e8s d\u00e9taill\u00e9es \u00e0 tous les coups<\/h3>\n<p><strong>La SC-P8500D garantit des d\u00e9grad\u00e9s subtils et un effet de grain r\u00e9duit<\/strong>\u00a0gr\u00e2ce au jeu d\u2019encres pigmentaires UltraChrome Pro6 6 couleurs, comprenant une nouvelle encre grise qui compl\u00e8te l\u2019espace colorim\u00e9trique. La qualit\u00e9 d\u2019impression est donc \u00e9quivalente \u00e0 celle des autres imprimantes 8 couleurs.<\/p>\n<p>L\u2019association de la t\u00eate d\u2019impression PrecisionCore MicroTFP, de la technologie \u00e0 taille de gouttes variable et de la technologie de v\u00e9rification des buses garantit des images\u00a0 \u00e9clatantes et de haute qualit\u00e9.<\/p>\n<p><strong>L\u2019imprimante\u00a0<\/strong><strong>est \u00e9galement \u00e9quip\u00e9e d\u2019Adobe PS 3 qui permet des temps de traitement plus rapides pour la reproduction des images les plus complexes<\/strong>.<\/p>\n<h3>Caract\u00e9ristiques de s\u00e9curit\u00e9 et de gestion<\/h3>\n<p>La SC-P8500D pr\u00e9sente des caract\u00e9ristiques de s\u00e9curit\u00e9 et informatiques renforc\u00e9es. Les charges de travail sont \u00e9galement g\u00e9r\u00e9es plus efficacement gr\u00e2ce \u00e0 des applications de suivi de gestion centralis\u00e9es : Epson Cloud Solution PORT et Epson Device Admin<\/p>\n<p><a class=\"wfpopup wf-zoom-image\" href=\"https:\/\/www.materiel-grand-format.fr\/images\/stories\/sources\/srcarticles\/surecolor\/presentation-fonctions-sc-t7700D.webp\" data-mediabox-title=\"Tour d&#039;horizon SC-P8500D\" target=\"_blank\" rel=\"noopener\"><img fetchpriority=\"high\" decoding=\"async\" class=\" jspeed-img-lazyloaded\" dir=\"ltr\" src=\"https:\/\/www.materiel-grand-format.fr\/images\/stories\/sources\/srcarticles\/surecolor\/thumbnails\/thumb_presentation-fonctions-sc-t7700D.webp\" alt=\"presentation fonctions sc t7700D\" width=\"932\" height=\"396\" data-jspeed-lazyload=\"1\" data-src=\"\/images\/stories\/sources\/srcarticles\/surecolor\/thumbnails\/thumb_presentation-fonctions-sc-t7700D.webp\" \/><\/a><\/p>\n","protected":false},"excerpt":{"rendered":"<ul class=\"features\">\n<li><strong>Design compact et contemporain<\/strong>\u00a0S\u2019adapte parfaitement \u00e0 la plupart des environnements de travail. Connexion Wi-Fi.<\/li>\n<li><strong>Polyvalence<\/strong>\u00a0Double rouleau, enrouleur, commutation automatique des supports, cartouches d\u2019encre 350\/700\u00a0ml,<\/li>\n<li><strong>Vitesses d\u2019impression remarquables<\/strong>\u00a0Peut imprimer jusqu\u2019\u00e0 18\u00a0m<sup>2<\/sup>\/h en qualit\u00e9 photo.<\/li>\n<li><strong>Caract\u00e9ristiques de gestion<\/strong>\u00a0Epson\u00a0Cloud\u00a0Solution\u00a0PORT et Epson\u00a0Device\u00a0Admin<\/li>\n<li><strong>Impression d\u2019images \u00e9clatantes et de haute qualit\u00e9<\/strong>\u00a0Une imprimante 6\u00a0couleurs avec les qualit\u00e9s d\u2019une imprimante 8\u00a0couleurs<\/li>\n<\/ul>\n","protected":false},"featured_media":11072,"comment_status":"open","ping_status":"closed","template":"","meta":{"_acf_changed":false,"_monsterinsights_skip_tracking":false,"_monsterinsights_sitenote_active":false,"_monsterinsights_sitenote_note":"","_monsterinsights_sitenote_category":0,"_uf_show_specific_survey":0,"_uf_disable_surveys":false,"_joinchat":[]},"product_brand":[],"product_cat":[15,253,272],"product_tag":[],"class_list":{"0":"post-11071","1":"product","2":"type-product","3":"status-publish","4":"has-post-thumbnail","6":"product_cat-imprimante-scanner","7":"product_cat-imprimante","8":"product_cat-traceur","10":"first","11":"instock","12":"sale","13":"shipping-taxable","14":"purchasable","15":"product-type-simple"},"acf":[],"jetpack_sharing_enabled":true,"_links":{"self":[{"href":"https:\/\/digistar.ma\/index.php?rest_route=\/wp\/v2\/product\/11071","targetHints":{"allow":["GET"]}}],"collection":[{"href":"https:\/\/digistar.ma\/index.php?rest_route=\/wp\/v2\/product"}],"about":[{"href":"https:\/\/digistar.ma\/index.php?rest_route=\/wp\/v2\/types\/product"}],"replies":[{"embeddable":true,"href":"https:\/\/digistar.ma\/index.php?rest_route=%2Fwp%2Fv2%2Fcomments&post=11071"}],"version-history":[{"count":1,"href":"https:\/\/digistar.ma\/index.php?rest_route=\/wp\/v2\/product\/11071\/revisions"}],"predecessor-version":[{"id":11079,"href":"https:\/\/digistar.ma\/index.php?rest_route=\/wp\/v2\/product\/11071\/revisions\/11079"}],"wp:featuredmedia":[{"embeddable":true,"href":"https:\/\/digistar.ma\/index.php?rest_route=\/wp\/v2\/media\/11072"}],"wp:attachment":[{"href":"https:\/\/digistar.ma\/index.php?rest_route=%2Fwp%2Fv2%2Fmedia&parent=11071"}],"wp:term":[{"taxonomy":"product_brand","embeddable":true,"href":"https:\/\/digistar.ma\/index.php?rest_route=%2Fwp%2Fv2%2Fproduct_brand&post=11071"},{"taxonomy":"product_cat","embeddable":true,"href":"https:\/\/digistar.ma\/index.php?rest_route=%2Fwp%2Fv2%2Fproduct_cat&post=11071"},{"taxonomy":"product_tag","embeddable":true,"href":"https:\/\/digistar.ma\/index.php?rest_route=%2Fwp%2Fv2%2Fproduct_tag&post=11071"}],"curies":[{"name":"wp","href":"https:\/\/api.w.org\/{rel}","templated":true}]}}