{"id":11086,"date":"2024-03-27T05:33:38","date_gmt":"2024-03-27T05:33:38","guid":{"rendered":"https:\/\/digistar.ma\/?post_type=product&#038;p=11086"},"modified":"2024-03-27T05:34:48","modified_gmt":"2024-03-27T05:34:48","slug":"unomat-papier-photo-20x30-a4-glossy-jet-dencre","status":"publish","type":"product","link":"https:\/\/digistar.ma\/?product=unomat-papier-photo-20x30-a4-glossy-jet-dencre","title":{"rendered":"Unomat Papier Photo 20\u00d730 A4 Glossy Jet d&#8217;encre"},"content":{"rendered":"<p><strong>Unomat Papier Photo 20\u00d730 A4 Glossy Jet d&#8217;encre<\/strong><\/p>\n<section id=\"comp-kcc901dw2\" class=\"comp-kcc901dw2 CohWsy wixui-column-strip\">\n<div class=\"V5AUxf\" data-testid=\"columns\">\n<div id=\"comp-kcc901dw3\" class=\"comp-kcc901dw3 YzqVVZ wixui-column-strip__column\">\n<div class=\"\" data-mesh-id=\"comp-kcc901dw3inlineContent\" data-testid=\"inline-content\">\n<div data-mesh-id=\"comp-kcc901dw3inlineContent-gridContainer\" data-testid=\"mesh-container-content\">\n<div id=\"comp-kcc901dw5\" class=\"BaOVQ8 tz5f0K comp-kcc901dw5 wixui-rich-text\" data-testid=\"richTextElement\" data-angle=\"0\" data-angle-style-location=\"style\" data-screen-in-hide=\"done\">\n<p class=\"font_7 wixui-rich-text__text\"><span class=\"color_15 wixui-rich-text__text\">Le papier photo jet d\u2019encre Unomat est unique en son genre.\u00a0Nous vous aidons \u00e0 \u00ab imprimer \u00bb vos beaux souvenirs sur un morceau de papier de haute qualit\u00e9.<\/span><\/p>\n<\/div>\n<\/div>\n<\/div>\n<\/div>\n<\/div>\n<\/section>\n<p>Papier Photo 20 x 30 cm brillant 260 g\/m\u00b2, id\u00e9al pour imprimer des photos en couleurs sur des imprimantes \u00e0 jet d\u2019encre, ayant une particularit\u00e9 de s\u00e9chage rapide et r\u00e9sistance \u00e0 l\u2019eau.<\/p>\n<p>Donnez un aspect professionnel \u00e0 vos photos avec une finition brillante saisissante<\/p>\n<p>D\u00e9velopp\u00e9 pour fonctionner parfaitement avec les imprimante jet d\u2019encre ; HP, Epson, Canon \u2026.<\/p>\n<p>Imprimez vos souvenirs les plus chers sur le nouveau papier photo HP et obtenez de superbes r\u00e9sultats, avec le garantie d\u2019une longue dur\u00e9e dans le temps.<\/p>\n<p>Impressions de qualit\u00e9 professionnelle, couleurs satur\u00e9es et \u00e9clatantes SUR PAPIER FINI BRILLANT.<\/p>\n<p>Les photos durables s\u00e8chent rapidement, de sorte qu\u2019elles peuvent \u00eatre manipul\u00e9es imm\u00e9diatement apr\u00e8s l\u2019impression sans bavures ni bavures\u00a01.<\/p>\n<p>Papier \u00e9pais et solide qui r\u00e9siste \u00e0 une manipulation brutale.<\/p>\n<p>POUR L\u2019IMPRESSION DE PHOTOS SANS BORD IMPERM\u00c9ABLE COMPATIBLE AVEC TOUTES LES IMPRIMANTES JET D\u2019ENCRE<\/p>\n<h4><strong>Caract\u00e9ristiques Unomat Papier Photo 20\u00d730 A4 Glossy Jet d&#8217;encre<\/strong><\/h4>\n<ul>\n<li>Mat\u00e9riau: papier;<\/li>\n<li>Taille du papier: <strong>20\u00d730 A4<\/strong><\/li>\n<li>Couleur: blanc;<\/li>\n<li>Type de finition du papier: brillant RC;<\/li>\n<li>Convient pour: les impressions \u00e0 jet d\u2019encre.<\/li>\n<\/ul>\n","protected":false},"excerpt":{"rendered":"<ul class=\"a-unordered-list a-vertical a-spacing-mini\">\n<li class=\"a-spacing-mini\"><span class=\"a-list-item\">20 feuilles<\/span><\/li>\n<li class=\"a-spacing-mini\"><span class=\"a-list-item\">Densit\u00e9 du papier : 260 g\/m\u00b2<\/span><\/li>\n<li class=\"a-spacing-mini\"><span class=\"a-list-item\">Format du papier : 20*30<\/span><\/li>\n<li class=\"a-spacing-mini\"><span class=\"a-list-item\">Couleur blanche<\/span><\/li>\n<li>100% compatible avec Epson \u2013 Canon etc. Toutes les imprimantes \u00e0 jet d\u2019encre.<\/li>\n<\/ul>\n","protected":false},"featured_media":11087,"comment_status":"open","ping_status":"closed","template":"","meta":{"_acf_changed":false,"_monsterinsights_skip_tracking":false,"_monsterinsights_sitenote_active":false,"_monsterinsights_sitenote_note":"","_monsterinsights_sitenote_category":0,"_uf_show_specific_survey":0,"_uf_disable_surveys":false,"_joinchat":[]},"product_brand":[],"product_cat":[384,238,249,387],"product_tag":[],"class_list":{"0":"post-11086","1":"product","2":"type-product","3":"status-publish","4":"has-post-thumbnail","6":"product_cat-fournitures-dimpression","7":"product_cat-consommables","8":"product_cat-papier","9":"product_cat-papier-photo","11":"first","12":"instock","13":"sale","14":"shipping-taxable","15":"purchasable","16":"product-type-simple"},"acf":[],"jetpack_sharing_enabled":true,"_links":{"self":[{"href":"https:\/\/digistar.ma\/index.php?rest_route=\/wp\/v2\/product\/11086","targetHints":{"allow":["GET"]}}],"collection":[{"href":"https:\/\/digistar.ma\/index.php?rest_route=\/wp\/v2\/product"}],"about":[{"href":"https:\/\/digistar.ma\/index.php?rest_route=\/wp\/v2\/types\/product"}],"replies":[{"embeddable":true,"href":"https:\/\/digistar.ma\/index.php?rest_route=%2Fwp%2Fv2%2Fcomments&post=11086"}],"version-history":[{"count":1,"href":"https:\/\/digistar.ma\/index.php?rest_route=\/wp\/v2\/product\/11086\/revisions"}],"predecessor-version":[{"id":11090,"href":"https:\/\/digistar.ma\/index.php?rest_route=\/wp\/v2\/product\/11086\/revisions\/11090"}],"wp:featuredmedia":[{"embeddable":true,"href":"https:\/\/digistar.ma\/index.php?rest_route=\/wp\/v2\/media\/11087"}],"wp:attachment":[{"href":"https:\/\/digistar.ma\/index.php?rest_route=%2Fwp%2Fv2%2Fmedia&parent=11086"}],"wp:term":[{"taxonomy":"product_brand","embeddable":true,"href":"https:\/\/digistar.ma\/index.php?rest_route=%2Fwp%2Fv2%2Fproduct_brand&post=11086"},{"taxonomy":"product_cat","embeddable":true,"href":"https:\/\/digistar.ma\/index.php?rest_route=%2Fwp%2Fv2%2Fproduct_cat&post=11086"},{"taxonomy":"product_tag","embeddable":true,"href":"https:\/\/digistar.ma\/index.php?rest_route=%2Fwp%2Fv2%2Fproduct_tag&post=11086"}],"curies":[{"name":"wp","href":"https:\/\/api.w.org\/{rel}","templated":true}]}}