{"id":11111,"date":"2024-03-29T00:07:51","date_gmt":"2024-03-29T00:07:51","guid":{"rendered":"https:\/\/digistar.ma\/?post_type=product&#038;p=11111"},"modified":"2024-06-07T16:06:08","modified_gmt":"2024-06-07T16:06:08","slug":"massicot-electrique-professionnel-450vs","status":"publish","type":"product","link":"https:\/\/digistar.ma\/?product=massicot-electrique-professionnel-450vs","title":{"rendered":"Massicot \u00e9lectrique professionnel 450VS"},"content":{"rendered":"<p><strong>Massicot \u00e9lectrique professionnel 450VS<\/strong><\/p>\n<p>Ce massicot \u00e9lectrique A3 est l&#8217;outil parfait pour la coupe de blocs de papier \u00e9pais !<\/p>\n<p>En effet, con\u00e7u pour couper des feuilles de papier, des livres et albums photos, ce massicot \u00e9lectrique est compos\u00e9 d&#8217;un circuit de commande num\u00e9rique, de ce fait la taille de coupe peut \u00eatre r\u00e9gl\u00e9e \u00e0 volont\u00e9 et avec pr\u00e9cision.<\/p>\n<p>Ce massicot m\u00e9tallique enti\u00e8rement programmable avec coupe et presse automatique, propose un niveau de s\u00e9curit\u00e9 \u00e9lev\u00e9 et une visualisation parfaite de l\u2019op\u00e9ration de coupe coupe en grande quantit\u00e9 tous vos documents jusqu\u2019\u00e0 450 mm (soit plus qu\u2019un format A3 )<\/p>\n<h4>Caract\u00e9ristiques de Massicot \u00e9lectrique professionnel 450VS<\/h4>\n<ul class=\"attributes\">\n<li>Massicot \u00e9lectrique A3<\/li>\n<li>Longueur de coupe mm : 450 mm<\/li>\n<li>Capacit\u00e9 de coupe : 300 feuilles (70 g\/m\u00b2)<\/li>\n<li>Retour automatique de la lame<\/li>\n<li>\u00a0Protection par cellule photo-\u00e9lectrique.<\/li>\n<\/ul>\n","protected":false},"excerpt":{"rendered":"<ul class=\"attributes\">\n<li>Massicot \u00e9lectrique A3<\/li>\n<li>Longueur de coupe mm : 450 mm<\/li>\n<li>Capacit\u00e9 de coupe : 300 feuilles (70 g\/m\u00b2)<\/li>\n<li>Retour automatique de la lame<\/li>\n<li>\u00a0Protection par cellule photo-\u00e9lectrique.<\/li>\n<\/ul>\n","protected":false},"featured_media":11112,"comment_status":"open","ping_status":"closed","template":"","meta":{"_acf_changed":false,"_monsterinsights_skip_tracking":false,"_monsterinsights_sitenote_active":false,"_monsterinsights_sitenote_note":"","_monsterinsights_sitenote_category":0,"_uf_show_specific_survey":0,"_uf_disable_surveys":false,"_joinchat":[]},"product_brand":[],"product_cat":[384],"product_tag":[],"class_list":{"0":"post-11111","1":"product","2":"type-product","3":"status-publish","4":"has-post-thumbnail","6":"product_cat-fournitures-dimpression","8":"first","9":"instock","10":"sale","11":"shipping-taxable","12":"purchasable","13":"product-type-simple"},"acf":[],"jetpack_sharing_enabled":true,"_links":{"self":[{"href":"https:\/\/digistar.ma\/index.php?rest_route=\/wp\/v2\/product\/11111","targetHints":{"allow":["GET"]}}],"collection":[{"href":"https:\/\/digistar.ma\/index.php?rest_route=\/wp\/v2\/product"}],"about":[{"href":"https:\/\/digistar.ma\/index.php?rest_route=\/wp\/v2\/types\/product"}],"replies":[{"embeddable":true,"href":"https:\/\/digistar.ma\/index.php?rest_route=%2Fwp%2Fv2%2Fcomments&post=11111"}],"version-history":[{"count":1,"href":"https:\/\/digistar.ma\/index.php?rest_route=\/wp\/v2\/product\/11111\/revisions"}],"predecessor-version":[{"id":11115,"href":"https:\/\/digistar.ma\/index.php?rest_route=\/wp\/v2\/product\/11111\/revisions\/11115"}],"wp:featuredmedia":[{"embeddable":true,"href":"https:\/\/digistar.ma\/index.php?rest_route=\/wp\/v2\/media\/11112"}],"wp:attachment":[{"href":"https:\/\/digistar.ma\/index.php?rest_route=%2Fwp%2Fv2%2Fmedia&parent=11111"}],"wp:term":[{"taxonomy":"product_brand","embeddable":true,"href":"https:\/\/digistar.ma\/index.php?rest_route=%2Fwp%2Fv2%2Fproduct_brand&post=11111"},{"taxonomy":"product_cat","embeddable":true,"href":"https:\/\/digistar.ma\/index.php?rest_route=%2Fwp%2Fv2%2Fproduct_cat&post=11111"},{"taxonomy":"product_tag","embeddable":true,"href":"https:\/\/digistar.ma\/index.php?rest_route=%2Fwp%2Fv2%2Fproduct_tag&post=11111"}],"curies":[{"name":"wp","href":"https:\/\/api.w.org\/{rel}","templated":true}]}}