{"id":11116,"date":"2024-03-29T00:40:10","date_gmt":"2024-03-29T00:40:10","guid":{"rendered":"https:\/\/digistar.ma\/?post_type=product&#038;p=11116"},"modified":"2024-03-29T00:41:32","modified_gmt":"2024-03-29T00:41:32","slug":"massicot-electrique-professionnel-4606t","status":"publish","type":"product","link":"https:\/\/digistar.ma\/?product=massicot-electrique-professionnel-4606t","title":{"rendered":"Massicot \u00e9lectrique professionnel 4606T"},"content":{"rendered":"<p><strong>Massicot \u00e9lectrique professionnel 4606T<\/strong><\/p>\n<p>Ce massicot m\u00e9tallique enti\u00e8rement programmable avec coupe et presse automatique, propose un niveau de s\u00e9curit\u00e9 \u00e9lev\u00e9 et une visualisation parfaite de l\u2019op\u00e9ration de coupe<\/p>\n<p>Coupe en grande quantit\u00e9 tous vos documents jusqu\u2019\u00e0 460 mm (soit plus qu\u2019un format A3+)<\/p>\n<p><img fetchpriority=\"high\" decoding=\"async\" class=\"alignnone wp-image-11119\" src=\"https:\/\/digistar.ma\/wp-content\/uploads\/2024\/03\/Design-sans-titre-43-300x300.jpg\" alt=\"Massicot \u00e9lectrique professionnel 4606T\" width=\"479\" height=\"479\" srcset=\"https:\/\/digistar.ma\/wp-content\/uploads\/2024\/03\/Design-sans-titre-43-300x300.jpg 300w, https:\/\/digistar.ma\/wp-content\/uploads\/2024\/03\/Design-sans-titre-43-1024x1024.jpg 1024w, https:\/\/digistar.ma\/wp-content\/uploads\/2024\/03\/Design-sans-titre-43-150x150.jpg 150w, https:\/\/digistar.ma\/wp-content\/uploads\/2024\/03\/Design-sans-titre-43-768x768.jpg 768w, https:\/\/digistar.ma\/wp-content\/uploads\/2024\/03\/Design-sans-titre-43-1536x1536.jpg 1536w, https:\/\/digistar.ma\/wp-content\/uploads\/2024\/03\/Design-sans-titre-43-600x600.jpg 600w, https:\/\/digistar.ma\/wp-content\/uploads\/2024\/03\/Design-sans-titre-43-100x100.jpg 100w, https:\/\/digistar.ma\/wp-content\/uploads\/2024\/03\/Design-sans-titre-43.jpg 2000w\" sizes=\"(max-width: 479px) 100vw, 479px\" \/><\/p>\n<h3>CARACTERISTIQUES TECHNIQUES<\/h3>\n<table id=\"product-attribute-specs-table-1\" class=\"data-table\">\n<colgroup>\n<col width=\"25%\" \/>\n<col \/><\/colgroup>\n<tbody>\n<tr class=\"first odd\">\n<th>D\u00e9signation<\/th>\n<td><a href=\"https:\/\/digistar.ma\/?product=massicot-electrique-professionnel-4606t\">4606T\u00a0<\/a> sur stand<\/td>\n<\/tr>\n<tr class=\"even\">\n<th>Marque<\/th>\n<td>china bonne r\u00e9f\u00e9rence<\/td>\n<\/tr>\n<tr class=\"odd\">\n<th>Garantie<\/th>\n<td>1 ans<\/td>\n<\/tr>\n<tr class=\"even\">\n<th>Longueur de coupe mm<\/th>\n<td>460 mm<\/td>\n<\/tr>\n<tr class=\"even\">\n<th>Capacit\u00e9 de coupe<\/th>\n<td>400 feuilles (70 g\/m\u00b2)<\/td>\n<\/tr>\n<tr class=\"odd\">\n<th>Capacit\u00e9 de coupe mm<\/th>\n<td>40 mm<\/td>\n<\/tr>\n<tr class=\"even\">\n<th>Profondeur de la table<\/th>\n<td>435 mm<\/td>\n<\/tr>\n<tr class=\"odd\">\n<th>Coupe minimale<\/th>\n<td>40mm<\/td>\n<\/tr>\n<tr class=\"odd\">\n<th>Type de coupe<\/th>\n<td>Electrique<\/td>\n<\/tr>\n<tr class=\"even\">\n<th>Dispositif de pression<\/th>\n<td>Electrique<\/td>\n<\/tr>\n<tr class=\"odd\">\n<th>Equipement de s\u00e9curit\u00e9<\/th>\n<td>Sensor de haute sensibilit\u00e9<\/td>\n<\/tr>\n<tr class=\"even\">\n<th>Alimentation<\/th>\n<td>230 V \/ 50 Hz<\/td>\n<\/tr>\n<tr class=\"odd\">\n<th>Puissance<\/th>\n<td>1200 W<\/td>\n<\/tr>\n<tr class=\"even\">\n<th>Couleur<\/th>\n<td>grise<\/td>\n<\/tr>\n<tr class=\"odd\">\n<th>Dimensions<\/th>\n<td>935*620*1235 mm(Longueur x largeur x hauteur en mm)<\/td>\n<\/tr>\n<tr class=\"last even\">\n<th>Poids (en kg)<\/th>\n<td>130kg<\/td>\n<\/tr>\n<\/tbody>\n<\/table>\n","protected":false},"excerpt":{"rendered":"<ul class=\"attributes\">\n<li>Massicot \u00e9lectrique A3+<\/li>\n<li>Longueur de coupe mm : 460 mm<\/li>\n<li>Capacit\u00e9 de coupe : 400 feuilles (70 g\/m\u00b2)<\/li>\n<li>Retour automatique de la lame<\/li>\n<li>\u00a0Protection par cellule photo-\u00e9lectrique.<\/li>\n<\/ul>\n","protected":false},"featured_media":11117,"comment_status":"open","ping_status":"closed","template":"","meta":{"_acf_changed":false,"_monsterinsights_skip_tracking":false,"_monsterinsights_sitenote_active":false,"_monsterinsights_sitenote_note":"","_monsterinsights_sitenote_category":0,"_uf_show_specific_survey":0,"_uf_disable_surveys":false,"_joinchat":[]},"product_brand":[],"product_cat":[384],"product_tag":[],"class_list":{"0":"post-11116","1":"product","2":"type-product","3":"status-publish","4":"has-post-thumbnail","6":"product_cat-fournitures-dimpression","8":"first","9":"instock","10":"sale","11":"shipping-taxable","12":"purchasable","13":"product-type-simple"},"acf":[],"jetpack_sharing_enabled":true,"_links":{"self":[{"href":"https:\/\/digistar.ma\/index.php?rest_route=\/wp\/v2\/product\/11116","targetHints":{"allow":["GET"]}}],"collection":[{"href":"https:\/\/digistar.ma\/index.php?rest_route=\/wp\/v2\/product"}],"about":[{"href":"https:\/\/digistar.ma\/index.php?rest_route=\/wp\/v2\/types\/product"}],"replies":[{"embeddable":true,"href":"https:\/\/digistar.ma\/index.php?rest_route=%2Fwp%2Fv2%2Fcomments&post=11116"}],"version-history":[{"count":3,"href":"https:\/\/digistar.ma\/index.php?rest_route=\/wp\/v2\/product\/11116\/revisions"}],"predecessor-version":[{"id":11123,"href":"https:\/\/digistar.ma\/index.php?rest_route=\/wp\/v2\/product\/11116\/revisions\/11123"}],"wp:featuredmedia":[{"embeddable":true,"href":"https:\/\/digistar.ma\/index.php?rest_route=\/wp\/v2\/media\/11117"}],"wp:attachment":[{"href":"https:\/\/digistar.ma\/index.php?rest_route=%2Fwp%2Fv2%2Fmedia&parent=11116"}],"wp:term":[{"taxonomy":"product_brand","embeddable":true,"href":"https:\/\/digistar.ma\/index.php?rest_route=%2Fwp%2Fv2%2Fproduct_brand&post=11116"},{"taxonomy":"product_cat","embeddable":true,"href":"https:\/\/digistar.ma\/index.php?rest_route=%2Fwp%2Fv2%2Fproduct_cat&post=11116"},{"taxonomy":"product_tag","embeddable":true,"href":"https:\/\/digistar.ma\/index.php?rest_route=%2Fwp%2Fv2%2Fproduct_tag&post=11116"}],"curies":[{"name":"wp","href":"https:\/\/api.w.org\/{rel}","templated":true}]}}