{"id":11124,"date":"2024-03-29T01:02:12","date_gmt":"2024-03-29T01:02:12","guid":{"rendered":"https:\/\/digistar.ma\/?post_type=product&#038;p=11124"},"modified":"2025-08-06T04:45:15","modified_gmt":"2025-08-06T04:45:15","slug":"massicot-manuel-a3","status":"publish","type":"product","link":"https:\/\/digistar.ma\/?product=massicot-manuel-a3","title":{"rendered":"Massicot manuel A3 +"},"content":{"rendered":"<h3 class=\"product_title entry-title\">Massicot manuel A3 +<\/h3>\n<p>Ce massicot de grande qualit\u00e9 offre une excellente pr\u00e9cision de coupe. D\u00e8s la sortie de sa bo\u00eete, vous remarquerez la qualit\u00e9 de cette machine. Vous pouvez l&#8217;utiliser sur votre bureau ou sur son support optionnel.<\/p>\n<p>La lame est en acier tremp\u00e9, tr\u00e8s nette, longue de 43cm.<\/p>\n<p>Ce massicot peut facilement d\u00e9couper une pile de 200 feuilles de papier de 80 grammes et d&#8217; hauteur d&#8217;environ 4cm sans efforts.<\/p>\n<p>Ce massicot enti\u00e8rement m\u00e9tallique propose un niveau de s\u00e9curit\u00e9 \u00e9lev\u00e9 et une visualisation parfaite de l\u2019op\u00e9ration de coupe coupe en grande quantit\u00e9 tous vos documents jusqu\u2019\u00e0 430 mm\u00a0(soit plus qu\u2019un\u00a0format A3 )<\/p>\n<p>La dur\u00e9e de vie de la lame est estim\u00e9e \u00e0 des centaines voire des milliers de coupes.<\/p>\n<p>Toutefois, si jamais vous avez besoin de remplacer la lame, ce massicot est con\u00e7u de telle mani\u00e8re qu&#8217;il est tr\u00e8s facile de la remplacer, contrairement \u00e0 d&#8217;autres cisailles o\u00f9 la lame est difficilement accessible et n\u00e9cessite donc le retour chez le fabricant pour son remplacement.<\/p>\n<p>Ainsi, notre massicot est livr\u00e9 avec une poign\u00e9e pour tenir la lame et la remplacer en toute s\u00e9curit\u00e9.<\/p>\n<p>Massicot manuel A3 +\u00a0est id\u00e9al pour les services reprographie ou informatique des administrations et\/ou des entreprises et \u00e9galement pour les imprimeurs\/reprographes.<\/p>\n","protected":false},"excerpt":{"rendered":"<ul class=\"attributes\">\n<li>Longueur de coupe mm : 430 mm<\/li>\n<li>Capacit\u00e9 de coupe : 200 feuilles (70 g\/m\u00b2)<\/li>\n<li>Type de coupe : Manuelle par levier<\/li>\n<li>Robuste<\/li>\n<\/ul>\n","protected":false},"featured_media":11125,"comment_status":"open","ping_status":"closed","template":"","meta":{"_acf_changed":false,"_monsterinsights_skip_tracking":false,"_monsterinsights_sitenote_active":false,"_monsterinsights_sitenote_note":"","_monsterinsights_sitenote_category":0,"_uf_show_specific_survey":0,"_uf_disable_surveys":false,"_joinchat":[]},"product_brand":[],"product_cat":[384],"product_tag":[],"class_list":{"0":"post-11124","1":"product","2":"type-product","3":"status-publish","4":"has-post-thumbnail","6":"product_cat-fournitures-dimpression","8":"first","9":"instock","10":"sale","11":"shipping-taxable","12":"purchasable","13":"product-type-simple"},"acf":[],"jetpack_sharing_enabled":true,"_links":{"self":[{"href":"https:\/\/digistar.ma\/index.php?rest_route=\/wp\/v2\/product\/11124","targetHints":{"allow":["GET"]}}],"collection":[{"href":"https:\/\/digistar.ma\/index.php?rest_route=\/wp\/v2\/product"}],"about":[{"href":"https:\/\/digistar.ma\/index.php?rest_route=\/wp\/v2\/types\/product"}],"replies":[{"embeddable":true,"href":"https:\/\/digistar.ma\/index.php?rest_route=%2Fwp%2Fv2%2Fcomments&post=11124"}],"version-history":[{"count":4,"href":"https:\/\/digistar.ma\/index.php?rest_route=\/wp\/v2\/product\/11124\/revisions"}],"predecessor-version":[{"id":11131,"href":"https:\/\/digistar.ma\/index.php?rest_route=\/wp\/v2\/product\/11124\/revisions\/11131"}],"wp:featuredmedia":[{"embeddable":true,"href":"https:\/\/digistar.ma\/index.php?rest_route=\/wp\/v2\/media\/11125"}],"wp:attachment":[{"href":"https:\/\/digistar.ma\/index.php?rest_route=%2Fwp%2Fv2%2Fmedia&parent=11124"}],"wp:term":[{"taxonomy":"product_brand","embeddable":true,"href":"https:\/\/digistar.ma\/index.php?rest_route=%2Fwp%2Fv2%2Fproduct_brand&post=11124"},{"taxonomy":"product_cat","embeddable":true,"href":"https:\/\/digistar.ma\/index.php?rest_route=%2Fwp%2Fv2%2Fproduct_cat&post=11124"},{"taxonomy":"product_tag","embeddable":true,"href":"https:\/\/digistar.ma\/index.php?rest_route=%2Fwp%2Fv2%2Fproduct_tag&post=11124"}],"curies":[{"name":"wp","href":"https:\/\/api.w.org\/{rel}","templated":true}]}}