{"id":11139,"date":"2024-03-29T01:45:39","date_gmt":"2024-03-29T01:45:39","guid":{"rendered":"https:\/\/digistar.ma\/?post_type=product&#038;p=11139"},"modified":"2024-03-29T01:47:44","modified_gmt":"2024-03-29T01:47:44","slug":"plastifieuse-et-pelliculeuse-rouleaux-format-a3-double-face-jaune","status":"publish","type":"product","link":"https:\/\/digistar.ma\/?product=plastifieuse-et-pelliculeuse-rouleaux-format-a3-double-face-jaune","title":{"rendered":"Plastifieuse et pelliculeuse rouleaux format A3+ double face jaune"},"content":{"rendered":"<p><strong>Plastifieuse et pelliculeuse rouleaux format A3+ double face jaune<\/strong><\/p>\n<p><span class=\"a-list-item\">\u3010Plastification \u00e0 chaud et \u00e0 froid\u3011 Cette machine \u00e0 plastifier thermique a une plastification \u00e0 chaud et \u00e0 froid, qui peut choisir diff\u00e9rentes fa\u00e7ons d&#8217;utiliser, un affichage num\u00e9rique, un contr\u00f4le pr\u00e9cis de la temp\u00e9rature, une protection automatique \u00e0 temp\u00e9rature constante.<\/span><\/p>\n<p><span class=\"a-list-item\">En mode de chauffage simple face, le rouleau inf\u00e9rieur de Plastifieuse et pelliculeuse rouleaux format A3+ double face jaune n&#8217;est pas chauff\u00e9 et l&#8217;adh\u00e9sif thermofusible sur le film pr\u00e9-enduit qui d\u00e9passe la largeur du papier ne collera pas au rouleau en caoutchouc sous-jacent, <\/span><\/p>\n<p><span class=\"a-list-item\">et il peut \u00e9galement r\u00e9duire le ph\u00e9nom\u00e8ne de flexion du film simple face ; <\/span><\/p>\n<p><span class=\"a-list-item\">Peut \u00eatre plastifi\u00e9 des deux c\u00f4t\u00e9s.<\/span><\/p>\n<p>&nbsp;<\/p>\n<p><span class=\"a-list-item\">\u3010Technologie Full Mute\u3011 La technologie Full Mute apporte un environnement de fonctionnement confortable, n&#8217;apporte pas de bruit. rouleau en caoutchouc peut embrayage, tension du film r\u00e9glable, \u00e9paisseur d&#8217;alimentation papier r\u00e9glable en continu<\/span><\/p>\n<p>&nbsp;<\/p>\n<p><span class=\"a-list-item\">\u3010Sc\u00e8ne applicable\u3011Convient aux librairies, imprimeries, studios photo, galeries d&#8217;art, maisons et autres lieux.<\/span><\/p>\n<p>&nbsp;<\/p>\n<p><span class=\"a-list-item\">\u3010Protection de s\u00e9curit\u00e9\u3011 Lorsque la panne du composant chauffant, la panne du capteur, la temp\u00e9rature d\u00e9passe la limite sup\u00e9rieure, la machine coupe automatiquement l&#8217;alimentation \u00e9lectrique du chauffage, l&#8217;alarme, les cat\u00e9gories d&#8217;erreur d&#8217;affichage, dans la protection de l&#8217;\u00e9tat<\/span><\/p>\n","protected":false},"excerpt":{"rendered":"<ul>\n<li>Largeur de pelliculage: 350 mm<\/li>\n<li>Vitesse de plastification : 500 cm\/minutes<\/li>\n<li>Plastifieuse double-face<\/li>\n<li>Type de plastifieuse : \u00e0 rouleaux<\/li>\n<\/ul>\n","protected":false},"featured_media":11140,"comment_status":"open","ping_status":"closed","template":"","meta":{"_acf_changed":false,"_monsterinsights_skip_tracking":false,"_monsterinsights_sitenote_active":false,"_monsterinsights_sitenote_note":"","_monsterinsights_sitenote_category":0,"_uf_show_specific_survey":0,"_uf_disable_surveys":false,"_joinchat":[]},"product_brand":[],"product_cat":[384],"product_tag":[],"class_list":{"0":"post-11139","1":"product","2":"type-product","3":"status-publish","4":"has-post-thumbnail","6":"product_cat-fournitures-dimpression","8":"first","9":"instock","10":"sale","11":"shipping-taxable","12":"purchasable","13":"product-type-simple"},"acf":[],"jetpack_sharing_enabled":true,"_links":{"self":[{"href":"https:\/\/digistar.ma\/index.php?rest_route=\/wp\/v2\/product\/11139","targetHints":{"allow":["GET"]}}],"collection":[{"href":"https:\/\/digistar.ma\/index.php?rest_route=\/wp\/v2\/product"}],"about":[{"href":"https:\/\/digistar.ma\/index.php?rest_route=\/wp\/v2\/types\/product"}],"replies":[{"embeddable":true,"href":"https:\/\/digistar.ma\/index.php?rest_route=%2Fwp%2Fv2%2Fcomments&post=11139"}],"version-history":[{"count":3,"href":"https:\/\/digistar.ma\/index.php?rest_route=\/wp\/v2\/product\/11139\/revisions"}],"predecessor-version":[{"id":11146,"href":"https:\/\/digistar.ma\/index.php?rest_route=\/wp\/v2\/product\/11139\/revisions\/11146"}],"wp:featuredmedia":[{"embeddable":true,"href":"https:\/\/digistar.ma\/index.php?rest_route=\/wp\/v2\/media\/11140"}],"wp:attachment":[{"href":"https:\/\/digistar.ma\/index.php?rest_route=%2Fwp%2Fv2%2Fmedia&parent=11139"}],"wp:term":[{"taxonomy":"product_brand","embeddable":true,"href":"https:\/\/digistar.ma\/index.php?rest_route=%2Fwp%2Fv2%2Fproduct_brand&post=11139"},{"taxonomy":"product_cat","embeddable":true,"href":"https:\/\/digistar.ma\/index.php?rest_route=%2Fwp%2Fv2%2Fproduct_cat&post=11139"},{"taxonomy":"product_tag","embeddable":true,"href":"https:\/\/digistar.ma\/index.php?rest_route=%2Fwp%2Fv2%2Fproduct_tag&post=11139"}],"curies":[{"name":"wp","href":"https:\/\/api.w.org\/{rel}","templated":true}]}}