{"id":11159,"date":"2024-03-30T13:50:02","date_gmt":"2024-03-30T13:50:02","guid":{"rendered":"https:\/\/digistar.ma\/?post_type=product&#038;p=11159"},"modified":"2024-03-30T13:50:02","modified_gmt":"2024-03-30T13:50:02","slug":"presse-a-chaud-multifonctions-8-en-1-freesub-p8001-8","status":"publish","type":"product","link":"https:\/\/digistar.ma\/?product=presse-a-chaud-multifonctions-8-en-1-freesub-p8001-8","title":{"rendered":"Presse a chaud multifonctions 8 en 1 FREESUB P8001-8"},"content":{"rendered":"<p><strong>Presse a chaud multifonctions 8 en 1 FREESUB P8001-8<\/strong><\/p>\n<p><strong><span>\u00c0 Quoi Sert Un\u00a0<\/span><\/strong><span><strong>Combo De Presse \u00c0 Chaud\u00a0<\/strong><strong>P8001<\/strong><strong>\u00a0?<\/strong>\u00a0<\/span><\/p>\n<p><span>-Il s&#8217;agit d&#8217;une machine multi-presse pour repasser les chapeaux, les tasses, la vaisselle (8 pouces et 10 pouces), les v\u00eatements et les stylos. Une fonction polyvalente de la machine, aidant l&#8217;acheteur \u00e0 payer moins mais peut profiter de plus de plaisir d&#8217;impression.<\/span><strong>\u00a0<\/strong><strong>\u00a0<\/strong><\/p>\n<p><strong><span>Quelle Est La Particularit\u00e9 Du Presse a chaud multifonctions 8 en 1 FREESUB P8001-8<\/span><\/strong><strong><span>\u00a0<\/span><\/strong><span><strong>?<\/strong>\u00a0<\/span><\/p>\n<p><span>-\u00c9quip\u00e9 d&#8217;un excellent bo\u00eetier de commande num\u00e9rique pour am\u00e9liorer la pr\u00e9cision du temps et de la temp\u00e9rature de r\u00e9glage souhait\u00e9s en fonction de divers mat\u00e9riaux. Une fois le temps de r\u00e9glage et la temp\u00e9rature atteints, une alarme sonore retentira, l&#8217;\u00e9l\u00e9ment cessera de chauffer pendant ce temps. <\/span><\/p>\n<p><span>\u00c0 propos, ce circuit imprim\u00e9 adopte un sch\u00e9ma de s\u00e9paration \u00e9lectrique fort et faible pour garantir le fonctionnement s\u00fbr du syst\u00e8me de circuit. Un relais de haute pr\u00e9cision est utilis\u00e9 comme composant de contr\u00f4le principal. La diff\u00e9rence de temp\u00e9rature est contr\u00f4l\u00e9e dans une plage de 5 degr\u00e9s pour un meilleur effet d&#8217;impression. \u00a0<\/span><strong>\u00a0<\/strong><\/p>\n<p><img decoding=\"async\" src=\"https:\/\/www.heatpress-freesub.com\/Content\/uploads\/2021834887\/20211231170517b547b57274824f56af0e22ca21e92af5.jpg\" alt=\"8001_07\" \/><\/p>\n","protected":false},"excerpt":{"rendered":"<ul>\n<li>1 \u00e9l\u00e9ment \u00e0 plat taille 30 x 38 cm<\/li>\n<li>4 \u00e9l\u00e9ments chauffants pour mugs<\/li>\n<li>2 \u00e9l\u00e9ments chauffants pour assiettes<\/li>\n<li>\u00a01 \u00e9l\u00e9ment chauffant pour casquette<\/li>\n<li>Garantie 1an<\/li>\n<\/ul>\n","protected":false},"featured_media":11160,"comment_status":"open","ping_status":"closed","template":"","meta":{"_acf_changed":false,"_monsterinsights_skip_tracking":false,"_monsterinsights_sitenote_active":false,"_monsterinsights_sitenote_note":"","_monsterinsights_sitenote_category":0,"_uf_show_specific_survey":0,"_uf_disable_surveys":false,"_joinchat":[]},"product_brand":[],"product_cat":[384,388],"product_tag":[],"class_list":{"0":"post-11159","1":"product","2":"type-product","3":"status-publish","4":"has-post-thumbnail","6":"product_cat-fournitures-dimpression","7":"product_cat-presse-a-chaud","9":"first","10":"instock","11":"sale","12":"shipping-taxable","13":"purchasable","14":"product-type-simple"},"acf":[],"jetpack_sharing_enabled":true,"_links":{"self":[{"href":"https:\/\/digistar.ma\/index.php?rest_route=\/wp\/v2\/product\/11159","targetHints":{"allow":["GET"]}}],"collection":[{"href":"https:\/\/digistar.ma\/index.php?rest_route=\/wp\/v2\/product"}],"about":[{"href":"https:\/\/digistar.ma\/index.php?rest_route=\/wp\/v2\/types\/product"}],"replies":[{"embeddable":true,"href":"https:\/\/digistar.ma\/index.php?rest_route=%2Fwp%2Fv2%2Fcomments&post=11159"}],"version-history":[{"count":1,"href":"https:\/\/digistar.ma\/index.php?rest_route=\/wp\/v2\/product\/11159\/revisions"}],"predecessor-version":[{"id":11161,"href":"https:\/\/digistar.ma\/index.php?rest_route=\/wp\/v2\/product\/11159\/revisions\/11161"}],"wp:featuredmedia":[{"embeddable":true,"href":"https:\/\/digistar.ma\/index.php?rest_route=\/wp\/v2\/media\/11160"}],"wp:attachment":[{"href":"https:\/\/digistar.ma\/index.php?rest_route=%2Fwp%2Fv2%2Fmedia&parent=11159"}],"wp:term":[{"taxonomy":"product_brand","embeddable":true,"href":"https:\/\/digistar.ma\/index.php?rest_route=%2Fwp%2Fv2%2Fproduct_brand&post=11159"},{"taxonomy":"product_cat","embeddable":true,"href":"https:\/\/digistar.ma\/index.php?rest_route=%2Fwp%2Fv2%2Fproduct_cat&post=11159"},{"taxonomy":"product_tag","embeddable":true,"href":"https:\/\/digistar.ma\/index.php?rest_route=%2Fwp%2Fv2%2Fproduct_tag&post=11159"}],"curies":[{"name":"wp","href":"https:\/\/api.w.org\/{rel}","templated":true}]}}