{"id":11183,"date":"2024-04-04T15:29:15","date_gmt":"2024-04-04T15:29:15","guid":{"rendered":"https:\/\/digistar.ma\/?post_type=product&#038;p=11183"},"modified":"2024-04-04T15:57:41","modified_gmt":"2024-04-04T15:57:41","slug":"presse-a-chaud-manuelle-multifonctions-5en1-basique","status":"publish","type":"product","link":"https:\/\/digistar.ma\/?product=presse-a-chaud-manuelle-multifonctions-5en1-basique","title":{"rendered":"Presse \u00e0 chaud manuelle multifonctions 5en1 basique"},"content":{"rendered":"<h2>Presse \u00e0 chaud manuelle multifonctions 5en1 basique<\/h2>\n<p>La Presse \u00e0 chaud manuelle multifonctions 5en1 basique est l&#8217;outil ultime pour les amateurs et les professionnels de la personnalisation.<\/p>\n<p>Avec ses cinq fonctions int\u00e9gr\u00e9es, cette presse vous permet de transf\u00e9rer facilement des designs sur une vari\u00e9t\u00e9 de supports tels que les t-shirts, les casquettes, les tasses, les assiettes et bien plus encore.<\/p>\n<p><img fetchpriority=\"high\" decoding=\"async\" class=\"size-medium wp-image-11184\" src=\"https:\/\/digistar.ma\/wp-content\/uploads\/2024\/04\/presse-a-chaud-manuelle-multifonctions-5en1-basique-300x236.png\" alt=\"presse \u00e0 chaud manuelle multifonctions 5en1 basique\" width=\"300\" height=\"236\" srcset=\"https:\/\/digistar.ma\/wp-content\/uploads\/2024\/04\/presse-a-chaud-manuelle-multifonctions-5en1-basique-300x236.png 300w, https:\/\/digistar.ma\/wp-content\/uploads\/2024\/04\/presse-a-chaud-manuelle-multifonctions-5en1-basique.png 497w\" sizes=\"(max-width: 300px) 100vw, 300px\" \/><\/p>\n<p>Avec La Presse \u00e0 chaud manuelle multifonctions 5en1 basique \u00a0transformez vos id\u00e9es en r\u00e9alit\u00e9 avec la presse \u00e0 chaud manuelle multifonctions 5en1 basique et laissez libre cours \u00e0 votre imagination pour cr\u00e9er des pi\u00e8ces uniques et personnalis\u00e9es.<\/p>\n<p>&nbsp;<\/p>\n<p><img decoding=\"async\" class=\"alignnone size-medium wp-image-11186\" src=\"https:\/\/digistar.ma\/wp-content\/uploads\/2024\/04\/2-300x268.png\" alt=\"Presse \u00e0 chaud manuelle multifonctions 5en1 basique\" width=\"300\" height=\"268\" srcset=\"https:\/\/digistar.ma\/wp-content\/uploads\/2024\/04\/2-300x268.png 300w, https:\/\/digistar.ma\/wp-content\/uploads\/2024\/04\/2.png 497w\" sizes=\"(max-width: 300px) 100vw, 300px\" \/><\/p>\n<p><strong>Caract\u00e9ristiques de presse \u00e0 chaud manuelle multifonctions 5en1 basique<\/strong><\/p>\n<ul>\n<li>Plateau T-shirt : 38 x 29 cm<\/li>\n<li>Accessoire grande assiettes<\/li>\n<li>Accessoire mini\u00a0 assiettes<\/li>\n<li>Plateaux pour casquette<\/li>\n<li>Presse \u00e0 tasse ou mugs<\/li>\n<li>Garantie 1 an<\/li>\n<\/ul>\n","protected":false},"excerpt":{"rendered":"<ul>\n<li>Plateau T-shirt : 38 x 29 cm<\/li>\n<li>Accessoire grande assiettes<\/li>\n<li>Accessoire mini\u00a0 assiettes<\/li>\n<li>Plateaux pour casquette<\/li>\n<li>Presse \u00e0 tasse ou mugs<\/li>\n<li>Garantie 1 an<\/li>\n<\/ul>\n","protected":false},"featured_media":11184,"comment_status":"open","ping_status":"closed","template":"","meta":{"_acf_changed":false,"_monsterinsights_skip_tracking":false,"_monsterinsights_sitenote_active":false,"_monsterinsights_sitenote_note":"","_monsterinsights_sitenote_category":0,"_uf_show_specific_survey":0,"_uf_disable_surveys":false,"_joinchat":[]},"product_brand":[],"product_cat":[384,388],"product_tag":[],"class_list":{"0":"post-11183","1":"product","2":"type-product","3":"status-publish","4":"has-post-thumbnail","6":"product_cat-fournitures-dimpression","7":"product_cat-presse-a-chaud","9":"first","10":"instock","11":"sale","12":"shipping-taxable","13":"purchasable","14":"product-type-simple"},"acf":[],"jetpack_sharing_enabled":true,"_links":{"self":[{"href":"https:\/\/digistar.ma\/index.php?rest_route=\/wp\/v2\/product\/11183","targetHints":{"allow":["GET"]}}],"collection":[{"href":"https:\/\/digistar.ma\/index.php?rest_route=\/wp\/v2\/product"}],"about":[{"href":"https:\/\/digistar.ma\/index.php?rest_route=\/wp\/v2\/types\/product"}],"replies":[{"embeddable":true,"href":"https:\/\/digistar.ma\/index.php?rest_route=%2Fwp%2Fv2%2Fcomments&post=11183"}],"version-history":[{"count":15,"href":"https:\/\/digistar.ma\/index.php?rest_route=\/wp\/v2\/product\/11183\/revisions"}],"predecessor-version":[{"id":11204,"href":"https:\/\/digistar.ma\/index.php?rest_route=\/wp\/v2\/product\/11183\/revisions\/11204"}],"wp:featuredmedia":[{"embeddable":true,"href":"https:\/\/digistar.ma\/index.php?rest_route=\/wp\/v2\/media\/11184"}],"wp:attachment":[{"href":"https:\/\/digistar.ma\/index.php?rest_route=%2Fwp%2Fv2%2Fmedia&parent=11183"}],"wp:term":[{"taxonomy":"product_brand","embeddable":true,"href":"https:\/\/digistar.ma\/index.php?rest_route=%2Fwp%2Fv2%2Fproduct_brand&post=11183"},{"taxonomy":"product_cat","embeddable":true,"href":"https:\/\/digistar.ma\/index.php?rest_route=%2Fwp%2Fv2%2Fproduct_cat&post=11183"},{"taxonomy":"product_tag","embeddable":true,"href":"https:\/\/digistar.ma\/index.php?rest_route=%2Fwp%2Fv2%2Fproduct_tag&post=11183"}],"curies":[{"name":"wp","href":"https:\/\/api.w.org\/{rel}","templated":true}]}}