{"id":11211,"date":"2024-04-04T18:56:57","date_gmt":"2024-04-04T18:56:57","guid":{"rendered":"https:\/\/digistar.ma\/?post_type=product&#038;p=11211"},"modified":"2024-04-04T18:56:57","modified_gmt":"2024-04-04T18:56:57","slug":"scotch-a-haute-temperature-33m-x-largeur-5mm-sublimation","status":"publish","type":"product","link":"https:\/\/digistar.ma\/?product=scotch-a-haute-temperature-33m-x-largeur-5mm-sublimation","title":{"rendered":"Scotch \u00e0 haute temp\u00e9rature 33m x largeur 5mm sublimation"},"content":{"rendered":"<p><strong>Scotch \u00e0 haute temp\u00e9rature 33m x largeur 5mm sublimation<\/strong><\/p>\n<p>Le ruban adh\u00e9sif thermique est un &#8220;must have&#8221; dans tout\u00a0<strong>atelier de sublimation et de s\u00e9rigraphie<\/strong>\u00a0.<\/p>\n<p>Il est utilis\u00e9 pour fixer le papier de sublimation, le vinyle textile ou le film DTF sur la surface \u00e0 repasser, emp\u00eachant ainsi le motif de bouger pendant le processus de repassage.<\/p>\n<p>Le fait de ne pas fixer les motifs avec du ruban thermique produit l\u2019effet fant\u00f4me bien connu. Il est \u00e9galement tr\u00e8s utile comme ruban de masquage pour les surfaces que l&#8217;on ne souhaite pas sublimer, Par exemple : Boucles de sac ou de ceinture, oeillets de chaussures,&#8230;<\/p>\n<ul>\n<li>Convient pour une utilisation en\u00a0<strong>sublimation de surfaces rigides ou textiles<\/strong>\u00a0.<\/li>\n<li>Gr\u00e2ce \u00e0 sa couleur ambre translucide, il est tr\u00e8s simple de positionner le ruban \u00e0 l&#8217;endroit souhait\u00e9 avec pr\u00e9cision.<\/li>\n<li>Se d\u00e9colle facilement sans laisser de traces, de d\u00e9coloration ou de r\u00e9sidus adh\u00e9sifs.<\/li>\n<li>Particuli\u00e8rement indiqu\u00e9 comme isolant dans les r\u00e9parations \u00e9lectriques telles que les r\u00e9sistances thermiques en fer.<\/li>\n<li>M\u00eame s&#8217;il est tr\u00e8s fin, il est extr\u00eamement r\u00e9sistant et ne laissera pas de traces de pression.<\/li>\n<\/ul>\n<h4>Caract\u00e9ristiques <strong>Scotch \u00e0 haute temp\u00e9rature 33m x largeur 5mm sublimation<\/strong><\/h4>\n<ul>\n<li>Largeur du ruban : 5 mm (0,5 cm)<\/li>\n<li>Nombre de m\u00e8tres par rouleau : 33 m\u00e8tres<\/li>\n<li>R\u00e9sistant \u00e0 la chaleur<\/li>\n<li>R\u00e9siste \u00e0 des temp\u00e9ratures \u00e9lev\u00e9es jusqu&#8217;\u00e0 250\u00baC<\/li>\n<li>Mat\u00e9riel: Polyimide<\/li>\n<\/ul>\n","protected":false},"excerpt":{"rendered":"<ul>\n<li>Pour la sublimation<\/li>\n<li>Largeur :\u00a00.5 cm<\/li>\n<li>Longueur :\u00a033m<\/li>\n<li>Ne laisse pas de trace<\/li>\n<\/ul>\n","protected":false},"featured_media":11212,"comment_status":"open","ping_status":"closed","template":"","meta":{"_acf_changed":false,"_monsterinsights_skip_tracking":false,"_monsterinsights_sitenote_active":false,"_monsterinsights_sitenote_note":"","_monsterinsights_sitenote_category":0,"_uf_show_specific_survey":0,"_uf_disable_surveys":false,"_joinchat":[]},"product_brand":[],"product_cat":[384,386],"product_tag":[],"class_list":{"0":"post-11211","1":"product","2":"type-product","3":"status-publish","4":"has-post-thumbnail","6":"product_cat-fournitures-dimpression","7":"product_cat-consommables-sublimation-dtf","9":"first","10":"instock","11":"sale","12":"shipping-taxable","13":"purchasable","14":"product-type-simple"},"acf":[],"jetpack_sharing_enabled":true,"_links":{"self":[{"href":"https:\/\/digistar.ma\/index.php?rest_route=\/wp\/v2\/product\/11211","targetHints":{"allow":["GET"]}}],"collection":[{"href":"https:\/\/digistar.ma\/index.php?rest_route=\/wp\/v2\/product"}],"about":[{"href":"https:\/\/digistar.ma\/index.php?rest_route=\/wp\/v2\/types\/product"}],"replies":[{"embeddable":true,"href":"https:\/\/digistar.ma\/index.php?rest_route=%2Fwp%2Fv2%2Fcomments&post=11211"}],"version-history":[{"count":1,"href":"https:\/\/digistar.ma\/index.php?rest_route=\/wp\/v2\/product\/11211\/revisions"}],"predecessor-version":[{"id":11216,"href":"https:\/\/digistar.ma\/index.php?rest_route=\/wp\/v2\/product\/11211\/revisions\/11216"}],"wp:featuredmedia":[{"embeddable":true,"href":"https:\/\/digistar.ma\/index.php?rest_route=\/wp\/v2\/media\/11212"}],"wp:attachment":[{"href":"https:\/\/digistar.ma\/index.php?rest_route=%2Fwp%2Fv2%2Fmedia&parent=11211"}],"wp:term":[{"taxonomy":"product_brand","embeddable":true,"href":"https:\/\/digistar.ma\/index.php?rest_route=%2Fwp%2Fv2%2Fproduct_brand&post=11211"},{"taxonomy":"product_cat","embeddable":true,"href":"https:\/\/digistar.ma\/index.php?rest_route=%2Fwp%2Fv2%2Fproduct_cat&post=11211"},{"taxonomy":"product_tag","embeddable":true,"href":"https:\/\/digistar.ma\/index.php?rest_route=%2Fwp%2Fv2%2Fproduct_tag&post=11211"}],"curies":[{"name":"wp","href":"https:\/\/api.w.org\/{rel}","templated":true}]}}