{"id":11236,"date":"2024-04-05T12:25:08","date_gmt":"2024-04-05T12:25:08","guid":{"rendered":"https:\/\/digistar.ma\/?post_type=product&#038;p=11236"},"modified":"2024-04-05T12:29:54","modified_gmt":"2024-04-05T12:29:54","slug":"scanner-epson-perfection-v850-pro-numerisation-de-photos-et-de-films","status":"publish","type":"product","link":"https:\/\/digistar.ma\/?product=scanner-epson-perfection-v850-pro-numerisation-de-photos-et-de-films","title":{"rendered":"Scanner Epson Perfection V850 Pro num\u00e9risation de photos et de films"},"content":{"rendered":"<h4>Scanner Epson Perfection V850 Pro num\u00e9risation de photos et de films<\/h4>\n<h4>Scanner A4 6400 dpi USB 2.0<\/h4>\n<p><strong><span style=\"color: #009dd3; font-size: large;\">Num\u00e9risez vos photos et vos films en haute r\u00e9solution !<\/span><\/strong><\/p>\n<p>Dot\u00e9 d\u2019optiques High-Pass am\u00e9lior\u00e9es pour atteindre le\u00a0<strong>meilleur niveau de qualit\u00e9 d\u2019image<\/strong>\u00a0et d\u2019une plus\u00a0<strong>grande vitesse de num\u00e9risation<\/strong>, le mod\u00e8le\u00a0<strong>V850 Pro<\/strong>\u00a0convertit diff\u00e9rents supports et formats de pellicules en\u00a0<strong>images num\u00e9riques d\u2019une qualit\u00e9 professionnelle<\/strong>. Ce scanner\u00a0<strong>6 400 dpi<\/strong>\u00a0\u00e0 la productivit\u00e9 \u00e9lev\u00e9e ne requiert pratiquement aucun temps de pr\u00e9chauffage. Il supprime automatiquement la poussi\u00e8re et les rayures et il b\u00e9n\u00e9ficie de deux ensembles de supports de pellicules haute qualit\u00e9.<\/p>\n<table border=\"0\" width=\"100%\" cellspacing=\"1\" cellpadding=\"1\">\n<tbody>\n<tr>\n<td><strong><span style=\"color: #009dd3; font-size: large;\">Une r\u00e9solution de qualit\u00e9 professionnelle<\/span><\/strong><\/p>\n<div>\n<p>Le\u00a0<strong>mod\u00e8le V850 Pro<\/strong>\u00a0est \u00e9quip\u00e9 d\u2019un syst\u00e8me \u00e0\u00a0<strong>double lentille<\/strong>\u00a0qui s\u00e9lectionne automatiquement la lentille ad\u00e9quate, avec une\u00a0<strong>r\u00e9solution optique jusqu\u2019\u00e0 4 800 dpi<\/strong>\u00a0pour la\u00a0<strong>num\u00e9risation photo opaque et 6 400 dpi<\/strong>\u00a0pour la num\u00e9risation avec des supports de pellicules.<\/p>\n<p>Ce mod\u00e8le num\u00e9rise toute une gamme de formats de pellicules avec une mise au point nette gr\u00e2ce aux supports de pellicules am\u00e9lior\u00e9s, dot\u00e9s d\u2019une plus grande rigidit\u00e9 et d\u2019un r\u00e9glage en hauteur. Le V850 Pro prend \u00e9galement en charge les<strong>\u00a0formats de pellicules jusqu\u2019\u00e0 8&#215;10 pouces<\/strong>\u00a0lorsqu\u2019ils sont plac\u00e9s directement sur la vitre du scanner.<\/p>\n<p>Le mod\u00e8le V850 Pro est dot\u00e9 des logiciels\u00a0<strong>Epson Scan, SilverFast SE Plus 8 et i1 Scanner<\/strong>\u00a0qui proposent des fonctionnalit\u00e9s de num\u00e9risation avanc\u00e9e et professionnelle.<\/p>\n<\/div>\n<\/td>\n<td width=\"450\"><img fetchpriority=\"high\" decoding=\"async\" src=\"https:\/\/media.ldlc.com\/bo\/images\/fiches\/scanner\/epson\/v850pro\/texte1.jpg\" alt=\"\" width=\"400\" height=\"250\" \/><\/td>\n<\/tr>\n<\/tbody>\n<\/table>\n<p>&nbsp;<\/p>\n<table border=\"0\" width=\"100%\" cellspacing=\"1\" cellpadding=\"1\">\n<tbody>\n<tr>\n<td width=\"450\"><img decoding=\"async\" src=\"https:\/\/media.ldlc.com\/bo\/images\/fiches\/scanner\/epson\/v850pro\/texte2.jpg\" alt=\"\" \/><\/td>\n<td><strong><span style=\"color: #009dd3;\"><span style=\"font-size: large;\">Des images en haute r\u00e9solution<\/span><\/span><\/strong><\/p>\n<div>\n<p>Profitez de l\u2019excellente reproduction des nuances gr\u00e2ce \u00e0 la\u00a0<strong>densit\u00e9 optique 4.0 DMax<\/strong>. Le V850 Pro peut d\u00e9tecter la gamme tonale exacte de l\u2019original : les zones les plus claires et fonc\u00e9es des images sont reproduites de mani\u00e8re pr\u00e9cise avec un niveau de d\u00e9tail et une plage dynamique de grande qualit\u00e9.<\/p>\n<p>La technologie\u00a0<strong>Epson ReadyScan<\/strong>\u00a0propose une source lumineuse LED avec un temps de pr\u00e9chauffage de moins d\u2019une seconde pour une num\u00e9risation quasi instantan\u00e9e. Gr\u00e2ce aux deux supports de pellicules, vous pouvez pr\u00e9parer un second ensemble d\u2019originaux \u00e0 scanner alors que le premier est en cours de num\u00e9risation.<\/p>\n<p>Les\u00a0<strong>technologies Digital ICE<\/strong>\u00a0suppriment automatiquement les imperfections comme la poussi\u00e8re, les cheveux, les rayures et les empreintes de doigt. Les films1 et photos retrouvent facilement une deuxi\u00e8me jeunesse !<\/p>\n<\/div>\n<\/td>\n<\/tr>\n<\/tbody>\n<\/table>\n<p><strong><span style=\"color: #009dd3; font-size: large;\">Caract\u00e9ristiques principales Scanner Epson Perfection V850 Pro num\u00e9risation de photos et de films<\/span><\/strong><\/p>\n<ul>\n<li><strong>Grand choix des num\u00e9risations<\/strong>\u00a0: Diapositives, films moyen format et impressions<\/li>\n<li><strong>Syst\u00e8me \u00e0 double lentille<\/strong>\u00a0: Passe de 6 400 dpi pour les diapositives et films \u00e0 4 800 dpi pour les photos<\/li>\n<li><strong>Supprime les imperfections<\/strong>\u00a0: Les technologies Digital ICE corrigent les vieux films et photos<\/li>\n<li><strong>Plage dynamique<\/strong>\u00a0: Reproduit pr\u00e9cis\u00e9ment la gamme tonale et les d\u00e9grad\u00e9s de l\u2019original<\/li>\n<li><strong>Haute productivit\u00e9<\/strong>\u00a0: Temps de pr\u00e9chauffage d\u2019une seconde et deux ensembles de supports de pellicules<\/li>\n<\/ul>\n","protected":false},"excerpt":{"rendered":"<p>Scanner \u00e0 plat pour photos et films<br \/>\nR\u00e9solution optique maximale: 6.400 DPI (ppp) (horizontal x vertical)<br \/>\nProfondeur: 48 Bits<br \/>\nTaille maximale de num\u00e9risation : 216 mm x 297 mm (horizontal x vertical) (scanner \u00e0 plat)<br \/>\nFormats accept\u00e9s: Pellicules 35 mm : 3 x 6 images, Diapositives 35 mm : 12 images, Format interm\u00e9diaire 120\/220 (6 x 20 cm) : 1 image, 5 x 4 pouces : 1 image, jusqu\u2019\u00e0 203 x 254 mm (8 \u00d7 10 pouces) avec le film area guide, jusqu\u2019\u00e0 149 x 247 mm avec Digital ICE<br \/>\nConnectivit\u00e9: USB Hi-Speed, compatible USB 2.0 Hi-Speed<\/p>\n","protected":false},"featured_media":11242,"comment_status":"open","ping_status":"closed","template":"","meta":{"_acf_changed":false,"_monsterinsights_skip_tracking":false,"_monsterinsights_sitenote_active":false,"_monsterinsights_sitenote_note":"","_monsterinsights_sitenote_category":0,"_uf_show_specific_survey":0,"_uf_disable_surveys":false,"_joinchat":[]},"product_brand":[],"product_cat":[380,254,294],"product_tag":[],"class_list":{"0":"post-11236","1":"product","2":"type-product","3":"status-publish","4":"has-post-thumbnail","6":"product_cat-epson","7":"product_cat-scanner","8":"product_cat-scanner-a-plat-sans-chargeur","10":"first","11":"instock","12":"sale","13":"shipping-taxable","14":"purchasable","15":"product-type-simple"},"acf":[],"jetpack_sharing_enabled":true,"_links":{"self":[{"href":"https:\/\/digistar.ma\/index.php?rest_route=\/wp\/v2\/product\/11236","targetHints":{"allow":["GET"]}}],"collection":[{"href":"https:\/\/digistar.ma\/index.php?rest_route=\/wp\/v2\/product"}],"about":[{"href":"https:\/\/digistar.ma\/index.php?rest_route=\/wp\/v2\/types\/product"}],"replies":[{"embeddable":true,"href":"https:\/\/digistar.ma\/index.php?rest_route=%2Fwp%2Fv2%2Fcomments&post=11236"}],"version-history":[{"count":2,"href":"https:\/\/digistar.ma\/index.php?rest_route=\/wp\/v2\/product\/11236\/revisions"}],"predecessor-version":[{"id":11244,"href":"https:\/\/digistar.ma\/index.php?rest_route=\/wp\/v2\/product\/11236\/revisions\/11244"}],"wp:featuredmedia":[{"embeddable":true,"href":"https:\/\/digistar.ma\/index.php?rest_route=\/wp\/v2\/media\/11242"}],"wp:attachment":[{"href":"https:\/\/digistar.ma\/index.php?rest_route=%2Fwp%2Fv2%2Fmedia&parent=11236"}],"wp:term":[{"taxonomy":"product_brand","embeddable":true,"href":"https:\/\/digistar.ma\/index.php?rest_route=%2Fwp%2Fv2%2Fproduct_brand&post=11236"},{"taxonomy":"product_cat","embeddable":true,"href":"https:\/\/digistar.ma\/index.php?rest_route=%2Fwp%2Fv2%2Fproduct_cat&post=11236"},{"taxonomy":"product_tag","embeddable":true,"href":"https:\/\/digistar.ma\/index.php?rest_route=%2Fwp%2Fv2%2Fproduct_tag&post=11236"}],"curies":[{"name":"wp","href":"https:\/\/api.w.org\/{rel}","templated":true}]}}