{"id":11245,"date":"2024-04-05T17:34:38","date_gmt":"2024-04-05T17:34:38","guid":{"rendered":"https:\/\/digistar.ma\/?post_type=product&#038;p=11245"},"modified":"2024-12-15T11:35:37","modified_gmt":"2024-12-15T11:35:37","slug":"plotter-de-decoupe-teneth-ccd-camera-full-automatic-72-cm","status":"publish","type":"product","link":"https:\/\/digistar.ma\/?product=plotter-de-decoupe-teneth-ccd-camera-full-automatic-72-cm","title":{"rendered":"Plotter de d\u00e9coupe Teneth CCD Camera Full automatic 72 cm"},"content":{"rendered":"<p><strong>Plotter de d\u00e9coupe Teneth CCD Camera Full automatic 72 cm<\/strong><\/p>\n<p>Cam\u00e9ra CCD <strong>machine de d\u00e9coupe de vinyle commerciale<\/strong>\u00a0est la machine technologique la plus r\u00e9cente.<\/p>\n<p>Il a install\u00e9 une cam\u00e9ra CCD sur le chariot de d\u00e9coupe pour d\u00e9tecter les mat\u00e9riaux imprim\u00e9s comme un \u0153il, et les marques de d\u00e9tection seront affich\u00e9es sur l&#8217;\u00e9cran, avec elle, vous pouvez d\u00e9tecter automatiquement tout vinyle ou autocollant imprim\u00e9 correctement.<\/p>\n<p>Un plotter professionnel \u00e0 petit prix vous permettra d\u00e9couper des mati\u00e8res adh\u00e9sives sous forme de rouleaux, telles que le flex pour le marquage textile ou le vinyle pour toutes les surfaces ext\u00e9rieures (vitres, voitures\u2026 ) et surtout de d\u00e9couper vos impressions gr\u00e2ce au cam\u00e9ra de d\u00e9tection automatique des contours<\/p>\n<table style=\"height: 300px;\" width=\"778\">\n<tbody>\n<tr>\n<td>Nom :<\/td>\n<td>Machine de d\u00e9coupe auto 72cm model TN24 CCD<\/td>\n<\/tr>\n<tr>\n<td>Force de d\u00e9coupe\u00a0: :<\/td>\n<td>jusqu\u2019\u00e0 1000g<\/td>\n<\/tr>\n<tr>\n<td>Vitesse de d\u00e9coupe:<\/td>\n<td>50-1000mm\/s<\/td>\n<\/tr>\n<tr>\n<td>\u00c9l\u00e9ments fournis\u00a0:<\/td>\n<td>plotter, c\u00e2ble d\u2019alimentation, notice d\u2019utilisation, Logiciel<\/td>\n<\/tr>\n<tr>\n<td>Interface :<\/td>\n<td>Serial\u00a0Port+USB+U\u00a0disk ,Ecran LCD<\/td>\n<\/tr>\n<tr>\n<td>Surface de d\u00e9coupe max :<\/td>\n<td>620 mm<\/td>\n<\/tr>\n<tr>\n<td>Voltage :<\/td>\n<td>AC90~240V\/50HZ-60HZ<\/td>\n<\/tr>\n<tr>\n<td data-spm-anchor-id=\"a2700.details.0.i21.2fb370e9OjnvjK\">Dimensions :<\/td>\n<td>1050\u00d7350\u00d7410mm (Largeur x Profondeur x Hauteur)<\/td>\n<\/tr>\n<tr>\n<td>Poids du produit :<\/td>\n<td>22 kg<\/td>\n<\/tr>\n<tr>\n<td>Puissance:<\/td>\n<td>&lt;150W<\/td>\n<\/tr>\n<tr>\n<td>Garantie :<\/td>\n<td>1 ans \u2013 normes CE<\/td>\n<\/tr>\n<\/tbody>\n<\/table>\n<p><strong>Caract\u00e9ristiques de Plotter de d\u00e9coupe Teneth CCD Camera Full automatic 72 cm<\/strong><\/p>\n<ul>\n<li>largeur : 720 mm<\/li>\n<li>Logiciel de pilotage signmaster<\/li>\n<li>Oeil optique int\u00e9gr\u00e9 automatique<\/li>\n<li>Garantie 1an<\/li>\n<li>Marque Teneth CCD tactile<\/li>\n<\/ul>\n","protected":false},"excerpt":{"rendered":"<ul>\n<li>largeur : 720 mm<\/li>\n<li>Logiciel de pilotage signmaster<\/li>\n<li>Oeil optique int\u00e9gr\u00e9 automatique<\/li>\n<li>Garantie 1an<\/li>\n<li>Marque Teneth CCD tactile<\/li>\n<\/ul>\n","protected":false},"featured_media":11252,"comment_status":"open","ping_status":"closed","template":"","meta":{"_acf_changed":false,"_monsterinsights_skip_tracking":false,"_monsterinsights_sitenote_active":false,"_monsterinsights_sitenote_note":"","_monsterinsights_sitenote_category":0,"_uf_show_specific_survey":0,"_uf_disable_surveys":false,"_joinchat":[]},"product_brand":[],"product_cat":[384],"product_tag":[],"class_list":{"0":"post-11245","1":"product","2":"type-product","3":"status-publish","4":"has-post-thumbnail","6":"product_cat-fournitures-dimpression","8":"first","9":"instock","10":"sale","11":"shipping-taxable","12":"purchasable","13":"product-type-simple"},"acf":[],"jetpack_sharing_enabled":true,"_links":{"self":[{"href":"https:\/\/digistar.ma\/index.php?rest_route=\/wp\/v2\/product\/11245","targetHints":{"allow":["GET"]}}],"collection":[{"href":"https:\/\/digistar.ma\/index.php?rest_route=\/wp\/v2\/product"}],"about":[{"href":"https:\/\/digistar.ma\/index.php?rest_route=\/wp\/v2\/types\/product"}],"replies":[{"embeddable":true,"href":"https:\/\/digistar.ma\/index.php?rest_route=%2Fwp%2Fv2%2Fcomments&post=11245"}],"version-history":[{"count":1,"href":"https:\/\/digistar.ma\/index.php?rest_route=\/wp\/v2\/product\/11245\/revisions"}],"predecessor-version":[{"id":11265,"href":"https:\/\/digistar.ma\/index.php?rest_route=\/wp\/v2\/product\/11245\/revisions\/11265"}],"wp:featuredmedia":[{"embeddable":true,"href":"https:\/\/digistar.ma\/index.php?rest_route=\/wp\/v2\/media\/11252"}],"wp:attachment":[{"href":"https:\/\/digistar.ma\/index.php?rest_route=%2Fwp%2Fv2%2Fmedia&parent=11245"}],"wp:term":[{"taxonomy":"product_brand","embeddable":true,"href":"https:\/\/digistar.ma\/index.php?rest_route=%2Fwp%2Fv2%2Fproduct_brand&post=11245"},{"taxonomy":"product_cat","embeddable":true,"href":"https:\/\/digistar.ma\/index.php?rest_route=%2Fwp%2Fv2%2Fproduct_cat&post=11245"},{"taxonomy":"product_tag","embeddable":true,"href":"https:\/\/digistar.ma\/index.php?rest_route=%2Fwp%2Fv2%2Fproduct_tag&post=11245"}],"curies":[{"name":"wp","href":"https:\/\/api.w.org\/{rel}","templated":true}]}}