{"id":11247,"date":"2024-04-05T13:57:21","date_gmt":"2024-04-05T13:57:21","guid":{"rendered":"https:\/\/digistar.ma\/?post_type=product&#038;p=11247"},"modified":"2024-06-08T12:47:25","modified_gmt":"2024-06-08T12:47:25","slug":"presse-a-casquettes-professionnelle-avec-tendeur","status":"publish","type":"product","link":"https:\/\/digistar.ma\/?product=presse-a-casquettes-professionnelle-avec-tendeur","title":{"rendered":"Presse \u00e0 casquettes professionnelle avec tendeur"},"content":{"rendered":"<h2>Presse \u00e0 casquettes professionnelle avec tendeur<\/h2>\n<p>Gr\u00e2ce \u00e0 sa conception ergonomique et \u00e0 ses commandes intuitives, cette presse \u00e0 casquettes est facile \u00e0 utiliser, m\u00eame pour les d\u00e9butants. Son syst\u00e8me de chauffage rapide assure une mont\u00e9e en temp\u00e9rature rapide et une distribution homog\u00e8ne de la chaleur sur toute la surface de pression, assurant ainsi des transferts de haute qualit\u00e9 \u00e0 chaque utilisation.<\/p>\n<p><img fetchpriority=\"high\" decoding=\"async\" class=\"size-medium wp-image-11251\" src=\"https:\/\/digistar.ma\/wp-content\/uploads\/2024\/04\/Presse-a-casquettes-professionnelle-avec-tendeur3-300x300.jpg\" alt=\"presse \u00e0 casquettes professionnelle avec tendeur \" width=\"300\" height=\"300\" srcset=\"https:\/\/digistar.ma\/wp-content\/uploads\/2024\/04\/Presse-a-casquettes-professionnelle-avec-tendeur3-300x300.jpg 300w, https:\/\/digistar.ma\/wp-content\/uploads\/2024\/04\/Presse-a-casquettes-professionnelle-avec-tendeur3-1024x1024.jpg 1024w, https:\/\/digistar.ma\/wp-content\/uploads\/2024\/04\/Presse-a-casquettes-professionnelle-avec-tendeur3-150x150.jpg 150w, https:\/\/digistar.ma\/wp-content\/uploads\/2024\/04\/Presse-a-casquettes-professionnelle-avec-tendeur3-768x768.jpg 768w, https:\/\/digistar.ma\/wp-content\/uploads\/2024\/04\/Presse-a-casquettes-professionnelle-avec-tendeur3-1536x1536.jpg 1536w, https:\/\/digistar.ma\/wp-content\/uploads\/2024\/04\/Presse-a-casquettes-professionnelle-avec-tendeur3-600x600.jpg 600w, https:\/\/digistar.ma\/wp-content\/uploads\/2024\/04\/Presse-a-casquettes-professionnelle-avec-tendeur3-100x100.jpg 100w, https:\/\/digistar.ma\/wp-content\/uploads\/2024\/04\/Presse-a-casquettes-professionnelle-avec-tendeur3.jpg 2000w\" sizes=\"(max-width: 300px) 100vw, 300px\" \/><\/p>\n<p>La presse \u00e0 casquettes professionnelle avec tendeur est l&#8217;outil parfait pour les professionnels de la personnalisation de casquettes. Dot\u00e9e d&#8217;un design robuste et d&#8217;une construction de qualit\u00e9, cette presse vous permet de cr\u00e9er des motifs impeccables sur une grande vari\u00e9t\u00e9 de casquettes avec facilit\u00e9 et pr\u00e9cision.<\/p>\n<p><img decoding=\"async\" class=\"size-medium wp-image-11249\" src=\"https:\/\/digistar.ma\/wp-content\/uploads\/2024\/04\/Presse-a-casquettes-professionnelle-avec-tendeur1-300x300.jpg\" alt=\"presse \u00e0 casquettes professionnelle avec tendeur \" width=\"300\" height=\"300\" srcset=\"https:\/\/digistar.ma\/wp-content\/uploads\/2024\/04\/Presse-a-casquettes-professionnelle-avec-tendeur1-300x300.jpg 300w, https:\/\/digistar.ma\/wp-content\/uploads\/2024\/04\/Presse-a-casquettes-professionnelle-avec-tendeur1-1024x1024.jpg 1024w, https:\/\/digistar.ma\/wp-content\/uploads\/2024\/04\/Presse-a-casquettes-professionnelle-avec-tendeur1-150x150.jpg 150w, https:\/\/digistar.ma\/wp-content\/uploads\/2024\/04\/Presse-a-casquettes-professionnelle-avec-tendeur1-768x768.jpg 768w, https:\/\/digistar.ma\/wp-content\/uploads\/2024\/04\/Presse-a-casquettes-professionnelle-avec-tendeur1-1536x1536.jpg 1536w, https:\/\/digistar.ma\/wp-content\/uploads\/2024\/04\/Presse-a-casquettes-professionnelle-avec-tendeur1-600x600.jpg 600w, https:\/\/digistar.ma\/wp-content\/uploads\/2024\/04\/Presse-a-casquettes-professionnelle-avec-tendeur1-100x100.jpg 100w, https:\/\/digistar.ma\/wp-content\/uploads\/2024\/04\/Presse-a-casquettes-professionnelle-avec-tendeur1.jpg 2000w\" sizes=\"(max-width: 300px) 100vw, 300px\" \/><\/p>\n<p>\u00c9quip\u00e9e d&#8217;un tendeur r\u00e9glable, cette presse \u00e0 casquettes offre une fixation s\u00e9curis\u00e9e de vos casquettes pendant le processus de transfert. Cela garantit des r\u00e9sultats uniformes et sans plis, vous permettant de cr\u00e9er des designs professionnels qui r\u00e9sistent \u00e0 l&#8217;\u00e9preuve du temps.<\/p>\n<p>&nbsp;<\/p>\n<ul>\n<li>Pression r\u00e9glable a l\u2019aide de la molette<\/li>\n<li>Garantie 1an<\/li>\n<li>Avec tendeurs<\/li>\n<li>Professionnelle<\/li>\n<\/ul>\n","protected":false},"excerpt":{"rendered":"<ul>\n<li>Pression r\u00e9glable a l\u2019aide de la molette<\/li>\n<li>Garantie 1an<\/li>\n<li>Avec tendeurs<\/li>\n<li>Professionnelle<\/li>\n<\/ul>\n","protected":false},"featured_media":11248,"comment_status":"open","ping_status":"closed","template":"","meta":{"_acf_changed":false,"_monsterinsights_skip_tracking":false,"_monsterinsights_sitenote_active":false,"_monsterinsights_sitenote_note":"","_monsterinsights_sitenote_category":0,"_uf_show_specific_survey":0,"_uf_disable_surveys":false,"_joinchat":[]},"product_brand":[],"product_cat":[384,388],"product_tag":[],"class_list":{"0":"post-11247","1":"product","2":"type-product","3":"status-publish","4":"has-post-thumbnail","6":"product_cat-fournitures-dimpression","7":"product_cat-presse-a-chaud","9":"first","10":"instock","11":"sale","12":"shipping-taxable","13":"purchasable","14":"product-type-simple"},"acf":[],"jetpack_sharing_enabled":true,"_links":{"self":[{"href":"https:\/\/digistar.ma\/index.php?rest_route=\/wp\/v2\/product\/11247","targetHints":{"allow":["GET"]}}],"collection":[{"href":"https:\/\/digistar.ma\/index.php?rest_route=\/wp\/v2\/product"}],"about":[{"href":"https:\/\/digistar.ma\/index.php?rest_route=\/wp\/v2\/types\/product"}],"replies":[{"embeddable":true,"href":"https:\/\/digistar.ma\/index.php?rest_route=%2Fwp%2Fv2%2Fcomments&post=11247"}],"version-history":[{"count":2,"href":"https:\/\/digistar.ma\/index.php?rest_route=\/wp\/v2\/product\/11247\/revisions"}],"predecessor-version":[{"id":12048,"href":"https:\/\/digistar.ma\/index.php?rest_route=\/wp\/v2\/product\/11247\/revisions\/12048"}],"wp:featuredmedia":[{"embeddable":true,"href":"https:\/\/digistar.ma\/index.php?rest_route=\/wp\/v2\/media\/11248"}],"wp:attachment":[{"href":"https:\/\/digistar.ma\/index.php?rest_route=%2Fwp%2Fv2%2Fmedia&parent=11247"}],"wp:term":[{"taxonomy":"product_brand","embeddable":true,"href":"https:\/\/digistar.ma\/index.php?rest_route=%2Fwp%2Fv2%2Fproduct_brand&post=11247"},{"taxonomy":"product_cat","embeddable":true,"href":"https:\/\/digistar.ma\/index.php?rest_route=%2Fwp%2Fv2%2Fproduct_cat&post=11247"},{"taxonomy":"product_tag","embeddable":true,"href":"https:\/\/digistar.ma\/index.php?rest_route=%2Fwp%2Fv2%2Fproduct_tag&post=11247"}],"curies":[{"name":"wp","href":"https:\/\/api.w.org\/{rel}","templated":true}]}}