{"id":11255,"date":"2024-04-05T17:22:47","date_gmt":"2024-04-05T17:22:47","guid":{"rendered":"https:\/\/digistar.ma\/?post_type=product&#038;p=11255"},"modified":"2024-04-05T17:26:22","modified_gmt":"2024-04-05T17:26:22","slug":"presse-mugs-premium-a-ecran-tactile","status":"publish","type":"product","link":"https:\/\/digistar.ma\/?product=presse-mugs-premium-a-ecran-tactile","title":{"rendered":"Presse Mugs Premium \u00e0 \u00e9cran tactile"},"content":{"rendered":"<h2>Presse Mugs Premium \u00e0 \u00e9cran tactile<\/h2>\n<p>La presse \u00e0 mugs premium \u00e0 \u00e9crans tactiles est l&#8217;outil ultime pour cr\u00e9er des mugs personnalis\u00e9s avec une facilit\u00e9 et une pr\u00e9cision exceptionnelles. Dot\u00e9e d&#8217;un design innovant et de fonctionnalit\u00e9s avanc\u00e9es, cette presse offre une exp\u00e9rience de personnalisation incomparable<\/p>\n<p><img fetchpriority=\"high\" decoding=\"async\" class=\"size-medium wp-image-11256\" src=\"https:\/\/digistar.ma\/wp-content\/uploads\/2024\/04\/Presse-a-Mugs-Premium-a-ecrans-tactile3-300x300.jpg\" alt=\"Presse Mugs Premium \u00e0 \u00e9cran tactile\" width=\"300\" height=\"300\" srcset=\"https:\/\/digistar.ma\/wp-content\/uploads\/2024\/04\/Presse-a-Mugs-Premium-a-ecrans-tactile3-300x300.jpg 300w, https:\/\/digistar.ma\/wp-content\/uploads\/2024\/04\/Presse-a-Mugs-Premium-a-ecrans-tactile3-1024x1024.jpg 1024w, https:\/\/digistar.ma\/wp-content\/uploads\/2024\/04\/Presse-a-Mugs-Premium-a-ecrans-tactile3-150x150.jpg 150w, https:\/\/digistar.ma\/wp-content\/uploads\/2024\/04\/Presse-a-Mugs-Premium-a-ecrans-tactile3-768x768.jpg 768w, https:\/\/digistar.ma\/wp-content\/uploads\/2024\/04\/Presse-a-Mugs-Premium-a-ecrans-tactile3-1536x1536.jpg 1536w, https:\/\/digistar.ma\/wp-content\/uploads\/2024\/04\/Presse-a-Mugs-Premium-a-ecrans-tactile3-600x600.jpg 600w, https:\/\/digistar.ma\/wp-content\/uploads\/2024\/04\/Presse-a-Mugs-Premium-a-ecrans-tactile3-100x100.jpg 100w, https:\/\/digistar.ma\/wp-content\/uploads\/2024\/04\/Presse-a-Mugs-Premium-a-ecrans-tactile3.jpg 2000w\" sizes=\"(max-width: 300px) 100vw, 300px\" \/><\/p>\n<p>Sa construction robuste et sa facilit\u00e9 d&#8217;utilisation en font un choix id\u00e9al pour les amateurs passionn\u00e9s et les professionnels de la personnalisation. Son syst\u00e8me de chauffage rapide assure une mont\u00e9e en temp\u00e9rature rapide et une r\u00e9partition homog\u00e8ne de la chaleur, garantissant des impressions nettes et durables sur chaque mug.<\/p>\n<p>&nbsp;<\/p>\n<p><img decoding=\"async\" class=\"size-medium wp-image-11261\" src=\"https:\/\/digistar.ma\/wp-content\/uploads\/2024\/04\/Presse-a-Mugs-Premium-a-ecrans-tactile4-300x259.jpg\" alt=\"Sa construction robuste et sa facilit\u00e9 d'utilisation en font un choix id\u00e9al pour les amateurs passionn\u00e9s et les professionnels de la personnalisation. Son syst\u00e8me de chauffage rapide assure une mont\u00e9e en temp\u00e9rature rapide et une r\u00e9partition homog\u00e8ne de la chaleur, garantissant des impressions nettes et durables sur chaque mug.\" width=\"300\" height=\"259\" srcset=\"https:\/\/digistar.ma\/wp-content\/uploads\/2024\/04\/Presse-a-Mugs-Premium-a-ecrans-tactile4-300x259.jpg 300w, https:\/\/digistar.ma\/wp-content\/uploads\/2024\/04\/Presse-a-Mugs-Premium-a-ecrans-tactile4.jpg 480w\" sizes=\"(max-width: 300px) 100vw, 300px\" \/><\/p>\n<p>Les \u00e9crans tactiles int\u00e9gr\u00e9s vous permettent de contr\u00f4ler facilement les param\u00e8tres de temp\u00e9rature et de dur\u00e9e, vous assurant ainsi des r\u00e9sultats optimaux pour chaque projet. Que vous travailliez avec des mugs en c\u00e9ramique, en verre ou en acier inoxydable, cette presse garantit des transferts de haute qualit\u00e9 gr\u00e2ce \u00e0 sa technologie de chauffage avanc\u00e9e.<\/p>\n<p>&nbsp;<\/p>\n<p><img decoding=\"async\" class=\"size-medium wp-image-11258\" src=\"https:\/\/digistar.ma\/wp-content\/uploads\/2024\/04\/Presse-a-Mugs-Premium-a-ecrans-tactile1-300x300.jpg\" alt=\"Presse Mugs Premium \u00e0 \u00e9cran tactile\" width=\"300\" height=\"300\" srcset=\"https:\/\/digistar.ma\/wp-content\/uploads\/2024\/04\/Presse-a-Mugs-Premium-a-ecrans-tactile1-300x300.jpg 300w, https:\/\/digistar.ma\/wp-content\/uploads\/2024\/04\/Presse-a-Mugs-Premium-a-ecrans-tactile1-1024x1024.jpg 1024w, https:\/\/digistar.ma\/wp-content\/uploads\/2024\/04\/Presse-a-Mugs-Premium-a-ecrans-tactile1-150x150.jpg 150w, https:\/\/digistar.ma\/wp-content\/uploads\/2024\/04\/Presse-a-Mugs-Premium-a-ecrans-tactile1-768x768.jpg 768w, https:\/\/digistar.ma\/wp-content\/uploads\/2024\/04\/Presse-a-Mugs-Premium-a-ecrans-tactile1-1536x1536.jpg 1536w, https:\/\/digistar.ma\/wp-content\/uploads\/2024\/04\/Presse-a-Mugs-Premium-a-ecrans-tactile1-600x600.jpg 600w, https:\/\/digistar.ma\/wp-content\/uploads\/2024\/04\/Presse-a-Mugs-Premium-a-ecrans-tactile1-100x100.jpg 100w, https:\/\/digistar.ma\/wp-content\/uploads\/2024\/04\/Presse-a-Mugs-Premium-a-ecrans-tactile1.jpg 2000w\" sizes=\"(max-width: 300px) 100vw, 300px\" \/><\/p>\n<p>Que ce soit pour offrir des cadeaux personnalis\u00e9s, cr\u00e9er des articles promotionnels ou d\u00e9marrer votre propre entreprise de personnalisation, la presse \u00e0 mugs premium \u00e0 \u00e9crans tactiles vous offre les performances et la fiabilit\u00e9 dont vous avez besoin pour r\u00e9ussir.<\/p>\n<p>&nbsp;<\/p>\n<ul>\n<li>Presse \u00e0 transfert pour mugs<\/li>\n<li>Type d\u2019impression : sublimation.<\/li>\n<li>R\u00e9glage de la pression manuelle<\/li>\n<li>Garantie de 1 an<\/li>\n<\/ul>\n","protected":false},"excerpt":{"rendered":"<ul>\n<li>Presse \u00e0 transfert pour mugs<\/li>\n<li>Type d\u2019impression : sublimation.<\/li>\n<li>R\u00e9glage de la pression manuelle<\/li>\n<li>Garantie de 1 an<\/li>\n<\/ul>\n","protected":false},"featured_media":11256,"comment_status":"open","ping_status":"closed","template":"","meta":{"_acf_changed":false,"_monsterinsights_skip_tracking":false,"_monsterinsights_sitenote_active":false,"_monsterinsights_sitenote_note":"","_monsterinsights_sitenote_category":0,"_uf_show_specific_survey":0,"_uf_disable_surveys":false,"_joinchat":[]},"product_brand":[],"product_cat":[384,388],"product_tag":[],"class_list":{"0":"post-11255","1":"product","2":"type-product","3":"status-publish","4":"has-post-thumbnail","6":"product_cat-fournitures-dimpression","7":"product_cat-presse-a-chaud","9":"first","10":"instock","11":"sale","12":"shipping-taxable","13":"purchasable","14":"product-type-simple"},"acf":[],"jetpack_sharing_enabled":true,"_links":{"self":[{"href":"https:\/\/digistar.ma\/index.php?rest_route=\/wp\/v2\/product\/11255","targetHints":{"allow":["GET"]}}],"collection":[{"href":"https:\/\/digistar.ma\/index.php?rest_route=\/wp\/v2\/product"}],"about":[{"href":"https:\/\/digistar.ma\/index.php?rest_route=\/wp\/v2\/types\/product"}],"replies":[{"embeddable":true,"href":"https:\/\/digistar.ma\/index.php?rest_route=%2Fwp%2Fv2%2Fcomments&post=11255"}],"version-history":[{"count":1,"href":"https:\/\/digistar.ma\/index.php?rest_route=\/wp\/v2\/product\/11255\/revisions"}],"predecessor-version":[{"id":11263,"href":"https:\/\/digistar.ma\/index.php?rest_route=\/wp\/v2\/product\/11255\/revisions\/11263"}],"wp:featuredmedia":[{"embeddable":true,"href":"https:\/\/digistar.ma\/index.php?rest_route=\/wp\/v2\/media\/11256"}],"wp:attachment":[{"href":"https:\/\/digistar.ma\/index.php?rest_route=%2Fwp%2Fv2%2Fmedia&parent=11255"}],"wp:term":[{"taxonomy":"product_brand","embeddable":true,"href":"https:\/\/digistar.ma\/index.php?rest_route=%2Fwp%2Fv2%2Fproduct_brand&post=11255"},{"taxonomy":"product_cat","embeddable":true,"href":"https:\/\/digistar.ma\/index.php?rest_route=%2Fwp%2Fv2%2Fproduct_cat&post=11255"},{"taxonomy":"product_tag","embeddable":true,"href":"https:\/\/digistar.ma\/index.php?rest_route=%2Fwp%2Fv2%2Fproduct_tag&post=11255"}],"curies":[{"name":"wp","href":"https:\/\/api.w.org\/{rel}","templated":true}]}}