{"id":11279,"date":"2024-04-06T12:29:09","date_gmt":"2024-04-06T12:29:09","guid":{"rendered":"https:\/\/digistar.ma\/?post_type=product&#038;p=11279"},"modified":"2024-04-06T12:29:09","modified_gmt":"2024-04-06T12:29:09","slug":"horloge-en-verre-miroir-sublimation-30x16-cm","status":"publish","type":"product","link":"https:\/\/digistar.ma\/?product=horloge-en-verre-miroir-sublimation-30x16-cm","title":{"rendered":"Horloge en verre miroir sublimation 30\u00d716 cm"},"content":{"rendered":"<p><strong>Horloge en verre miroir sublimation 30\u00d716 cm<\/strong><\/p>\n<p>Nos diff\u00e9rents cadres horloge en verre personnalisable en sublimation vont illuminer vos plus belles photos. Le kit contient le m\u00e9canisme et les aiguilles<\/p>\n<p><strong>Param\u00e8tres recommand\u00e9s pour l\u2019impression par sublimation<\/strong><\/p>\n<ul>\n<li>\n<ul>\n<li>Imprimez l\u2019image sans\u00a0<strong>mode miroir<\/strong>.<\/li>\n<li>Pr\u00e9chauffez la presse \u00e0\u00a0<strong>200\u00baC<\/strong>.<\/li>\n<li>Placez le c\u00f4t\u00e9 imprim\u00e9 du papier sur le mug et fixez-le avec du ruban adh\u00e9sif haute temp\u00e9rature.<\/li>\n<li>Fermez la presse et exercez une pression\u00a0<strong>moyenne-forte<\/strong>\u00a0pendant environ\u00a0<strong>180 secondes<\/strong>.<\/li>\n<li>\u00c0 l\u2019aide d\u2019un gant de protection, retirez l\u2019objet tout juste sublim\u00e9.<\/li>\n<li>Retirez d\u00e9licatement le papier.<\/li>\n<\/ul>\n<\/li>\n<li><strong>Caract\u00e9ristiques de Horloge en verre miroir sublimation 30\u00d716 cm<\/strong><\/li>\n<\/ul>\n<ul>\n<li>Dimensions: 30\u00d716 cm<\/li>\n<li>\u00c9paisseur:\u00a04 mm<\/li>\n<li>Mat\u00e9riau: Mati\u00e8re verre miroir<\/li>\n<li>Livr\u00e9 avec m\u00e9canisme et aiguilles<\/li>\n<\/ul>\n","protected":false},"excerpt":{"rendered":"<ul>\n<li>Dimensions: 30\u00d716 cm<\/li>\n<li>\u00c9paisseur:\u00a04 mm<\/li>\n<li>Mat\u00e9riau: Mati\u00e8re verre miroir<\/li>\n<li>Livr\u00e9 avec m\u00e9canisme et aiguilles<\/li>\n<\/ul>\n","protected":false},"featured_media":11280,"comment_status":"open","ping_status":"closed","template":"","meta":{"_acf_changed":false,"_monsterinsights_skip_tracking":false,"_monsterinsights_sitenote_active":false,"_monsterinsights_sitenote_note":"","_monsterinsights_sitenote_category":0,"_uf_show_specific_survey":0,"_uf_disable_surveys":false,"_joinchat":[]},"product_brand":[],"product_cat":[384,385],"product_tag":[],"class_list":{"0":"post-11279","1":"product","2":"type-product","3":"status-publish","4":"has-post-thumbnail","6":"product_cat-fournitures-dimpression","7":"product_cat-sublimation","9":"first","10":"instock","11":"sale","12":"shipping-taxable","13":"purchasable","14":"product-type-simple"},"acf":[],"jetpack_sharing_enabled":true,"_links":{"self":[{"href":"https:\/\/digistar.ma\/index.php?rest_route=\/wp\/v2\/product\/11279","targetHints":{"allow":["GET"]}}],"collection":[{"href":"https:\/\/digistar.ma\/index.php?rest_route=\/wp\/v2\/product"}],"about":[{"href":"https:\/\/digistar.ma\/index.php?rest_route=\/wp\/v2\/types\/product"}],"replies":[{"embeddable":true,"href":"https:\/\/digistar.ma\/index.php?rest_route=%2Fwp%2Fv2%2Fcomments&post=11279"}],"version-history":[{"count":1,"href":"https:\/\/digistar.ma\/index.php?rest_route=\/wp\/v2\/product\/11279\/revisions"}],"predecessor-version":[{"id":11287,"href":"https:\/\/digistar.ma\/index.php?rest_route=\/wp\/v2\/product\/11279\/revisions\/11287"}],"wp:featuredmedia":[{"embeddable":true,"href":"https:\/\/digistar.ma\/index.php?rest_route=\/wp\/v2\/media\/11280"}],"wp:attachment":[{"href":"https:\/\/digistar.ma\/index.php?rest_route=%2Fwp%2Fv2%2Fmedia&parent=11279"}],"wp:term":[{"taxonomy":"product_brand","embeddable":true,"href":"https:\/\/digistar.ma\/index.php?rest_route=%2Fwp%2Fv2%2Fproduct_brand&post=11279"},{"taxonomy":"product_cat","embeddable":true,"href":"https:\/\/digistar.ma\/index.php?rest_route=%2Fwp%2Fv2%2Fproduct_cat&post=11279"},{"taxonomy":"product_tag","embeddable":true,"href":"https:\/\/digistar.ma\/index.php?rest_route=%2Fwp%2Fv2%2Fproduct_tag&post=11279"}],"curies":[{"name":"wp","href":"https:\/\/api.w.org\/{rel}","templated":true}]}}