{"id":11286,"date":"2024-04-06T12:55:04","date_gmt":"2024-04-06T12:55:04","guid":{"rendered":"https:\/\/digistar.ma\/?post_type=product&#038;p=11286"},"modified":"2024-04-06T12:57:23","modified_gmt":"2024-04-06T12:57:23","slug":"presse-de-sublimation-3d-four-de-transfert-thermique","status":"publish","type":"product","link":"https:\/\/digistar.ma\/?product=presse-de-sublimation-3d-four-de-transfert-thermique","title":{"rendered":"Presse de Sublimation 3D &#8211; Four de Transfert Thermique"},"content":{"rendered":"<h2>Presse de Sublimation 3D &#8211; Four de Transfert Thermique<\/h2>\n<p>La Presse de Sublimation 3D &#8211; Four de Transfert Thermique est un outil puissant pour les passionn\u00e9s de personnalisation et les professionnels de l&#8217;impression. Avec sa capacit\u00e9 \u00e0 r\u00e9aliser des transferts thermiques en trois dimensions, cette presse offre une polyvalence exceptionnelle pour cr\u00e9er des produits uniques et personnalis\u00e9s.<\/p>\n<p><img fetchpriority=\"high\" decoding=\"async\" class=\"size-medium wp-image-11289\" src=\"https:\/\/digistar.ma\/wp-content\/uploads\/2024\/04\/Presse-de-Sublimation-3D-Four-de-Transfert-Thermique1-300x300.jpg\" alt=\"Presse de Sublimation 3D - Four de Transfert Thermique\" width=\"300\" height=\"300\" srcset=\"https:\/\/digistar.ma\/wp-content\/uploads\/2024\/04\/Presse-de-Sublimation-3D-Four-de-Transfert-Thermique1-300x300.jpg 300w, https:\/\/digistar.ma\/wp-content\/uploads\/2024\/04\/Presse-de-Sublimation-3D-Four-de-Transfert-Thermique1-1024x1024.jpg 1024w, https:\/\/digistar.ma\/wp-content\/uploads\/2024\/04\/Presse-de-Sublimation-3D-Four-de-Transfert-Thermique1-150x150.jpg 150w, https:\/\/digistar.ma\/wp-content\/uploads\/2024\/04\/Presse-de-Sublimation-3D-Four-de-Transfert-Thermique1-768x768.jpg 768w, https:\/\/digistar.ma\/wp-content\/uploads\/2024\/04\/Presse-de-Sublimation-3D-Four-de-Transfert-Thermique1-1536x1536.jpg 1536w, https:\/\/digistar.ma\/wp-content\/uploads\/2024\/04\/Presse-de-Sublimation-3D-Four-de-Transfert-Thermique1-600x600.jpg 600w, https:\/\/digistar.ma\/wp-content\/uploads\/2024\/04\/Presse-de-Sublimation-3D-Four-de-Transfert-Thermique1-100x100.jpg 100w, https:\/\/digistar.ma\/wp-content\/uploads\/2024\/04\/Presse-de-Sublimation-3D-Four-de-Transfert-Thermique1.jpg 2000w\" sizes=\"(max-width: 300px) 100vw, 300px\" \/><\/p>\n<p>Avec son fonctionnement simple et intuitif, la Presse de Sublimation 3D &#8211; Four de Transfert Thermique vous permet de contr\u00f4ler facilement la temp\u00e9rature et la dur\u00e9e du processus de sublimation, vous offrant ainsi un contr\u00f4le total sur vos projets de personnalisation. Que vous soyez un amateur passionn\u00e9 ou un professionnel exp\u00e9riment\u00e9, cette presse de sublimation 3D est un outil essentiel pour donner vie \u00e0 vos id\u00e9es cr\u00e9atives.<\/p>\n<p><img decoding=\"async\" class=\"size-medium wp-image-11290\" src=\"https:\/\/digistar.ma\/wp-content\/uploads\/2024\/04\/Presse-de-Sublimation-3D-Four-de-Transfert-Thermique2-300x300.jpg\" alt=\"Presse de Sublimation 3D - Four de Transfert Thermique\" width=\"300\" height=\"300\" srcset=\"https:\/\/digistar.ma\/wp-content\/uploads\/2024\/04\/Presse-de-Sublimation-3D-Four-de-Transfert-Thermique2-300x300.jpg 300w, https:\/\/digistar.ma\/wp-content\/uploads\/2024\/04\/Presse-de-Sublimation-3D-Four-de-Transfert-Thermique2-1024x1024.jpg 1024w, https:\/\/digistar.ma\/wp-content\/uploads\/2024\/04\/Presse-de-Sublimation-3D-Four-de-Transfert-Thermique2-150x150.jpg 150w, https:\/\/digistar.ma\/wp-content\/uploads\/2024\/04\/Presse-de-Sublimation-3D-Four-de-Transfert-Thermique2-768x768.jpg 768w, https:\/\/digistar.ma\/wp-content\/uploads\/2024\/04\/Presse-de-Sublimation-3D-Four-de-Transfert-Thermique2-1536x1536.jpg 1536w, https:\/\/digistar.ma\/wp-content\/uploads\/2024\/04\/Presse-de-Sublimation-3D-Four-de-Transfert-Thermique2-600x600.jpg 600w, https:\/\/digistar.ma\/wp-content\/uploads\/2024\/04\/Presse-de-Sublimation-3D-Four-de-Transfert-Thermique2-100x100.jpg 100w, https:\/\/digistar.ma\/wp-content\/uploads\/2024\/04\/Presse-de-Sublimation-3D-Four-de-Transfert-Thermique2.jpg 2000w\" sizes=\"(max-width: 300px) 100vw, 300px\" \/><\/p>\n<p>Dot\u00e9e d&#8217;une conception innovante et de fonctionnalit\u00e9s avanc\u00e9es, cette Presse de Sublimation 3D &#8211; Four de Transfert Thermique vous permet de transf\u00e9rer des motifs sur une grande vari\u00e9t\u00e9 d&#8217;objets tridimensionnels, tels que des coques de t\u00e9l\u00e9phone, des porte-cl\u00e9s, des tasses et bien plus encore. Gr\u00e2ce \u00e0 sa technologie de chauffage de pointe, elle garantit des r\u00e9sultats nets et durables, capturant chaque d\u00e9tail de vos cr\u00e9ations avec pr\u00e9cision.<\/p>\n<p><img decoding=\"async\" class=\"size-medium wp-image-11291\" src=\"https:\/\/digistar.ma\/wp-content\/uploads\/2024\/04\/Presse-de-Sublimation-3D-Four-de-Transfert-Thermique3-300x300.jpg\" alt=\"Presse de Sublimation 3D - Four de Transfert Thermique\" width=\"300\" height=\"300\" srcset=\"https:\/\/digistar.ma\/wp-content\/uploads\/2024\/04\/Presse-de-Sublimation-3D-Four-de-Transfert-Thermique3-300x300.jpg 300w, https:\/\/digistar.ma\/wp-content\/uploads\/2024\/04\/Presse-de-Sublimation-3D-Four-de-Transfert-Thermique3-1024x1024.jpg 1024w, https:\/\/digistar.ma\/wp-content\/uploads\/2024\/04\/Presse-de-Sublimation-3D-Four-de-Transfert-Thermique3-150x150.jpg 150w, https:\/\/digistar.ma\/wp-content\/uploads\/2024\/04\/Presse-de-Sublimation-3D-Four-de-Transfert-Thermique3-768x768.jpg 768w, https:\/\/digistar.ma\/wp-content\/uploads\/2024\/04\/Presse-de-Sublimation-3D-Four-de-Transfert-Thermique3-1536x1536.jpg 1536w, https:\/\/digistar.ma\/wp-content\/uploads\/2024\/04\/Presse-de-Sublimation-3D-Four-de-Transfert-Thermique3-600x600.jpg 600w, https:\/\/digistar.ma\/wp-content\/uploads\/2024\/04\/Presse-de-Sublimation-3D-Four-de-Transfert-Thermique3-100x100.jpg 100w, https:\/\/digistar.ma\/wp-content\/uploads\/2024\/04\/Presse-de-Sublimation-3D-Four-de-Transfert-Thermique3.jpg 2000w\" sizes=\"(max-width: 300px) 100vw, 300px\" \/><\/p>\n<p>&nbsp;<\/p>\n<ul>\n<li>Four 3D\u00a0sublimation<\/li>\n<li>Puissance : 2 800 W<\/li>\n<li>Garantie 1 an<\/li>\n<\/ul>\n","protected":false},"excerpt":{"rendered":"<ul>\n<li>Four 3D\u00a0sublimation<\/li>\n<li>Puissance : 2 800 W<\/li>\n<li>Garantie 1 an<\/li>\n<\/ul>\n","protected":false},"featured_media":11288,"comment_status":"open","ping_status":"closed","template":"","meta":{"_acf_changed":false,"_monsterinsights_skip_tracking":false,"_monsterinsights_sitenote_active":false,"_monsterinsights_sitenote_note":"","_monsterinsights_sitenote_category":0,"_uf_show_specific_survey":0,"_uf_disable_surveys":false,"_joinchat":[]},"product_brand":[],"product_cat":[384,388],"product_tag":[],"class_list":{"0":"post-11286","1":"product","2":"type-product","3":"status-publish","4":"has-post-thumbnail","6":"product_cat-fournitures-dimpression","7":"product_cat-presse-a-chaud","9":"first","10":"instock","11":"sale","12":"shipping-taxable","13":"purchasable","14":"product-type-simple"},"acf":[],"jetpack_sharing_enabled":true,"_links":{"self":[{"href":"https:\/\/digistar.ma\/index.php?rest_route=\/wp\/v2\/product\/11286","targetHints":{"allow":["GET"]}}],"collection":[{"href":"https:\/\/digistar.ma\/index.php?rest_route=\/wp\/v2\/product"}],"about":[{"href":"https:\/\/digistar.ma\/index.php?rest_route=\/wp\/v2\/types\/product"}],"replies":[{"embeddable":true,"href":"https:\/\/digistar.ma\/index.php?rest_route=%2Fwp%2Fv2%2Fcomments&post=11286"}],"version-history":[{"count":3,"href":"https:\/\/digistar.ma\/index.php?rest_route=\/wp\/v2\/product\/11286\/revisions"}],"predecessor-version":[{"id":11294,"href":"https:\/\/digistar.ma\/index.php?rest_route=\/wp\/v2\/product\/11286\/revisions\/11294"}],"wp:featuredmedia":[{"embeddable":true,"href":"https:\/\/digistar.ma\/index.php?rest_route=\/wp\/v2\/media\/11288"}],"wp:attachment":[{"href":"https:\/\/digistar.ma\/index.php?rest_route=%2Fwp%2Fv2%2Fmedia&parent=11286"}],"wp:term":[{"taxonomy":"product_brand","embeddable":true,"href":"https:\/\/digistar.ma\/index.php?rest_route=%2Fwp%2Fv2%2Fproduct_brand&post=11286"},{"taxonomy":"product_cat","embeddable":true,"href":"https:\/\/digistar.ma\/index.php?rest_route=%2Fwp%2Fv2%2Fproduct_cat&post=11286"},{"taxonomy":"product_tag","embeddable":true,"href":"https:\/\/digistar.ma\/index.php?rest_route=%2Fwp%2Fv2%2Fproduct_tag&post=11286"}],"curies":[{"name":"wp","href":"https:\/\/api.w.org\/{rel}","templated":true}]}}