{"id":11295,"date":"2024-04-06T13:36:57","date_gmt":"2024-04-06T13:36:57","guid":{"rendered":"https:\/\/digistar.ma\/?post_type=product&#038;p=11295"},"modified":"2024-04-06T13:36:58","modified_gmt":"2024-04-06T13:36:58","slug":"presse-a-chaud-multifonctions-11-en-1-freesub-p8001-11p","status":"publish","type":"product","link":"https:\/\/digistar.ma\/?product=presse-a-chaud-multifonctions-11-en-1-freesub-p8001-11p","title":{"rendered":"Presse \u00e0 chaud multifonctions 11 en 1 FREESUB P8001-11P"},"content":{"rendered":"<h2>Presse \u00e0 chaud multifonctions 11 en 1 FREESUB P8001-11P<\/h2>\n<p>La presse \u00e0 chaud multifonctions 11 en 1 FREESUB P8001-11P est un outil polyvalent et puissant pour les professionnels de la personnalisation et de l&#8217;impression. Avec ses onze fonctions int\u00e9gr\u00e9es, cette presse vous offre une flexibilit\u00e9 in\u00e9gal\u00e9e pour r\u00e9aliser une vari\u00e9t\u00e9 de projets de personnalisation.<\/p>\n<p><img fetchpriority=\"high\" decoding=\"async\" class=\"size-medium wp-image-11298\" src=\"https:\/\/digistar.ma\/wp-content\/uploads\/2024\/04\/La-presse-a-chaud-multifonctions-11-en-1-FREESUB-P8001-11P-2-300x300.jpg\" alt=\"Presse \u00e0 chaud multifonctions 11 en 1 FREESUB P8001-11P\" width=\"300\" height=\"300\" srcset=\"https:\/\/digistar.ma\/wp-content\/uploads\/2024\/04\/La-presse-a-chaud-multifonctions-11-en-1-FREESUB-P8001-11P-2-300x300.jpg 300w, https:\/\/digistar.ma\/wp-content\/uploads\/2024\/04\/La-presse-a-chaud-multifonctions-11-en-1-FREESUB-P8001-11P-2-1024x1024.jpg 1024w, https:\/\/digistar.ma\/wp-content\/uploads\/2024\/04\/La-presse-a-chaud-multifonctions-11-en-1-FREESUB-P8001-11P-2-150x150.jpg 150w, https:\/\/digistar.ma\/wp-content\/uploads\/2024\/04\/La-presse-a-chaud-multifonctions-11-en-1-FREESUB-P8001-11P-2-768x768.jpg 768w, https:\/\/digistar.ma\/wp-content\/uploads\/2024\/04\/La-presse-a-chaud-multifonctions-11-en-1-FREESUB-P8001-11P-2-1536x1536.jpg 1536w, https:\/\/digistar.ma\/wp-content\/uploads\/2024\/04\/La-presse-a-chaud-multifonctions-11-en-1-FREESUB-P8001-11P-2-600x600.jpg 600w, https:\/\/digistar.ma\/wp-content\/uploads\/2024\/04\/La-presse-a-chaud-multifonctions-11-en-1-FREESUB-P8001-11P-2-100x100.jpg 100w, https:\/\/digistar.ma\/wp-content\/uploads\/2024\/04\/La-presse-a-chaud-multifonctions-11-en-1-FREESUB-P8001-11P-2.jpg 2000w\" sizes=\"(max-width: 300px) 100vw, 300px\" \/><\/p>\n<p>Avec son \u00e9cran LCD intuitif, cette presse \u00e0 chaud vous permet de r\u00e9gler facilement la temp\u00e9rature, le temps et la pression en fonction du mat\u00e9riau que vous utilisez. Que vous travailliez avec du textile, du c\u00e9ramique, du m\u00e9tal ou d&#8217;autres mat\u00e9riaux, cette presse \u00e0 chaud garantit des r\u00e9sultats de haute qualit\u00e9 \u00e0 chaque utilisation.<\/p>\n<p><img decoding=\"async\" class=\"size-medium wp-image-11302\" src=\"https:\/\/digistar.ma\/wp-content\/uploads\/2024\/04\/La-presse-a-chaud-multifonctions-11-en-1-FREESUB-P8001-11P-3-1-300x300.jpg\" alt=\"Presse \u00e0 chaud multifonctions 11 en 1 FREESUB P8001-11P\" width=\"300\" height=\"300\" srcset=\"https:\/\/digistar.ma\/wp-content\/uploads\/2024\/04\/La-presse-a-chaud-multifonctions-11-en-1-FREESUB-P8001-11P-3-1-300x300.jpg 300w, https:\/\/digistar.ma\/wp-content\/uploads\/2024\/04\/La-presse-a-chaud-multifonctions-11-en-1-FREESUB-P8001-11P-3-1-1024x1024.jpg 1024w, https:\/\/digistar.ma\/wp-content\/uploads\/2024\/04\/La-presse-a-chaud-multifonctions-11-en-1-FREESUB-P8001-11P-3-1-150x150.jpg 150w, https:\/\/digistar.ma\/wp-content\/uploads\/2024\/04\/La-presse-a-chaud-multifonctions-11-en-1-FREESUB-P8001-11P-3-1-768x768.jpg 768w, https:\/\/digistar.ma\/wp-content\/uploads\/2024\/04\/La-presse-a-chaud-multifonctions-11-en-1-FREESUB-P8001-11P-3-1-1536x1536.jpg 1536w, https:\/\/digistar.ma\/wp-content\/uploads\/2024\/04\/La-presse-a-chaud-multifonctions-11-en-1-FREESUB-P8001-11P-3-1-600x600.jpg 600w, https:\/\/digistar.ma\/wp-content\/uploads\/2024\/04\/La-presse-a-chaud-multifonctions-11-en-1-FREESUB-P8001-11P-3-1-100x100.jpg 100w, https:\/\/digistar.ma\/wp-content\/uploads\/2024\/04\/La-presse-a-chaud-multifonctions-11-en-1-FREESUB-P8001-11P-3-1.jpg 2000w\" sizes=\"(max-width: 300px) 100vw, 300px\" \/><\/p>\n<p>Dot\u00e9e d&#8217;une conception innovante et de fonctionnalit\u00e9s avanc\u00e9es, cette\u00a0presse \u00e0 chaud multifonctions 11 en 1 FREESUB P8001-11P vous permet de transf\u00e9rer des motifs sur une large gamme de supports, tels que les t-shirts, les casquettes, les tasses, les assiettes, les puzzles et bien plus encore. Gr\u00e2ce \u00e0 ses onze fonctions diff\u00e9rentes, vous pouvez choisir le plateau de pression adapt\u00e9 \u00e0 votre projet, offrant ainsi une personnalisation pr\u00e9cise et professionnelle.<\/p>\n<p>&nbsp;<\/p>\n<p><img decoding=\"async\" class=\"size-medium wp-image-11301\" src=\"https:\/\/digistar.ma\/wp-content\/uploads\/2024\/04\/La-presse-a-chaud-multifonctions-11-en-1-FREESUB-P8001-11P-4-298x300.jpg\" alt=\"Presse \u00e0 chaud multifonctions 11 en 1 FREESUB P8001-11P\" width=\"298\" height=\"300\" srcset=\"https:\/\/digistar.ma\/wp-content\/uploads\/2024\/04\/La-presse-a-chaud-multifonctions-11-en-1-FREESUB-P8001-11P-4-298x300.jpg 298w, https:\/\/digistar.ma\/wp-content\/uploads\/2024\/04\/La-presse-a-chaud-multifonctions-11-en-1-FREESUB-P8001-11P-4-150x150.jpg 150w, https:\/\/digistar.ma\/wp-content\/uploads\/2024\/04\/La-presse-a-chaud-multifonctions-11-en-1-FREESUB-P8001-11P-4-100x100.jpg 100w, https:\/\/digistar.ma\/wp-content\/uploads\/2024\/04\/La-presse-a-chaud-multifonctions-11-en-1-FREESUB-P8001-11P-4.jpg 500w\" sizes=\"(max-width: 298px) 100vw, 298px\" \/><\/p>\n","protected":false},"excerpt":{"rendered":"<ul>\n<li>1 \u00e9l\u00e9ment \u00e0 plat taille 30 x 38 cm<\/li>\n<li>4 \u00e9l\u00e9ments chauffants pour mugs (1 oval inclus)<\/li>\n<li>1 \u00e9l\u00e9ment chauffant pour thermos<\/li>\n<li>1 \u00e9l\u00e9ment chauffant pour tasse \u00e0 caf\u00e9<\/li>\n<li>2 \u00e9l\u00e9ments chauffants pour assiettes<\/li>\n<li>1 \u00e9l\u00e9ment chauffant pour casquette<\/li>\n<li>1 \u00e9l\u00e9ment chauffant pour stylos<\/li>\n<\/ul>\n","protected":false},"featured_media":11297,"comment_status":"open","ping_status":"closed","template":"","meta":{"_acf_changed":false,"_monsterinsights_skip_tracking":false,"_monsterinsights_sitenote_active":false,"_monsterinsights_sitenote_note":"","_monsterinsights_sitenote_category":0,"_uf_show_specific_survey":0,"_uf_disable_surveys":false,"_joinchat":[]},"product_brand":[],"product_cat":[384,388],"product_tag":[],"class_list":{"0":"post-11295","1":"product","2":"type-product","3":"status-publish","4":"has-post-thumbnail","6":"product_cat-fournitures-dimpression","7":"product_cat-presse-a-chaud","9":"first","10":"instock","11":"sale","12":"shipping-taxable","13":"purchasable","14":"product-type-simple"},"acf":[],"jetpack_sharing_enabled":true,"_links":{"self":[{"href":"https:\/\/digistar.ma\/index.php?rest_route=\/wp\/v2\/product\/11295","targetHints":{"allow":["GET"]}}],"collection":[{"href":"https:\/\/digistar.ma\/index.php?rest_route=\/wp\/v2\/product"}],"about":[{"href":"https:\/\/digistar.ma\/index.php?rest_route=\/wp\/v2\/types\/product"}],"replies":[{"embeddable":true,"href":"https:\/\/digistar.ma\/index.php?rest_route=%2Fwp%2Fv2%2Fcomments&post=11295"}],"version-history":[{"count":1,"href":"https:\/\/digistar.ma\/index.php?rest_route=\/wp\/v2\/product\/11295\/revisions"}],"predecessor-version":[{"id":11303,"href":"https:\/\/digistar.ma\/index.php?rest_route=\/wp\/v2\/product\/11295\/revisions\/11303"}],"wp:featuredmedia":[{"embeddable":true,"href":"https:\/\/digistar.ma\/index.php?rest_route=\/wp\/v2\/media\/11297"}],"wp:attachment":[{"href":"https:\/\/digistar.ma\/index.php?rest_route=%2Fwp%2Fv2%2Fmedia&parent=11295"}],"wp:term":[{"taxonomy":"product_brand","embeddable":true,"href":"https:\/\/digistar.ma\/index.php?rest_route=%2Fwp%2Fv2%2Fproduct_brand&post=11295"},{"taxonomy":"product_cat","embeddable":true,"href":"https:\/\/digistar.ma\/index.php?rest_route=%2Fwp%2Fv2%2Fproduct_cat&post=11295"},{"taxonomy":"product_tag","embeddable":true,"href":"https:\/\/digistar.ma\/index.php?rest_route=%2Fwp%2Fv2%2Fproduct_tag&post=11295"}],"curies":[{"name":"wp","href":"https:\/\/api.w.org\/{rel}","templated":true}]}}