{"id":11296,"date":"2024-04-06T15:16:31","date_gmt":"2024-04-06T15:16:31","guid":{"rendered":"https:\/\/digistar.ma\/?post_type=product&#038;p=11296"},"modified":"2025-02-16T00:04:38","modified_gmt":"2025-02-16T00:04:38","slug":"plotter-de-decoupe-flex-et-vinyle-teneth-t48l-ccd","status":"publish","type":"product","link":"https:\/\/digistar.ma\/?product=plotter-de-decoupe-flex-et-vinyle-teneth-t48l-ccd","title":{"rendered":"Plotter de d\u00e9coupe flex et vinyle Teneth T48L CCD"},"content":{"rendered":"<h4 class=\"product_title entry-title\">Plotter de d\u00e9coupe flex et vinyle Teneth T48L CCD<\/h4>\n<p>Plotter de d\u00e9coupe est une machine qui permet de d\u00e9couper des mati\u00e8res adh\u00e9sives sous forme de rouleaux, telles que le flex pour le marquage textile ou le vinyle pour toutes les surfaces ext\u00e9rieures (vitres, voitures\u2026 ).<\/p>\n<p>Ce plotter nouvelle g\u00e9n\u00e9ration r\u00e9pondra \u00e0 toutes vos attentes , Un \u0153il optique int\u00e9gr\u00e9 pour le guidage laser num\u00e9risera de mani\u00e8re semi-automatique qui permet de d\u00e9couper n\u2019importe quelle forme d\u2019etiquettes ( vinyle ou flex imprimable ) en temps r\u00e9el.<\/p>\n<pre id=\"tw-target-text\" class=\"tw-data-text tw-text-large tw-ta\" dir=\"ltr\" data-placeholder=\"Traduction\" aria-label=\"Texte traduit\" data-ved=\"2ahUKEwji4o-u462FAxVChv0HHeoODMUQ3ewLegQIBRAU\"><span class=\"Y2IQFc\" lang=\"fr\"><em><strong>Application du produit:<\/strong><\/em>\r\n1.\r\nIndustrie des enseignes publicitaires\r\nAutocollants, lettres autocollantes autocollantes\r\n2.\r\nIndustrie de la boue de diatom\u00e9es\u00a0:\r\nAppliqu\u00e9 aux mod\u00e8les de boue de diatom\u00e9es pr\u00e9d\u00e9coup\u00e9s\r\n3.\r\nIndustrie du transfert de chaleur\u00a0:\r\nLettres d\u00e9coup\u00e9es au-dessus du film de transfert de chaleur, film de transfert de chaleur de couleur fonc\u00e9e\r\nD\u00e9coupe de contour, film lumineux, mat\u00e9riau PU de transfert de chaleur de diff\u00e9rentes couleurs (utilis\u00e9 dans les v\u00eatements,\r\nchapeaux, tasses, oreillers, autres d\u00e9corations artistiques et artisanales)\r\n4.\r\nIndustrie des autocollants autocollants\u00a0:\r\nLigne de contour de coupe d'autocollants imprim\u00e9s, \u00e9tiquettes auto-adh\u00e9sives, \u00e9tiquettes en PVC, petites\r\nquantit\u00e9s d'industrie de d\u00e9coupe imprim\u00e9e\r\n5.\r\nIndustrie du papier de cartes d\u2019art et d\u2019artisanat\u00a0:\r\nCouper divers papiers d'art et d'artisanat, cartes de v\u0153ux, cartes de banquet, mod\u00e8les en papier,\r\nNoeud chinois, etc.\r\n(Principaux mat\u00e9riaux de d\u00e9coupe\u00a0: papier couch\u00e9, papier iris\u00e9, papier photo, mod\u00e8le PVC)\r\n6.\r\nIndustrie de la beaut\u00e9 automobile\u00a0:\r\nArts de carrosserie professionnels personnalis\u00e9s, changement de couleur de carrosserie, modifications ext\u00e9rieures, etc.\r\n7.\r\nIndustrie des autocollants muraux et des autocollants pour voitures\u00a0:\r\nTraitement de tous les types d'autocollants muraux en verre, d'autocollants muraux de dessins anim\u00e9s, d'autocollants de t\u00eate de voiture,\r\nautocollants pour pare-chocs, arts du bouchon du r\u00e9servoir de carburant, etc.\r\n(Principalement des autocollants d\u00e9coup\u00e9s, un film r\u00e9fl\u00e9chissant, un film de verre)<\/span><\/pre>\n","protected":false},"excerpt":{"rendered":"<ul>\n<li>largeur : 1300 mm camera automatique<\/li>\n<li>Logiciel de pilotage signmaster<\/li>\n<li>\u0152il optique pour lecture automatique<\/li>\n<li>Garantie 1an<\/li>\n<li>Marque Teneth<\/li>\n<\/ul>\n","protected":false},"featured_media":11312,"comment_status":"open","ping_status":"closed","template":"","meta":{"_acf_changed":false,"_monsterinsights_skip_tracking":false,"_monsterinsights_sitenote_active":false,"_monsterinsights_sitenote_note":"","_monsterinsights_sitenote_category":0,"_uf_show_specific_survey":0,"_uf_disable_surveys":false,"_joinchat":[]},"product_brand":[],"product_cat":[384],"product_tag":[],"class_list":{"0":"post-11296","1":"product","2":"type-product","3":"status-publish","4":"has-post-thumbnail","6":"product_cat-fournitures-dimpression","8":"first","9":"onbackorder","10":"sale","11":"shipping-taxable","12":"purchasable","13":"product-type-simple"},"acf":[],"jetpack_sharing_enabled":true,"_links":{"self":[{"href":"https:\/\/digistar.ma\/index.php?rest_route=\/wp\/v2\/product\/11296","targetHints":{"allow":["GET"]}}],"collection":[{"href":"https:\/\/digistar.ma\/index.php?rest_route=\/wp\/v2\/product"}],"about":[{"href":"https:\/\/digistar.ma\/index.php?rest_route=\/wp\/v2\/types\/product"}],"replies":[{"embeddable":true,"href":"https:\/\/digistar.ma\/index.php?rest_route=%2Fwp%2Fv2%2Fcomments&post=11296"}],"version-history":[{"count":1,"href":"https:\/\/digistar.ma\/index.php?rest_route=\/wp\/v2\/product\/11296\/revisions"}],"predecessor-version":[{"id":11314,"href":"https:\/\/digistar.ma\/index.php?rest_route=\/wp\/v2\/product\/11296\/revisions\/11314"}],"wp:featuredmedia":[{"embeddable":true,"href":"https:\/\/digistar.ma\/index.php?rest_route=\/wp\/v2\/media\/11312"}],"wp:attachment":[{"href":"https:\/\/digistar.ma\/index.php?rest_route=%2Fwp%2Fv2%2Fmedia&parent=11296"}],"wp:term":[{"taxonomy":"product_brand","embeddable":true,"href":"https:\/\/digistar.ma\/index.php?rest_route=%2Fwp%2Fv2%2Fproduct_brand&post=11296"},{"taxonomy":"product_cat","embeddable":true,"href":"https:\/\/digistar.ma\/index.php?rest_route=%2Fwp%2Fv2%2Fproduct_cat&post=11296"},{"taxonomy":"product_tag","embeddable":true,"href":"https:\/\/digistar.ma\/index.php?rest_route=%2Fwp%2Fv2%2Fproduct_tag&post=11296"}],"curies":[{"name":"wp","href":"https:\/\/api.w.org\/{rel}","templated":true}]}}