{"id":11320,"date":"2024-04-06T15:54:30","date_gmt":"2024-04-06T15:54:30","guid":{"rendered":"https:\/\/digistar.ma\/?post_type=product&#038;p=11320"},"modified":"2025-02-16T00:04:21","modified_gmt":"2025-02-16T00:04:21","slug":"plotter-de-decoupe-flex-et-vinyle-teneth-th440l","status":"publish","type":"product","link":"https:\/\/digistar.ma\/?product=plotter-de-decoupe-flex-et-vinyle-teneth-th440l","title":{"rendered":"Plotter de d\u00e9coupe flex et vinyle Teneth TH440L"},"content":{"rendered":"<p><strong>Plotter de d\u00e9coupe flex et vinyle Teneth TH440L<\/strong><\/p>\n<section class=\"elementor-section elementor-top-section elementor-element elementor-element-66a09f8 elementor-section-boxed elementor-section-height-default elementor-section-height-default\" data-id=\"66a09f8\" data-element_type=\"section\">\n<div class=\"elementor-container elementor-column-gap-default\">\n<div class=\"elementor-column elementor-col-100 elementor-top-column elementor-element elementor-element-243ba8c\" data-id=\"243ba8c\" data-element_type=\"column\">\n<div class=\"elementor-widget-wrap elementor-element-populated\">\n<div class=\"elementor-element elementor-element-214c4e8 elementor-widget elementor-widget-text-editor\" data-id=\"214c4e8\" data-element_type=\"widget\" data-widget_type=\"text-editor.default\">\n<div class=\"elementor-widget-container\">\n<p>Plotter de d\u00e9coupe est une machine qui permet de d\u00e9couper des mati\u00e8res adh\u00e9sives sous forme de rouleaux, telles que le flex pour le marquage textile ou le vinyle pour toutes les surfaces ext\u00e9rieures (vitres, voitures\u2026 ).<\/p>\n<\/div>\n<\/div>\n<\/div>\n<\/div>\n<\/div>\n<\/section>\n<section class=\"elementor-section elementor-top-section elementor-element elementor-element-25a6166 elementor-section-boxed elementor-section-height-default elementor-section-height-default\" data-id=\"25a6166\" data-element_type=\"section\">\n<div class=\"elementor-container elementor-column-gap-default\">\n<div class=\"elementor-column elementor-col-50 elementor-top-column elementor-element elementor-element-156d05f\" data-id=\"156d05f\" data-element_type=\"column\">\n<div class=\"elementor-widget-wrap elementor-element-populated\">\n<div class=\"elementor-element elementor-element-872a343 elementor-widget elementor-widget-image\" data-id=\"872a343\" data-element_type=\"widget\" data-widget_type=\"image.default\">\n<div class=\"elementor-widget-container\"><img fetchpriority=\"high\" decoding=\"async\" class=\"attachment-large size-large wp-image-20658\" src=\"https:\/\/supplytech.ma\/wp-content\/uploads\/2023\/10\/teneth-banner-th440-1.jpg\" sizes=\"(max-width: 700px) 100vw, 700px\" srcset=\"https:\/\/supplytech.ma\/wp-content\/uploads\/2023\/10\/teneth-banner-th440-1.jpg 700w, https:\/\/supplytech.ma\/wp-content\/uploads\/2023\/10\/teneth-banner-th440-1-300x172.jpg 300w, https:\/\/supplytech.ma\/wp-content\/uploads\/2023\/10\/teneth-banner-th440-1-90x52.jpg 90w, https:\/\/supplytech.ma\/wp-content\/uploads\/2023\/10\/teneth-banner-th440-1-601x344.jpg 601w, https:\/\/supplytech.ma\/wp-content\/uploads\/2023\/10\/teneth-banner-th440-1-64x37.jpg 64w\" alt=\"\" width=\"700\" height=\"401\" \/><\/div>\n<\/div>\n<\/div>\n<\/div>\n<div class=\"elementor-column elementor-col-50 elementor-top-column elementor-element elementor-element-8f67a6e\" data-id=\"8f67a6e\" data-element_type=\"column\">\n<div class=\"elementor-widget-wrap elementor-element-populated\">\n<div class=\"elementor-element elementor-element-ef0b6d5 elementor-widget elementor-widget-image\" data-id=\"ef0b6d5\" data-element_type=\"widget\" data-widget_type=\"image.default\">\n<div class=\"elementor-widget-container\"><img decoding=\"async\" class=\"attachment-large size-large wp-image-20659\" src=\"https:\/\/supplytech.ma\/wp-content\/uploads\/2023\/10\/teneth-banner-th440-2.jpg\" sizes=\"(max-width: 700px) 100vw, 700px\" srcset=\"https:\/\/supplytech.ma\/wp-content\/uploads\/2023\/10\/teneth-banner-th440-2.jpg 700w, https:\/\/supplytech.ma\/wp-content\/uploads\/2023\/10\/teneth-banner-th440-2-300x172.jpg 300w, https:\/\/supplytech.ma\/wp-content\/uploads\/2023\/10\/teneth-banner-th440-2-90x52.jpg 90w, https:\/\/supplytech.ma\/wp-content\/uploads\/2023\/10\/teneth-banner-th440-2-601x344.jpg 601w, https:\/\/supplytech.ma\/wp-content\/uploads\/2023\/10\/teneth-banner-th440-2-64x37.jpg 64w\" alt=\"\" width=\"700\" height=\"401\" \/><\/div>\n<\/div>\n<\/div>\n<\/div>\n<\/div>\n<\/section>\n<section class=\"elementor-section elementor-top-section elementor-element elementor-element-986d0f1 elementor-section-boxed elementor-section-height-default elementor-section-height-default\" data-id=\"986d0f1\" data-element_type=\"section\">\n<div class=\"elementor-container elementor-column-gap-default\">\n<div class=\"elementor-column elementor-col-100 elementor-top-column elementor-element elementor-element-6fd89811\" data-id=\"6fd89811\" data-element_type=\"column\">\n<div class=\"elementor-widget-wrap elementor-element-populated\">\n<div class=\"elementor-element elementor-element-44f01db9 elementor-widget elementor-widget-text-editor\" data-id=\"44f01db9\" data-element_type=\"widget\" data-widget_type=\"text-editor.default\">\n<div class=\"elementor-widget-container\">\n<table class=\"table table-bordered table-hover\" style=\"height: 517px;\" width=\"1022\">\n<tbody>\n<tr class=\"firstRow\">\n<td><strong>Mod\u00e8le<\/strong><\/td>\n<td>TH-440L<\/td>\n<td>\u00a0sans table<\/td>\n<td><\/td>\n<td><\/td>\n<\/tr>\n<tr>\n<td><strong>Carte principale<\/strong><\/td>\n<td colspan=\"4\">Processeur ARM7 32 bits, m\u00e9moire cache haute vitesse 64 Mo<\/td>\n<\/tr>\n<tr>\n<td><strong>Panneau de commande<\/strong><\/td>\n<td colspan=\"4\">11 boutons \u00e0 membrane + \u00e9cran tactile 2,4 pouces<\/td>\n<\/tr>\n<tr>\n<td><strong>Chauffeur<\/strong><\/td>\n<td colspan=\"4\">Moteur pas \u00e0 pas haute vitesse et grande puissance, pilote micro-pas<\/td>\n<\/tr>\n<tr>\n<td><strong>Largeur d\u2019alimentation papier maximale<\/strong><\/td>\n<td>440mm<\/td>\n<td><\/td>\n<td><\/td>\n<td><\/td>\n<\/tr>\n<tr>\n<td><strong>Largeur de coupe maximale<\/strong><\/td>\n<td>330mm<\/td>\n<td><\/td>\n<td><\/td>\n<td><\/td>\n<\/tr>\n<tr>\n<td><strong>D\u00e9couper<\/strong><\/td>\n<td colspan=\"4\">10-500g<\/td>\n<\/tr>\n<tr>\n<td><strong>Vitesse de coupe<\/strong><\/td>\n<td colspan=\"4\">500 mm\/s<\/td>\n<\/tr>\n<tr>\n<td><strong>Pr\u00e9cision m\u00e9canique<\/strong><\/td>\n<td colspan=\"4\">0,025 mm<\/td>\n<\/tr>\n<tr>\n<td><strong>Pr\u00e9cision reproductible<\/strong><\/td>\n<td colspan=\"4\">&lt;+-0.025mm<\/td>\n<\/tr>\n<tr>\n<td><strong>Stylo traceur<\/strong><\/td>\n<td colspan=\"4\">Tous les types de stylo traceur de diam\u00e8tre 11,4 mm<\/td>\n<\/tr>\n<tr>\n<td><strong>Instruction traceur<\/strong><\/td>\n<td colspan=\"4\">DM-PL\/HP-GL<\/td>\n<\/tr>\n<tr>\n<td><strong>Interface<\/strong><\/td>\n<td colspan=\"4\">USB\/disque U\/port s\u00e9rie\/WIFI<\/td>\n<\/tr>\n<tr>\n<td><strong>Source de courant<\/strong><\/td>\n<td colspan=\"4\">AC220V\/110V, 50-60Hz<\/td>\n<\/tr>\n<tr>\n<td><strong>Consommation d\u2019\u00e9nergie<\/strong><\/td>\n<td colspan=\"4\">&lt;80W<\/td>\n<\/tr>\n<tr>\n<td><strong>Taille du paquet<\/strong><\/td>\n<td>710*340*400mm<\/td>\n<td><\/td>\n<td><\/td>\n<td><\/td>\n<\/tr>\n<tr>\n<td><strong>Poids brut<\/strong><\/td>\n<td>15 kg<\/td>\n<td><\/td>\n<td><\/td>\n<td><\/td>\n<\/tr>\n<tr>\n<td><strong>garantie<\/strong><\/td>\n<td colspan=\"4\">1 an<\/td>\n<\/tr>\n<\/tbody>\n<\/table>\n<\/div>\n<\/div>\n<\/div>\n<\/div>\n<\/div>\n<\/section>\n","protected":false},"excerpt":{"rendered":"<ul>\n<li>Largeur : 440 mm<\/li>\n<li>Logiciel de pilotage signmaster<\/li>\n<li>Oeil optique int\u00e9gr\u00e9<\/li>\n<li>Garantie: 1an<\/li>\n<li>Marque: Teneth<\/li>\n<\/ul>\n","protected":false},"featured_media":11321,"comment_status":"open","ping_status":"closed","template":"","meta":{"_acf_changed":false,"_monsterinsights_skip_tracking":false,"_monsterinsights_sitenote_active":false,"_monsterinsights_sitenote_note":"","_monsterinsights_sitenote_category":0,"_uf_show_specific_survey":0,"_uf_disable_surveys":false,"_joinchat":[]},"product_brand":[],"product_cat":[384],"product_tag":[],"class_list":{"0":"post-11320","1":"product","2":"type-product","3":"status-publish","4":"has-post-thumbnail","6":"product_cat-fournitures-dimpression","8":"first","9":"onbackorder","10":"sale","11":"shipping-taxable","12":"purchasable","13":"product-type-simple"},"acf":[],"jetpack_sharing_enabled":true,"_links":{"self":[{"href":"https:\/\/digistar.ma\/index.php?rest_route=\/wp\/v2\/product\/11320","targetHints":{"allow":["GET"]}}],"collection":[{"href":"https:\/\/digistar.ma\/index.php?rest_route=\/wp\/v2\/product"}],"about":[{"href":"https:\/\/digistar.ma\/index.php?rest_route=\/wp\/v2\/types\/product"}],"replies":[{"embeddable":true,"href":"https:\/\/digistar.ma\/index.php?rest_route=%2Fwp%2Fv2%2Fcomments&post=11320"}],"version-history":[{"count":1,"href":"https:\/\/digistar.ma\/index.php?rest_route=\/wp\/v2\/product\/11320\/revisions"}],"predecessor-version":[{"id":11325,"href":"https:\/\/digistar.ma\/index.php?rest_route=\/wp\/v2\/product\/11320\/revisions\/11325"}],"wp:featuredmedia":[{"embeddable":true,"href":"https:\/\/digistar.ma\/index.php?rest_route=\/wp\/v2\/media\/11321"}],"wp:attachment":[{"href":"https:\/\/digistar.ma\/index.php?rest_route=%2Fwp%2Fv2%2Fmedia&parent=11320"}],"wp:term":[{"taxonomy":"product_brand","embeddable":true,"href":"https:\/\/digistar.ma\/index.php?rest_route=%2Fwp%2Fv2%2Fproduct_brand&post=11320"},{"taxonomy":"product_cat","embeddable":true,"href":"https:\/\/digistar.ma\/index.php?rest_route=%2Fwp%2Fv2%2Fproduct_cat&post=11320"},{"taxonomy":"product_tag","embeddable":true,"href":"https:\/\/digistar.ma\/index.php?rest_route=%2Fwp%2Fv2%2Fproduct_tag&post=11320"}],"curies":[{"name":"wp","href":"https:\/\/api.w.org\/{rel}","templated":true}]}}