{"id":11326,"date":"2024-04-06T16:15:02","date_gmt":"2024-04-06T16:15:02","guid":{"rendered":"https:\/\/digistar.ma\/?post_type=product&#038;p=11326"},"modified":"2024-04-06T16:15:03","modified_gmt":"2024-04-06T16:15:03","slug":"plotter-de-decoupe-teneth-tk740-avec-systeme-de-reperage","status":"publish","type":"product","link":"https:\/\/digistar.ma\/?product=plotter-de-decoupe-teneth-tk740-avec-systeme-de-reperage","title":{"rendered":"Plotter de d\u00e9coupe Teneth TK740 avec syst\u00e8me de rep\u00e9rage"},"content":{"rendered":"<p><strong>Plotter de d\u00e9coupe Teneth TK740 avec syst\u00e8me de rep\u00e9rage<\/strong><\/p>\n<p>Plotter de d\u00e9coupe est une machine qui permet de d\u00e9couper des mati\u00e8res adh\u00e9sives sous forme de rouleaux, telles que le flex pour le marquage textile ou le vinyle pour toutes les surfaces ext\u00e9rieures (vitres, voitures\u2026 ).<\/p>\n<p>Ce plotter nouvelle g\u00e9n\u00e9ration r\u00e9pondra \u00e0 toutes vos attentes , Un \u0153il optique int\u00e9gr\u00e9 pour le guidage laser num\u00e9risera de mani\u00e8re semi-automatique qui permet de d\u00e9couper n\u2019importe quelle forme d\u2019etiquettes ( vinyle ou flex imprimable ) en temps r\u00e9el<\/p>\n<table style=\"height: 287px;\" width=\"770\">\n<tbody>\n<tr>\n<td>Nom :<\/td>\n<td>Machine de d\u00e9coupe 72cm model TK740<\/td>\n<\/tr>\n<tr>\n<td>Force de d\u00e9coupe\u00a0: :<\/td>\n<td>jusqu\u2019\u00e0 1000g<\/td>\n<\/tr>\n<tr>\n<td>Vitesse de d\u00e9coupe:<\/td>\n<td>900 mm\/s<\/td>\n<\/tr>\n<tr>\n<td>\u00c9l\u00e9ments fournis\u00a0:<\/td>\n<td>plotter, c\u00e2ble d\u2019alimentation, notice d\u2019utilisation,Logiciel<\/td>\n<\/tr>\n<tr>\n<td>Interface :<\/td>\n<td>USB ,Ecran LCD<\/td>\n<\/tr>\n<tr>\n<td>Surface de d\u00e9coupe max :<\/td>\n<td>610 mm<\/td>\n<\/tr>\n<tr>\n<td>Voltage :<\/td>\n<td>220V \u2013 230V \/ 50Hz \u2013 60Hz<\/td>\n<\/tr>\n<tr>\n<td data-spm-anchor-id=\"a2700.details.0.i21.2fb370e9OjnvjK\">Dimensions :<\/td>\n<td>1000 x 430 x 335 mm (Largeur x Profondeur x Hauteur)<\/td>\n<\/tr>\n<tr>\n<td>Poids du produit :<\/td>\n<td>19 kg<\/td>\n<\/tr>\n<tr>\n<td>Puissance:<\/td>\n<td>600 W<\/td>\n<\/tr>\n<\/tbody>\n<\/table>\n","protected":false},"excerpt":{"rendered":"<ul>\n<li>largeur : 720 mm<\/li>\n<li>\u00a0Logiciel de pilotage signmaster<\/li>\n<li>Oeil optique int\u00e9gr\u00e9<\/li>\n<li>Garantie 1an<\/li>\n<li>Marque Teneth<\/li>\n<\/ul>\n","protected":false},"featured_media":11327,"comment_status":"open","ping_status":"closed","template":"","meta":{"_acf_changed":false,"_monsterinsights_skip_tracking":false,"_monsterinsights_sitenote_active":false,"_monsterinsights_sitenote_note":"","_monsterinsights_sitenote_category":0,"_uf_show_specific_survey":0,"_uf_disable_surveys":false,"_joinchat":[]},"product_brand":[],"product_cat":[384],"product_tag":[],"class_list":{"0":"post-11326","1":"product","2":"type-product","3":"status-publish","4":"has-post-thumbnail","6":"product_cat-fournitures-dimpression","8":"first","9":"instock","10":"sale","11":"shipping-taxable","12":"purchasable","13":"product-type-simple"},"acf":[],"jetpack_sharing_enabled":true,"_links":{"self":[{"href":"https:\/\/digistar.ma\/index.php?rest_route=\/wp\/v2\/product\/11326","targetHints":{"allow":["GET"]}}],"collection":[{"href":"https:\/\/digistar.ma\/index.php?rest_route=\/wp\/v2\/product"}],"about":[{"href":"https:\/\/digistar.ma\/index.php?rest_route=\/wp\/v2\/types\/product"}],"replies":[{"embeddable":true,"href":"https:\/\/digistar.ma\/index.php?rest_route=%2Fwp%2Fv2%2Fcomments&post=11326"}],"version-history":[{"count":1,"href":"https:\/\/digistar.ma\/index.php?rest_route=\/wp\/v2\/product\/11326\/revisions"}],"predecessor-version":[{"id":11328,"href":"https:\/\/digistar.ma\/index.php?rest_route=\/wp\/v2\/product\/11326\/revisions\/11328"}],"wp:featuredmedia":[{"embeddable":true,"href":"https:\/\/digistar.ma\/index.php?rest_route=\/wp\/v2\/media\/11327"}],"wp:attachment":[{"href":"https:\/\/digistar.ma\/index.php?rest_route=%2Fwp%2Fv2%2Fmedia&parent=11326"}],"wp:term":[{"taxonomy":"product_brand","embeddable":true,"href":"https:\/\/digistar.ma\/index.php?rest_route=%2Fwp%2Fv2%2Fproduct_brand&post=11326"},{"taxonomy":"product_cat","embeddable":true,"href":"https:\/\/digistar.ma\/index.php?rest_route=%2Fwp%2Fv2%2Fproduct_cat&post=11326"},{"taxonomy":"product_tag","embeddable":true,"href":"https:\/\/digistar.ma\/index.php?rest_route=%2Fwp%2Fv2%2Fproduct_tag&post=11326"}],"curies":[{"name":"wp","href":"https:\/\/api.w.org\/{rel}","templated":true}]}}