{"id":11354,"date":"2024-04-08T15:38:36","date_gmt":"2024-04-08T15:38:36","guid":{"rendered":"https:\/\/digistar.ma\/?post_type=product&#038;p=11354"},"modified":"2024-04-08T15:38:36","modified_gmt":"2024-04-08T15:38:36","slug":"presse-a-mug-pneumatique-a-ouverture-automatique-verticale","status":"publish","type":"product","link":"https:\/\/digistar.ma\/?product=presse-a-mug-pneumatique-a-ouverture-automatique-verticale","title":{"rendered":"Presse \u00e0 mug pneumatique \u00e0 ouverture automatique verticale"},"content":{"rendered":"<div class=\"flex-1 overflow-hidden\">\n<div class=\"react-scroll-to-bottom--css-bmndu-79elbk h-full\">\n<div class=\"react-scroll-to-bottom--css-bmndu-1n7m0yu\">\n<div class=\"flex flex-col text-sm pb-9\">\n<div class=\"w-full text-token-text-primary\" data-testid=\"conversation-turn-87\">\n<div class=\"px-4 py-2 justify-center text-base md:gap-6 m-auto\">\n<div class=\"flex flex-1 text-base mx-auto gap-3 md:px-5 lg:px-1 xl:px-5 md:max-w-3xl lg:max-w-[40rem] xl:max-w-[48rem] group final-completion\">\n<div class=\"relative flex w-full flex-col agent-turn\">\n<div class=\"flex-col gap-1 md:gap-3\">\n<div class=\"flex flex-grow flex-col max-w-full\">\n<div class=\"min-h-[20px] text-message flex flex-col items-start gap-3 whitespace-pre-wrap break-words [.text-message+&amp;]:mt-5 overflow-x-auto\" data-message-author-role=\"assistant\" data-message-id=\"c116908e-7b7f-414c-924e-75b8f8e29cd1\">\n<div class=\"markdown prose w-full break-words dark:prose-invert light\"><\/div>\n<\/div>\n<\/div>\n<div class=\"mt-1 flex justify-start gap-3 empty:hidden\">\n<div class=\"text-gray-400 flex self-end lg:self-center items-center justify-center lg:justify-start mt-0 -ml-1 h-7 gap-[2px] visible\">\n<h2 class=\"flex\">Presse \u00e0 mug pneumatique \u00e0 ouverture automatique verticale<\/h2>\n<p>La presse \u00e0 mug pneumatique \u00e0 ouverture automatique verticale est un outil de personnalisation efficace et pratique pour cr\u00e9er des mugs personnalis\u00e9s avec facilit\u00e9. Dot\u00e9e d&#8217;un design innovant, cette presse offre une solution ergonomique pour un processus de transfert thermique simple et efficace.<\/p>\n<p><img fetchpriority=\"high\" decoding=\"async\" class=\"size-medium wp-image-11359\" src=\"https:\/\/digistar.ma\/wp-content\/uploads\/2024\/04\/Presse-a-mug-pneumatique-a-ouverture-automatique-verticale4-300x210.jpg\" alt=\"Presse \u00e0 mug pneumatique \u00e0 ouverture automatique verticale\" width=\"300\" height=\"210\" srcset=\"https:\/\/digistar.ma\/wp-content\/uploads\/2024\/04\/Presse-a-mug-pneumatique-a-ouverture-automatique-verticale4-300x210.jpg 300w, https:\/\/digistar.ma\/wp-content\/uploads\/2024\/04\/Presse-a-mug-pneumatique-a-ouverture-automatique-verticale4-600x421.jpg 600w, https:\/\/digistar.ma\/wp-content\/uploads\/2024\/04\/Presse-a-mug-pneumatique-a-ouverture-automatique-verticale4.jpg 642w\" sizes=\"(max-width: 300px) 100vw, 300px\" \/><\/p>\n<p>Gr\u00e2ce \u00e0 son syst\u00e8me pneumatique, cette presse \u00e0 mug pneumatique \u00e0 ouverture automatique verticale permet une ouverture automatique verticale, offrant ainsi un acc\u00e8s facile et rapide pour placer et retirer les mugs pendant le processus de transfert. Cela garantit des r\u00e9sultats homog\u00e8nes et pr\u00e9cis \u00e0 chaque utilisation, sans n\u00e9cessiter une intervention manuelle.<\/p>\n<p><img decoding=\"async\" class=\"size-medium wp-image-11362\" src=\"https:\/\/digistar.ma\/wp-content\/uploads\/2024\/04\/Presse-a-mug-pneumatique-a-ouverture-automatique-verticale8-298x300.jpg\" alt=\"Presse \u00e0 mug pneumatique \u00e0 ouverture automatique verticale\" width=\"298\" height=\"300\" srcset=\"https:\/\/digistar.ma\/wp-content\/uploads\/2024\/04\/Presse-a-mug-pneumatique-a-ouverture-automatique-verticale8-298x300.jpg 298w, https:\/\/digistar.ma\/wp-content\/uploads\/2024\/04\/Presse-a-mug-pneumatique-a-ouverture-automatique-verticale8-150x150.jpg 150w, https:\/\/digistar.ma\/wp-content\/uploads\/2024\/04\/Presse-a-mug-pneumatique-a-ouverture-automatique-verticale8-100x100.jpg 100w, https:\/\/digistar.ma\/wp-content\/uploads\/2024\/04\/Presse-a-mug-pneumatique-a-ouverture-automatique-verticale8.jpg 386w\" sizes=\"(max-width: 298px) 100vw, 298px\" \/><\/p>\n<p>Avec sa conception ergonomique et sa facilit\u00e9 d&#8217;utilisation, cette presse \u00e0 mug pneumatique \u00e0 ouverture automatique verticale\u00e0 est id\u00e9ale pour les professionnels de la personnalisation ainsi que pour les d\u00e9butants. Que ce soit pour des projets personnels ou commerciaux, elle offre une solution fiable et efficace pour la cr\u00e9ation de mugs personnalis\u00e9s de haute qualit\u00e9.<\/p>\n<p><img decoding=\"async\" class=\" wp-image-11361\" src=\"https:\/\/digistar.ma\/wp-content\/uploads\/2024\/04\/Presse-a-mug-pneumatique-a-ouverture-automatique-verticale7-166x300.jpg\" alt=\"presse \u00e0 mug pneumatique \u00e0 ouverture automatique verticale\" width=\"284\" height=\"513\" \/><\/p>\n<p>Investissez dans la qualit\u00e9 et la praticit\u00e9 avec la presse \u00e0 mug pneumatique \u00e0 ouverture automatique verticale, et offrez \u00e0 vos clients des produits uniques et m\u00e9morables.<\/p>\n<\/div>\n<\/div>\n<\/div>\n<div class=\"absolute\">\n<div class=\"flex w-full gap-2 items-center justify-center\">\n<ul>\n<li>Compresseur int\u00e9gr\u00e9<\/li>\n<li>Presse \u00e0 mug pneumatique<\/li>\n<li>Ouverture automatique<\/li>\n<li>Garantie d&#8217;un an, hors r\u00e9sistance<\/li>\n<\/ul>\n<\/div>\n<\/div>\n<\/div>\n<\/div>\n<\/div>\n<\/div>\n<\/div>\n<\/div>\n<\/div>\n<\/div>\n<div class=\"w-full pt-2 md:pt-0 dark:border-white\/20 md:border-transparent md:dark:border-transparent md:w-[calc(100%-.5rem)]\">\n<form class=\"stretch mx-2 flex flex-row gap-3 last:mb-2 md:mx-4 md:last:mb-6 lg:mx-auto lg:max-w-2xl xl:max-w-3xl\">\n<div class=\"relative flex h-full flex-1 flex-col\">\n<div class=\"absolute bottom-full left-0 right-0\"><\/div>\n<\/div>\n<\/form>\n<\/div>\n","protected":false},"excerpt":{"rendered":"<ul>\n<li>Compresseur int\u00e9gr\u00e9<\/li>\n<li>Presse \u00e0 mug pneumatique<\/li>\n<li>Ouverture automatique<\/li>\n<li>Garantie d&#8217;un an, hors r\u00e9sistance<\/li>\n<\/ul>\n","protected":false},"featured_media":11355,"comment_status":"open","ping_status":"closed","template":"","meta":{"_acf_changed":false,"_monsterinsights_skip_tracking":false,"_monsterinsights_sitenote_active":false,"_monsterinsights_sitenote_note":"","_monsterinsights_sitenote_category":0,"_uf_show_specific_survey":0,"_uf_disable_surveys":false,"_joinchat":[]},"product_brand":[],"product_cat":[384,388],"product_tag":[],"class_list":{"0":"post-11354","1":"product","2":"type-product","3":"status-publish","4":"has-post-thumbnail","6":"product_cat-fournitures-dimpression","7":"product_cat-presse-a-chaud","9":"first","10":"instock","11":"sale","12":"shipping-taxable","13":"purchasable","14":"product-type-simple"},"acf":[],"jetpack_sharing_enabled":true,"_links":{"self":[{"href":"https:\/\/digistar.ma\/index.php?rest_route=\/wp\/v2\/product\/11354","targetHints":{"allow":["GET"]}}],"collection":[{"href":"https:\/\/digistar.ma\/index.php?rest_route=\/wp\/v2\/product"}],"about":[{"href":"https:\/\/digistar.ma\/index.php?rest_route=\/wp\/v2\/types\/product"}],"replies":[{"embeddable":true,"href":"https:\/\/digistar.ma\/index.php?rest_route=%2Fwp%2Fv2%2Fcomments&post=11354"}],"version-history":[{"count":1,"href":"https:\/\/digistar.ma\/index.php?rest_route=\/wp\/v2\/product\/11354\/revisions"}],"predecessor-version":[{"id":11363,"href":"https:\/\/digistar.ma\/index.php?rest_route=\/wp\/v2\/product\/11354\/revisions\/11363"}],"wp:featuredmedia":[{"embeddable":true,"href":"https:\/\/digistar.ma\/index.php?rest_route=\/wp\/v2\/media\/11355"}],"wp:attachment":[{"href":"https:\/\/digistar.ma\/index.php?rest_route=%2Fwp%2Fv2%2Fmedia&parent=11354"}],"wp:term":[{"taxonomy":"product_brand","embeddable":true,"href":"https:\/\/digistar.ma\/index.php?rest_route=%2Fwp%2Fv2%2Fproduct_brand&post=11354"},{"taxonomy":"product_cat","embeddable":true,"href":"https:\/\/digistar.ma\/index.php?rest_route=%2Fwp%2Fv2%2Fproduct_cat&post=11354"},{"taxonomy":"product_tag","embeddable":true,"href":"https:\/\/digistar.ma\/index.php?rest_route=%2Fwp%2Fv2%2Fproduct_tag&post=11354"}],"curies":[{"name":"wp","href":"https:\/\/api.w.org\/{rel}","templated":true}]}}