{"id":11364,"date":"2024-04-09T11:40:43","date_gmt":"2024-04-09T11:40:43","guid":{"rendered":"https:\/\/digistar.ma\/?post_type=product&#038;p=11364"},"modified":"2024-04-09T11:41:31","modified_gmt":"2024-04-09T11:41:31","slug":"presse-a-chaud-textile-jaune-manuelle-de-taille-moyenne-40x40-cm","status":"publish","type":"product","link":"https:\/\/digistar.ma\/?product=presse-a-chaud-textile-jaune-manuelle-de-taille-moyenne-40x40-cm","title":{"rendered":"Presse \u00e0 chaud textile jaune manuelle de taille moyenne 40\u00d740 cm"},"content":{"rendered":"<h2>Presse \u00e0 chaud textile jaune manuelle de taille moyenne 40\u00d740 cm<\/h2>\n<p>La presse \u00e0 chaud textile jaune de taille moyenne 40&#215;40 est un outil polyvalent et pratique pour la personnalisation de v\u00eatements et d&#8217;autres articles textiles. Avec sa surface de presse de 40\u00d740 cm, cette presse vous permet de transf\u00e9rer facilement des motifs sur une vari\u00e9t\u00e9 de mat\u00e9riaux, allant des t-shirts aux sacs en passant par les coussins et bien plus encore.<\/p>\n<p><img fetchpriority=\"high\" decoding=\"async\" class=\"size-medium wp-image-11368\" src=\"https:\/\/digistar.ma\/wp-content\/uploads\/2024\/04\/Presse-a-chaud-textile-jaune-manuelle-de-taille-moyenne-40\u00d740-cm-1-1-300x300.jpg\" alt=\"Presse \u00e0 chaud textile jaune manuelle de taille moyenne 40\u00d740 cm\" width=\"300\" height=\"300\" srcset=\"https:\/\/digistar.ma\/wp-content\/uploads\/2024\/04\/Presse-a-chaud-textile-jaune-manuelle-de-taille-moyenne-40\u00d740-cm-1-1-300x300.jpg 300w, https:\/\/digistar.ma\/wp-content\/uploads\/2024\/04\/Presse-a-chaud-textile-jaune-manuelle-de-taille-moyenne-40\u00d740-cm-1-1-1024x1024.jpg 1024w, https:\/\/digistar.ma\/wp-content\/uploads\/2024\/04\/Presse-a-chaud-textile-jaune-manuelle-de-taille-moyenne-40\u00d740-cm-1-1-150x150.jpg 150w, https:\/\/digistar.ma\/wp-content\/uploads\/2024\/04\/Presse-a-chaud-textile-jaune-manuelle-de-taille-moyenne-40\u00d740-cm-1-1-768x768.jpg 768w, https:\/\/digistar.ma\/wp-content\/uploads\/2024\/04\/Presse-a-chaud-textile-jaune-manuelle-de-taille-moyenne-40\u00d740-cm-1-1-1536x1536.jpg 1536w, https:\/\/digistar.ma\/wp-content\/uploads\/2024\/04\/Presse-a-chaud-textile-jaune-manuelle-de-taille-moyenne-40\u00d740-cm-1-1-600x600.jpg 600w, https:\/\/digistar.ma\/wp-content\/uploads\/2024\/04\/Presse-a-chaud-textile-jaune-manuelle-de-taille-moyenne-40\u00d740-cm-1-1-100x100.jpg 100w, https:\/\/digistar.ma\/wp-content\/uploads\/2024\/04\/Presse-a-chaud-textile-jaune-manuelle-de-taille-moyenne-40\u00d740-cm-1-1.jpg 2000w\" sizes=\"(max-width: 300px) 100vw, 300px\" \/><\/p>\n<p>Avec sa taille moyenne, cette\u00a0presse \u00e0 chaud textile jaune de taille moyenne 40&#215;40 est id\u00e9ale pour les projets de personnalisation de taille moyenne \u00e0 grande \u00e9chelle. Son design compact et ergonomique en fait un outil pratique \u00e0 utiliser dans n&#8217;importe quel atelier de personnalisation, que ce soit \u00e0 la maison, dans un studio ou dans une boutique.<\/p>\n<p>&nbsp;<\/p>\n<p><img decoding=\"async\" class=\"size-medium wp-image-11366\" src=\"https:\/\/digistar.ma\/wp-content\/uploads\/2024\/04\/Presse-a-chaud-textile-jaune-manuelle-de-taille-moyenne-40\u00d740-cm-300x300.jpg\" alt=\"Presse \u00e0 chaud textile jaune manuelle de taille moyenne 40\u00d740 cm\" width=\"300\" height=\"300\" srcset=\"https:\/\/digistar.ma\/wp-content\/uploads\/2024\/04\/Presse-a-chaud-textile-jaune-manuelle-de-taille-moyenne-40\u00d740-cm-300x300.jpg 300w, https:\/\/digistar.ma\/wp-content\/uploads\/2024\/04\/Presse-a-chaud-textile-jaune-manuelle-de-taille-moyenne-40\u00d740-cm-1024x1024.jpg 1024w, https:\/\/digistar.ma\/wp-content\/uploads\/2024\/04\/Presse-a-chaud-textile-jaune-manuelle-de-taille-moyenne-40\u00d740-cm-150x150.jpg 150w, https:\/\/digistar.ma\/wp-content\/uploads\/2024\/04\/Presse-a-chaud-textile-jaune-manuelle-de-taille-moyenne-40\u00d740-cm-768x768.jpg 768w, https:\/\/digistar.ma\/wp-content\/uploads\/2024\/04\/Presse-a-chaud-textile-jaune-manuelle-de-taille-moyenne-40\u00d740-cm-1536x1536.jpg 1536w, https:\/\/digistar.ma\/wp-content\/uploads\/2024\/04\/Presse-a-chaud-textile-jaune-manuelle-de-taille-moyenne-40\u00d740-cm-600x600.jpg 600w, https:\/\/digistar.ma\/wp-content\/uploads\/2024\/04\/Presse-a-chaud-textile-jaune-manuelle-de-taille-moyenne-40\u00d740-cm-100x100.jpg 100w, https:\/\/digistar.ma\/wp-content\/uploads\/2024\/04\/Presse-a-chaud-textile-jaune-manuelle-de-taille-moyenne-40\u00d740-cm.jpg 2000w\" sizes=\"(max-width: 300px) 100vw, 300px\" \/><\/p>\n<p>Dot\u00e9e d&#8217;un design jaune vif, cette La presse \u00e0 chaud textile jaune de taille moyenne 40&#215;40 ajoute une touche de couleur et de style \u00e0 votre espace de travail tout en offrant des performances de haute qualit\u00e9. Son fonctionnement manuel vous permet un contr\u00f4le pr\u00e9cis du processus de transfert, assurant ainsi des r\u00e9sultats homog\u00e8nes et professionnels \u00e0 chaque utilisation.<\/p>\n<p>&nbsp;<\/p>\n<ul>\n<li>Minuterie \u00e9lectronique<\/li>\n<li>Plateau d\u2019impression : 38 x 38 cm<\/li>\n<li>Fermeture et ouverture manuelles<\/li>\n<li>Pression facilement ajustable par la molette<\/li>\n<li>Garantie : 1 an<\/li>\n<\/ul>\n","protected":false},"excerpt":{"rendered":"<ul>\n<li>Minuterie \u00e9lectronique<\/li>\n<li>Plateau d\u2019impression : 38 x 38 cm<\/li>\n<li>Fermeture et ouverture manuelles<\/li>\n<li>Pression facilement ajustable par la molette<\/li>\n<li>Garantie : 1 an<\/li>\n<\/ul>\n","protected":false},"featured_media":11366,"comment_status":"open","ping_status":"closed","template":"","meta":{"_acf_changed":false,"_monsterinsights_skip_tracking":false,"_monsterinsights_sitenote_active":false,"_monsterinsights_sitenote_note":"","_monsterinsights_sitenote_category":0,"_uf_show_specific_survey":0,"_uf_disable_surveys":false,"_joinchat":[]},"product_brand":[],"product_cat":[384,388],"product_tag":[],"class_list":{"0":"post-11364","1":"product","2":"type-product","3":"status-publish","4":"has-post-thumbnail","6":"product_cat-fournitures-dimpression","7":"product_cat-presse-a-chaud","9":"first","10":"instock","11":"sale","12":"shipping-taxable","13":"purchasable","14":"product-type-simple"},"acf":[],"jetpack_sharing_enabled":true,"_links":{"self":[{"href":"https:\/\/digistar.ma\/index.php?rest_route=\/wp\/v2\/product\/11364","targetHints":{"allow":["GET"]}}],"collection":[{"href":"https:\/\/digistar.ma\/index.php?rest_route=\/wp\/v2\/product"}],"about":[{"href":"https:\/\/digistar.ma\/index.php?rest_route=\/wp\/v2\/types\/product"}],"replies":[{"embeddable":true,"href":"https:\/\/digistar.ma\/index.php?rest_route=%2Fwp%2Fv2%2Fcomments&post=11364"}],"version-history":[{"count":1,"href":"https:\/\/digistar.ma\/index.php?rest_route=\/wp\/v2\/product\/11364\/revisions"}],"predecessor-version":[{"id":11369,"href":"https:\/\/digistar.ma\/index.php?rest_route=\/wp\/v2\/product\/11364\/revisions\/11369"}],"wp:featuredmedia":[{"embeddable":true,"href":"https:\/\/digistar.ma\/index.php?rest_route=\/wp\/v2\/media\/11366"}],"wp:attachment":[{"href":"https:\/\/digistar.ma\/index.php?rest_route=%2Fwp%2Fv2%2Fmedia&parent=11364"}],"wp:term":[{"taxonomy":"product_brand","embeddable":true,"href":"https:\/\/digistar.ma\/index.php?rest_route=%2Fwp%2Fv2%2Fproduct_brand&post=11364"},{"taxonomy":"product_cat","embeddable":true,"href":"https:\/\/digistar.ma\/index.php?rest_route=%2Fwp%2Fv2%2Fproduct_cat&post=11364"},{"taxonomy":"product_tag","embeddable":true,"href":"https:\/\/digistar.ma\/index.php?rest_route=%2Fwp%2Fv2%2Fproduct_tag&post=11364"}],"curies":[{"name":"wp","href":"https:\/\/api.w.org\/{rel}","templated":true}]}}