{"id":11370,"date":"2024-04-09T12:47:03","date_gmt":"2024-04-09T12:47:03","guid":{"rendered":"https:\/\/digistar.ma\/?post_type=product&#038;p=11370"},"modified":"2024-04-09T14:55:46","modified_gmt":"2024-04-09T14:55:46","slug":"presse-a-chaud-multifonctions-15-en-1-freesub-p8001-15","status":"publish","type":"product","link":"https:\/\/digistar.ma\/?product=presse-a-chaud-multifonctions-15-en-1-freesub-p8001-15","title":{"rendered":"Presse \u00e0 chaud multifonctions 15 en 1 FREESUB P8001-15"},"content":{"rendered":"<h2>Presse \u00e0 chaud multifonctions 15 en 1 FREESUB P8001-15<\/h2>\n<p>La presse \u00e0 chaud multifonctions 15 en 1 FREESUB P8001-15 est un outil polyvalent et puissant pour la personnalisation d&#8217;une grande vari\u00e9t\u00e9 d&#8217;articles. Avec ses quinze fonctions int\u00e9gr\u00e9es, cette presse offre une flexibilit\u00e9 exceptionnelle pour r\u00e9pondre \u00e0 tous vos besoins de personnalisation.<\/p>\n<p><img fetchpriority=\"high\" decoding=\"async\" class=\"size-medium wp-image-11377\" src=\"https:\/\/digistar.ma\/wp-content\/uploads\/2024\/04\/Presse-a-chaud-multifonctions-15-en-1-FREESUB-P8001-15-1-1-300x300.jpg\" alt=\"Presse \u00e0 chaud multifonctions 15 en 1 FREESUB P8001-15\" width=\"300\" height=\"300\" srcset=\"https:\/\/digistar.ma\/wp-content\/uploads\/2024\/04\/Presse-a-chaud-multifonctions-15-en-1-FREESUB-P8001-15-1-1-300x300.jpg 300w, https:\/\/digistar.ma\/wp-content\/uploads\/2024\/04\/Presse-a-chaud-multifonctions-15-en-1-FREESUB-P8001-15-1-1-1024x1024.jpg 1024w, https:\/\/digistar.ma\/wp-content\/uploads\/2024\/04\/Presse-a-chaud-multifonctions-15-en-1-FREESUB-P8001-15-1-1-150x150.jpg 150w, https:\/\/digistar.ma\/wp-content\/uploads\/2024\/04\/Presse-a-chaud-multifonctions-15-en-1-FREESUB-P8001-15-1-1-768x768.jpg 768w, https:\/\/digistar.ma\/wp-content\/uploads\/2024\/04\/Presse-a-chaud-multifonctions-15-en-1-FREESUB-P8001-15-1-1-1536x1536.jpg 1536w, https:\/\/digistar.ma\/wp-content\/uploads\/2024\/04\/Presse-a-chaud-multifonctions-15-en-1-FREESUB-P8001-15-1-1-600x600.jpg 600w, https:\/\/digistar.ma\/wp-content\/uploads\/2024\/04\/Presse-a-chaud-multifonctions-15-en-1-FREESUB-P8001-15-1-1-100x100.jpg 100w, https:\/\/digistar.ma\/wp-content\/uploads\/2024\/04\/Presse-a-chaud-multifonctions-15-en-1-FREESUB-P8001-15-1-1.jpg 2000w\" sizes=\"(max-width: 300px) 100vw, 300px\" \/><\/p>\n<p>La presse \u00e0 chaud multifonctions 15 en 1 FREESUB P8001-15 est \u00e9quip\u00e9e d&#8217;une technologie avanc\u00e9e qui garantit des r\u00e9sultats professionnels \u00e0 chaque utilisation. Son fonctionnement intuitif et ses param\u00e8tres r\u00e9glables vous permettent de contr\u00f4ler pr\u00e9cis\u00e9ment la temp\u00e9rature, la pression et le temps de chauffage pour obtenir des transferts parfaits \u00e0 chaque fois.<\/p>\n<p><img decoding=\"async\" class=\"size-medium wp-image-11378\" src=\"https:\/\/digistar.ma\/wp-content\/uploads\/2024\/04\/Presse-a-chaud-multifonctions-15-en-1-FREESUB-P8001-15-2-1-300x300.jpg\" alt=\"Presse \u00e0 chaud multifonctions 15 en 1 FREESUB P8001-15\" width=\"300\" height=\"300\" srcset=\"https:\/\/digistar.ma\/wp-content\/uploads\/2024\/04\/Presse-a-chaud-multifonctions-15-en-1-FREESUB-P8001-15-2-1-300x300.jpg 300w, https:\/\/digistar.ma\/wp-content\/uploads\/2024\/04\/Presse-a-chaud-multifonctions-15-en-1-FREESUB-P8001-15-2-1-1024x1024.jpg 1024w, https:\/\/digistar.ma\/wp-content\/uploads\/2024\/04\/Presse-a-chaud-multifonctions-15-en-1-FREESUB-P8001-15-2-1-150x150.jpg 150w, https:\/\/digistar.ma\/wp-content\/uploads\/2024\/04\/Presse-a-chaud-multifonctions-15-en-1-FREESUB-P8001-15-2-1-768x768.jpg 768w, https:\/\/digistar.ma\/wp-content\/uploads\/2024\/04\/Presse-a-chaud-multifonctions-15-en-1-FREESUB-P8001-15-2-1-1536x1536.jpg 1536w, https:\/\/digistar.ma\/wp-content\/uploads\/2024\/04\/Presse-a-chaud-multifonctions-15-en-1-FREESUB-P8001-15-2-1-600x600.jpg 600w, https:\/\/digistar.ma\/wp-content\/uploads\/2024\/04\/Presse-a-chaud-multifonctions-15-en-1-FREESUB-P8001-15-2-1-100x100.jpg 100w, https:\/\/digistar.ma\/wp-content\/uploads\/2024\/04\/Presse-a-chaud-multifonctions-15-en-1-FREESUB-P8001-15-2-1.jpg 2000w\" sizes=\"(max-width: 300px) 100vw, 300px\" \/><\/p>\n<p><img decoding=\"async\" class=\"size-medium wp-image-11380\" src=\"https:\/\/digistar.ma\/wp-content\/uploads\/2024\/04\/Presse-a-chaud-multifonctions-15-en-1-FREESUB-P8001-15-4-1-300x300.jpg\" alt=\"Presse \u00e0 chaud multifonctions 15 en 1 FREESUB P8001-15\" width=\"300\" height=\"300\" srcset=\"https:\/\/digistar.ma\/wp-content\/uploads\/2024\/04\/Presse-a-chaud-multifonctions-15-en-1-FREESUB-P8001-15-4-1-300x300.jpg 300w, https:\/\/digistar.ma\/wp-content\/uploads\/2024\/04\/Presse-a-chaud-multifonctions-15-en-1-FREESUB-P8001-15-4-1-1024x1024.jpg 1024w, https:\/\/digistar.ma\/wp-content\/uploads\/2024\/04\/Presse-a-chaud-multifonctions-15-en-1-FREESUB-P8001-15-4-1-150x150.jpg 150w, https:\/\/digistar.ma\/wp-content\/uploads\/2024\/04\/Presse-a-chaud-multifonctions-15-en-1-FREESUB-P8001-15-4-1-768x768.jpg 768w, https:\/\/digistar.ma\/wp-content\/uploads\/2024\/04\/Presse-a-chaud-multifonctions-15-en-1-FREESUB-P8001-15-4-1-1536x1536.jpg 1536w, https:\/\/digistar.ma\/wp-content\/uploads\/2024\/04\/Presse-a-chaud-multifonctions-15-en-1-FREESUB-P8001-15-4-1-600x600.jpg 600w, https:\/\/digistar.ma\/wp-content\/uploads\/2024\/04\/Presse-a-chaud-multifonctions-15-en-1-FREESUB-P8001-15-4-1-100x100.jpg 100w, https:\/\/digistar.ma\/wp-content\/uploads\/2024\/04\/Presse-a-chaud-multifonctions-15-en-1-FREESUB-P8001-15-4-1.jpg 2000w\" sizes=\"(max-width: 300px) 100vw, 300px\" \/><\/p>\n<p>Dot\u00e9e d&#8217;une conception robuste et d&#8217;une construction de haute qualit\u00e9, cette presse \u00e0 chaud multifonctions 15 en 1 FREESUB P8001-15 vous permet de transf\u00e9rer des motifs avec pr\u00e9cision sur une gamme \u00e9tendue de supports, allant des v\u00eatements aux tasses en passant par les casquettes et bien plus encore. Gr\u00e2ce \u00e0 ses multiples plateaux et accessoires interchangeables, vous pouvez personnaliser une grande diversit\u00e9 d&#8217;articles avec facilit\u00e9 et efficacit\u00e9.<\/p>\n<p><img loading=\"lazy\" decoding=\"async\" class=\"size-medium wp-image-11379\" src=\"https:\/\/digistar.ma\/wp-content\/uploads\/2024\/04\/Presse-a-chaud-multifonctions-15-en-1-FREESUB-P8001-15-3-1-300x300.jpg\" alt=\"Presse \u00e0 chaud multifonctions 15 en 1 FREESUB P8001-15\" width=\"300\" height=\"300\" srcset=\"https:\/\/digistar.ma\/wp-content\/uploads\/2024\/04\/Presse-a-chaud-multifonctions-15-en-1-FREESUB-P8001-15-3-1-300x300.jpg 300w, https:\/\/digistar.ma\/wp-content\/uploads\/2024\/04\/Presse-a-chaud-multifonctions-15-en-1-FREESUB-P8001-15-3-1-1024x1024.jpg 1024w, https:\/\/digistar.ma\/wp-content\/uploads\/2024\/04\/Presse-a-chaud-multifonctions-15-en-1-FREESUB-P8001-15-3-1-150x150.jpg 150w, https:\/\/digistar.ma\/wp-content\/uploads\/2024\/04\/Presse-a-chaud-multifonctions-15-en-1-FREESUB-P8001-15-3-1-768x768.jpg 768w, https:\/\/digistar.ma\/wp-content\/uploads\/2024\/04\/Presse-a-chaud-multifonctions-15-en-1-FREESUB-P8001-15-3-1-1536x1536.jpg 1536w, https:\/\/digistar.ma\/wp-content\/uploads\/2024\/04\/Presse-a-chaud-multifonctions-15-en-1-FREESUB-P8001-15-3-1-600x600.jpg 600w, https:\/\/digistar.ma\/wp-content\/uploads\/2024\/04\/Presse-a-chaud-multifonctions-15-en-1-FREESUB-P8001-15-3-1-100x100.jpg 100w, https:\/\/digistar.ma\/wp-content\/uploads\/2024\/04\/Presse-a-chaud-multifonctions-15-en-1-FREESUB-P8001-15-3-1.jpg 2000w\" sizes=\"(max-width: 300px) 100vw, 300px\" \/><\/p>\n<p><img loading=\"lazy\" decoding=\"async\" class=\"size-medium wp-image-11375\" src=\"https:\/\/digistar.ma\/wp-content\/uploads\/2024\/04\/Presse-a-chaud-multifonctions-15-en-1-FREESUB-P8001-15-5-300x300.jpg\" alt=\"Presse \u00e0 chaud multifonctions 15 en 1 FREESUB P8001-15\" width=\"300\" height=\"300\" srcset=\"https:\/\/digistar.ma\/wp-content\/uploads\/2024\/04\/Presse-a-chaud-multifonctions-15-en-1-FREESUB-P8001-15-5-300x300.jpg 300w, https:\/\/digistar.ma\/wp-content\/uploads\/2024\/04\/Presse-a-chaud-multifonctions-15-en-1-FREESUB-P8001-15-5-1024x1024.jpg 1024w, https:\/\/digistar.ma\/wp-content\/uploads\/2024\/04\/Presse-a-chaud-multifonctions-15-en-1-FREESUB-P8001-15-5-150x150.jpg 150w, https:\/\/digistar.ma\/wp-content\/uploads\/2024\/04\/Presse-a-chaud-multifonctions-15-en-1-FREESUB-P8001-15-5-768x768.jpg 768w, https:\/\/digistar.ma\/wp-content\/uploads\/2024\/04\/Presse-a-chaud-multifonctions-15-en-1-FREESUB-P8001-15-5-1536x1536.jpg 1536w, https:\/\/digistar.ma\/wp-content\/uploads\/2024\/04\/Presse-a-chaud-multifonctions-15-en-1-FREESUB-P8001-15-5-600x600.jpg 600w, https:\/\/digistar.ma\/wp-content\/uploads\/2024\/04\/Presse-a-chaud-multifonctions-15-en-1-FREESUB-P8001-15-5-100x100.jpg 100w, https:\/\/digistar.ma\/wp-content\/uploads\/2024\/04\/Presse-a-chaud-multifonctions-15-en-1-FREESUB-P8001-15-5.jpg 2000w\" sizes=\"(max-width: 300px) 100vw, 300px\" \/><\/p>\n<p>Que vous soyez un amateur passionn\u00e9 ou un professionnel exp\u00e9riment\u00e9, La presse \u00e0 chaud multifonctions 15 en 1 FREESUB P8001-15vous offre la polyvalence et la fiabilit\u00e9 n\u00e9cessaires pour r\u00e9aliser vos projets de personnalisation les plus ambitieux. Investissez dans la qualit\u00e9 et la performance avec cette presse \u00e0 chaud exceptionnelle et lib\u00e9rez votre cr\u00e9ativit\u00e9 pour cr\u00e9er des produits uniques et m\u00e9morables.<\/p>\n<p>&nbsp;<\/p>\n<ul>\n<li>1 \u00e9l\u00e9ment \u00e0 plat de taille 30 x 38 cm<\/li>\n<li>8 \u00e9l\u00e9ments chauffants pour mugs<\/li>\n<li>2 \u00e9l\u00e9ments chauffants pour assiettes<\/li>\n<li>1 \u00e9l\u00e9ment chauffant pour casquette<\/li>\n<li>1 \u00e9l\u00e9ment chauffant pour chaussures<\/li>\n<li>1 \u00e9l\u00e9ment chauffant pour ballon<\/li>\n<li>1 \u00e9l\u00e9ment chauffant pour stylos<\/li>\n<li>Garantie de 1 an<\/li>\n<\/ul>\n","protected":false},"excerpt":{"rendered":"<ul>\n<li>1 \u00e9l\u00e9ment \u00e0 plat de taille 30 x 38 cm<\/li>\n<li>8 \u00e9l\u00e9ments chauffants pour mugs<\/li>\n<li>2 \u00e9l\u00e9ments chauffants pour assiettes<\/li>\n<li>1 \u00e9l\u00e9ment chauffant pour casquette<\/li>\n<li>1 \u00e9l\u00e9ment chauffant pour chaussures<\/li>\n<li>1 \u00e9l\u00e9ment chauffant pour ballon<\/li>\n<li>1 \u00e9l\u00e9ment chauffant pour stylos<\/li>\n<li>Garantie de 1 an<\/li>\n<\/ul>\n","protected":false},"featured_media":11376,"comment_status":"open","ping_status":"closed","template":"","meta":{"_acf_changed":false,"_monsterinsights_skip_tracking":false,"_monsterinsights_sitenote_active":false,"_monsterinsights_sitenote_note":"","_monsterinsights_sitenote_category":0,"_uf_show_specific_survey":0,"_uf_disable_surveys":false,"_joinchat":[]},"product_brand":[],"product_cat":[384,388],"product_tag":[],"class_list":{"0":"post-11370","1":"product","2":"type-product","3":"status-publish","4":"has-post-thumbnail","6":"product_cat-fournitures-dimpression","7":"product_cat-presse-a-chaud","9":"first","10":"instock","11":"sale","12":"shipping-taxable","13":"purchasable","14":"product-type-simple"},"acf":[],"jetpack_sharing_enabled":true,"_links":{"self":[{"href":"https:\/\/digistar.ma\/index.php?rest_route=\/wp\/v2\/product\/11370","targetHints":{"allow":["GET"]}}],"collection":[{"href":"https:\/\/digistar.ma\/index.php?rest_route=\/wp\/v2\/product"}],"about":[{"href":"https:\/\/digistar.ma\/index.php?rest_route=\/wp\/v2\/types\/product"}],"replies":[{"embeddable":true,"href":"https:\/\/digistar.ma\/index.php?rest_route=%2Fwp%2Fv2%2Fcomments&post=11370"}],"version-history":[{"count":1,"href":"https:\/\/digistar.ma\/index.php?rest_route=\/wp\/v2\/product\/11370\/revisions"}],"predecessor-version":[{"id":11382,"href":"https:\/\/digistar.ma\/index.php?rest_route=\/wp\/v2\/product\/11370\/revisions\/11382"}],"wp:featuredmedia":[{"embeddable":true,"href":"https:\/\/digistar.ma\/index.php?rest_route=\/wp\/v2\/media\/11376"}],"wp:attachment":[{"href":"https:\/\/digistar.ma\/index.php?rest_route=%2Fwp%2Fv2%2Fmedia&parent=11370"}],"wp:term":[{"taxonomy":"product_brand","embeddable":true,"href":"https:\/\/digistar.ma\/index.php?rest_route=%2Fwp%2Fv2%2Fproduct_brand&post=11370"},{"taxonomy":"product_cat","embeddable":true,"href":"https:\/\/digistar.ma\/index.php?rest_route=%2Fwp%2Fv2%2Fproduct_cat&post=11370"},{"taxonomy":"product_tag","embeddable":true,"href":"https:\/\/digistar.ma\/index.php?rest_route=%2Fwp%2Fv2%2Fproduct_tag&post=11370"}],"curies":[{"name":"wp","href":"https:\/\/api.w.org\/{rel}","templated":true}]}}