{"id":11398,"date":"2024-04-12T17:40:40","date_gmt":"2024-04-12T17:40:40","guid":{"rendered":"https:\/\/digistar.ma\/?post_type=product&#038;p=11398"},"modified":"2024-04-12T17:42:37","modified_gmt":"2024-04-12T17:42:37","slug":"presse-a-mug-pour-la-personnalisation-de-tasses","status":"publish","type":"product","link":"https:\/\/digistar.ma\/?product=presse-a-mug-pour-la-personnalisation-de-tasses","title":{"rendered":"Presse \u00e0 mug pour la personnalisation de tasses"},"content":{"rendered":"<h2>Presse \u00e0 mug pour la personnalisation de tasses<\/h2>\n<p>La presse \u00e0 mug pour la personnalisation de tasses est l&#8217;outil id\u00e9al pour la personnalisation de tasses avec facilit\u00e9 et pr\u00e9cision. Avec sa conception sp\u00e9cialement adapt\u00e9e, cette presse vous permet de transf\u00e9rer des motifs sur une vari\u00e9t\u00e9 de tasses en c\u00e9ramique ou en verre, cr\u00e9ant ainsi des designs uniques et m\u00e9morables.<\/p>\n<p>&nbsp;<\/p>\n<p><img fetchpriority=\"high\" decoding=\"async\" class=\"size-medium wp-image-11401\" src=\"https:\/\/digistar.ma\/wp-content\/uploads\/2024\/04\/Presse-a-mug-pour-la-personnalisation-de-tasses1-250x300.jpg\" alt=\"Presse \u00e0 mug pour la personnalisation de tasses\" width=\"250\" height=\"300\" srcset=\"https:\/\/digistar.ma\/wp-content\/uploads\/2024\/04\/Presse-a-mug-pour-la-personnalisation-de-tasses1-250x300.jpg 250w, https:\/\/digistar.ma\/wp-content\/uploads\/2024\/04\/Presse-a-mug-pour-la-personnalisation-de-tasses1.jpg 500w\" sizes=\"(max-width: 250px) 100vw, 250px\" \/><\/p>\n<p>Dot\u00e9e d&#8217;une technologie de pointe, cette presse \u00e0 mug pour la personnalisation de tassesoffre un contr\u00f4le pr\u00e9cis du temps, de la temp\u00e9rature et de la pression, garantissant ainsi des r\u00e9sultats de haute qualit\u00e9 \u00e0 chaque utilisation. Que vous cr\u00e9iez des tasses personnalis\u00e9es pour des \u00e9v\u00e9nements sp\u00e9ciaux, des cadeaux ou des articles promotionnels, cette presse \u00e0 mug vous permettra de r\u00e9aliser des transferts professionnels avec facilit\u00e9.<\/p>\n<p>&nbsp;<\/p>\n<p><img decoding=\"async\" class=\"size-medium wp-image-11402\" src=\"https:\/\/digistar.ma\/wp-content\/uploads\/2024\/04\/Presse-a-mug-pour-la-personnalisation-de-tasses-3-300x300.jpg\" alt=\"Presse \u00e0 mug pour la personnalisation de tasses\" width=\"300\" height=\"300\" srcset=\"https:\/\/digistar.ma\/wp-content\/uploads\/2024\/04\/Presse-a-mug-pour-la-personnalisation-de-tasses-3-300x300.jpg 300w, https:\/\/digistar.ma\/wp-content\/uploads\/2024\/04\/Presse-a-mug-pour-la-personnalisation-de-tasses-3-150x150.jpg 150w, https:\/\/digistar.ma\/wp-content\/uploads\/2024\/04\/Presse-a-mug-pour-la-personnalisation-de-tasses-3-768x768.jpg 768w, https:\/\/digistar.ma\/wp-content\/uploads\/2024\/04\/Presse-a-mug-pour-la-personnalisation-de-tasses-3-600x600.jpg 600w, https:\/\/digistar.ma\/wp-content\/uploads\/2024\/04\/Presse-a-mug-pour-la-personnalisation-de-tasses-3-100x100.jpg 100w, https:\/\/digistar.ma\/wp-content\/uploads\/2024\/04\/Presse-a-mug-pour-la-personnalisation-de-tasses-3.jpg 1024w\" sizes=\"(max-width: 300px) 100vw, 300px\" \/><\/p>\n<p>Avec sa facilit\u00e9 d&#8217;utilisation et sa polyvalence, La presse \u00e0 mug pour la personnalisation de tasses est id\u00e9ale pour les amateurs passionn\u00e9s ainsi que pour les professionnels de la personnalisation. Que vous travailliez depuis chez vous, dans un atelier ou dans un magasin, cette presse vous offre la flexibilit\u00e9 n\u00e9cessaire pour r\u00e9pondre \u00e0 tous vos besoins de personnalisation de tasses.<\/p>\n<p>&nbsp;<\/p>\n<ul>\n<li>Poids: 2,8 kg<\/li>\n<li>Puissance : 320 W<\/li>\n<li>Presse \u00e0 transfert sur\u00a0mugs<\/li>\n<li>Type d\u2019impression : sublimation<\/li>\n<\/ul>\n<p>&nbsp;<\/p>\n<p>&nbsp;<\/p>\n<p>&nbsp;<\/p>\n","protected":false},"excerpt":{"rendered":"<ul>\n<li>Poids: 2,8 kg<\/li>\n<li>Puissance : 320 W<\/li>\n<li>Presse \u00e0 transfert sur\u00a0mugs<\/li>\n<li>Type d\u2019impression : sublimation<\/li>\n<\/ul>\n","protected":false},"featured_media":11399,"comment_status":"open","ping_status":"closed","template":"","meta":{"_acf_changed":false,"_monsterinsights_skip_tracking":false,"_monsterinsights_sitenote_active":false,"_monsterinsights_sitenote_note":"","_monsterinsights_sitenote_category":0,"_uf_show_specific_survey":0,"_uf_disable_surveys":false,"_joinchat":[]},"product_brand":[],"product_cat":[384,388],"product_tag":[],"class_list":{"0":"post-11398","1":"product","2":"type-product","3":"status-publish","4":"has-post-thumbnail","6":"product_cat-fournitures-dimpression","7":"product_cat-presse-a-chaud","9":"first","10":"instock","11":"sale","12":"shipping-taxable","13":"purchasable","14":"product-type-simple"},"acf":[],"jetpack_sharing_enabled":true,"_links":{"self":[{"href":"https:\/\/digistar.ma\/index.php?rest_route=\/wp\/v2\/product\/11398","targetHints":{"allow":["GET"]}}],"collection":[{"href":"https:\/\/digistar.ma\/index.php?rest_route=\/wp\/v2\/product"}],"about":[{"href":"https:\/\/digistar.ma\/index.php?rest_route=\/wp\/v2\/types\/product"}],"replies":[{"embeddable":true,"href":"https:\/\/digistar.ma\/index.php?rest_route=%2Fwp%2Fv2%2Fcomments&post=11398"}],"version-history":[{"count":3,"href":"https:\/\/digistar.ma\/index.php?rest_route=\/wp\/v2\/product\/11398\/revisions"}],"predecessor-version":[{"id":11405,"href":"https:\/\/digistar.ma\/index.php?rest_route=\/wp\/v2\/product\/11398\/revisions\/11405"}],"wp:featuredmedia":[{"embeddable":true,"href":"https:\/\/digistar.ma\/index.php?rest_route=\/wp\/v2\/media\/11399"}],"wp:attachment":[{"href":"https:\/\/digistar.ma\/index.php?rest_route=%2Fwp%2Fv2%2Fmedia&parent=11398"}],"wp:term":[{"taxonomy":"product_brand","embeddable":true,"href":"https:\/\/digistar.ma\/index.php?rest_route=%2Fwp%2Fv2%2Fproduct_brand&post=11398"},{"taxonomy":"product_cat","embeddable":true,"href":"https:\/\/digistar.ma\/index.php?rest_route=%2Fwp%2Fv2%2Fproduct_cat&post=11398"},{"taxonomy":"product_tag","embeddable":true,"href":"https:\/\/digistar.ma\/index.php?rest_route=%2Fwp%2Fv2%2Fproduct_tag&post=11398"}],"curies":[{"name":"wp","href":"https:\/\/api.w.org\/{rel}","templated":true}]}}