{"id":11408,"date":"2024-04-13T13:05:30","date_gmt":"2024-04-13T13:05:30","guid":{"rendered":"https:\/\/digistar.ma\/?post_type=product&#038;p=11408"},"modified":"2025-02-17T17:31:41","modified_gmt":"2025-02-17T17:31:41","slug":"presse-a-chaud-portable-23x23-cm-f0909","status":"publish","type":"product","link":"https:\/\/digistar.ma\/?product=presse-a-chaud-portable-23x23-cm-f0909","title":{"rendered":"Presse \u00e0 chaud portable 23\u00d723 cm F0909"},"content":{"rendered":"<h2>Presse \u00e0 chaud portable 23\u00d723 cm F0909<\/h2>\n<p>La presse \u00e0 chaud portable de 23\u00d723 cm F0909 est un outil pratique et polyvalent pour la personnalisation sur le pouce. Avec sa conception compacte et l\u00e9g\u00e8re, cette presse vous permet de transf\u00e9rer des motifs sur une vari\u00e9t\u00e9 de supports, o\u00f9 que vous soyez.<\/p>\n<p><img fetchpriority=\"high\" decoding=\"async\" class=\"size-medium wp-image-11409\" src=\"https:\/\/digistar.ma\/wp-content\/uploads\/2024\/04\/5-IN-1-22-300x300.jpg\" alt=\"Presse \u00e0 chaud portable 23\u00d723 cm - F0909\" width=\"300\" height=\"300\" srcset=\"https:\/\/digistar.ma\/wp-content\/uploads\/2024\/04\/5-IN-1-22-300x300.jpg 300w, https:\/\/digistar.ma\/wp-content\/uploads\/2024\/04\/5-IN-1-22-1024x1024.jpg 1024w, https:\/\/digistar.ma\/wp-content\/uploads\/2024\/04\/5-IN-1-22-150x150.jpg 150w, https:\/\/digistar.ma\/wp-content\/uploads\/2024\/04\/5-IN-1-22-768x768.jpg 768w, https:\/\/digistar.ma\/wp-content\/uploads\/2024\/04\/5-IN-1-22-1536x1536.jpg 1536w, https:\/\/digistar.ma\/wp-content\/uploads\/2024\/04\/5-IN-1-22-600x600.jpg 600w, https:\/\/digistar.ma\/wp-content\/uploads\/2024\/04\/5-IN-1-22-100x100.jpg 100w, https:\/\/digistar.ma\/wp-content\/uploads\/2024\/04\/5-IN-1-22.jpg 2000w\" sizes=\"(max-width: 300px) 100vw, 300px\" \/><\/p>\n<p>Dot\u00e9e d&#8217;une technologie avanc\u00e9e, cette presse \u00e0 chaud portable de 23\u00d723 cm F0909 offre des performances fiables et des r\u00e9sultats de qualit\u00e9 professionnelle. Son fonctionnement simple et intuitif en fait un outil id\u00e9al pour les d\u00e9butants tout en offrant une pr\u00e9cision et une efficacit\u00e9 qui satisferont m\u00eame les utilisateurs exp\u00e9riment\u00e9s.<\/p>\n<p>&nbsp;<\/p>\n<p><img decoding=\"async\" class=\"size-medium wp-image-11412\" src=\"https:\/\/digistar.ma\/wp-content\/uploads\/2024\/04\/Presse-a-chaud-portable-23\u00d723-cm-F0909-3-300x92.jpg\" alt=\"Presse \u00e0 chaud portable 23\u00d723 cm - F0909\" width=\"300\" height=\"92\" srcset=\"https:\/\/digistar.ma\/wp-content\/uploads\/2024\/04\/Presse-a-chaud-portable-23\u00d723-cm-F0909-3-300x92.jpg 300w, https:\/\/digistar.ma\/wp-content\/uploads\/2024\/04\/Presse-a-chaud-portable-23\u00d723-cm-F0909-3-1024x313.jpg 1024w, https:\/\/digistar.ma\/wp-content\/uploads\/2024\/04\/Presse-a-chaud-portable-23\u00d723-cm-F0909-3-768x235.jpg 768w, https:\/\/digistar.ma\/wp-content\/uploads\/2024\/04\/Presse-a-chaud-portable-23\u00d723-cm-F0909-3-600x183.jpg 600w, https:\/\/digistar.ma\/wp-content\/uploads\/2024\/04\/Presse-a-chaud-portable-23\u00d723-cm-F0909-3.jpg 1309w\" sizes=\"(max-width: 300px) 100vw, 300px\" \/><\/p>\n<p>Avec sa portabilit\u00e9, cette presse \u00e0 chaud portable de 23\u00d723 cm F0909 est parfaite pour une utilisation \u00e0 domicile, en d\u00e9placement, lors d&#8217;\u00e9v\u00e9nements ou dans des ateliers de petite taille. Vous pouvez l&#8217;emporter facilement avec vous et personnaliser des articles tels que des t-shirts, des sacs, des casquettes et bien plus encore, o\u00f9 que vous alliez.<\/p>\n<p>&nbsp;<\/p>\n<p><img decoding=\"async\" class=\" wp-image-11411\" src=\"https:\/\/digistar.ma\/wp-content\/uploads\/2024\/04\/Presse-a-chaud-portable-23\u00d723-cm-F0909-2-300x181.jpg\" alt=\"Presse \u00e0 chaud portable 23\u00d723 cm - F0909\" width=\"300\" height=\"181\" srcset=\"https:\/\/digistar.ma\/wp-content\/uploads\/2024\/04\/Presse-a-chaud-portable-23\u00d723-cm-F0909-2-300x181.jpg 300w, https:\/\/digistar.ma\/wp-content\/uploads\/2024\/04\/Presse-a-chaud-portable-23\u00d723-cm-F0909-2-768x464.jpg 768w, https:\/\/digistar.ma\/wp-content\/uploads\/2024\/04\/Presse-a-chaud-portable-23\u00d723-cm-F0909-2-600x362.jpg 600w, https:\/\/digistar.ma\/wp-content\/uploads\/2024\/04\/Presse-a-chaud-portable-23\u00d723-cm-F0909-2.jpg 800w\" sizes=\"(max-width: 300px) 100vw, 300px\" \/><\/p>\n<p>Investissez dans la commodit\u00e9 et la polyvalence avec la presse \u00e0 chaud portable de 23\u00d723 cm F0909 et donnez vie \u00e0 vos id\u00e9es de personnalisation partout o\u00f9 vous allez.<\/p>\n<p>&nbsp;<\/p>\n<ul>\n<li>Puissance : 670W<\/li>\n<li>Chaleur r\u00e9glable jusqu\u2019\u00e0 205\u00b0C<\/li>\n<li>Mini presse \u00e0 chaud 23&#215;23 cm<\/li>\n<li>L\u00e9g\u00e8re, portable, facile \u00e0 ranger<\/li>\n<\/ul>\n","protected":false},"excerpt":{"rendered":"<ul>\n<li>Puissance : 670W<\/li>\n<li>Chaleur r\u00e9glable jusqu\u2019\u00e0 205\u00b0C<\/li>\n<li>Mini presse \u00e0 chaud 23&#215;23 cm<\/li>\n<li>L\u00e9g\u00e8re, portable, facile \u00e0 ranger<\/li>\n<\/ul>\n","protected":false},"featured_media":11410,"comment_status":"open","ping_status":"closed","template":"","meta":{"_acf_changed":false,"_monsterinsights_skip_tracking":false,"_monsterinsights_sitenote_active":false,"_monsterinsights_sitenote_note":"","_monsterinsights_sitenote_category":0,"_uf_show_specific_survey":0,"_uf_disable_surveys":false,"_joinchat":[]},"product_brand":[],"product_cat":[384,388],"product_tag":[],"class_list":{"0":"post-11408","1":"product","2":"type-product","3":"status-publish","4":"has-post-thumbnail","6":"product_cat-fournitures-dimpression","7":"product_cat-presse-a-chaud","9":"first","10":"outofstock","11":"sale","12":"shipping-taxable","13":"purchasable","14":"product-type-simple"},"acf":[],"jetpack_sharing_enabled":true,"_links":{"self":[{"href":"https:\/\/digistar.ma\/index.php?rest_route=\/wp\/v2\/product\/11408","targetHints":{"allow":["GET"]}}],"collection":[{"href":"https:\/\/digistar.ma\/index.php?rest_route=\/wp\/v2\/product"}],"about":[{"href":"https:\/\/digistar.ma\/index.php?rest_route=\/wp\/v2\/types\/product"}],"replies":[{"embeddable":true,"href":"https:\/\/digistar.ma\/index.php?rest_route=%2Fwp%2Fv2%2Fcomments&post=11408"}],"version-history":[{"count":3,"href":"https:\/\/digistar.ma\/index.php?rest_route=\/wp\/v2\/product\/11408\/revisions"}],"predecessor-version":[{"id":11416,"href":"https:\/\/digistar.ma\/index.php?rest_route=\/wp\/v2\/product\/11408\/revisions\/11416"}],"wp:featuredmedia":[{"embeddable":true,"href":"https:\/\/digistar.ma\/index.php?rest_route=\/wp\/v2\/media\/11410"}],"wp:attachment":[{"href":"https:\/\/digistar.ma\/index.php?rest_route=%2Fwp%2Fv2%2Fmedia&parent=11408"}],"wp:term":[{"taxonomy":"product_brand","embeddable":true,"href":"https:\/\/digistar.ma\/index.php?rest_route=%2Fwp%2Fv2%2Fproduct_brand&post=11408"},{"taxonomy":"product_cat","embeddable":true,"href":"https:\/\/digistar.ma\/index.php?rest_route=%2Fwp%2Fv2%2Fproduct_cat&post=11408"},{"taxonomy":"product_tag","embeddable":true,"href":"https:\/\/digistar.ma\/index.php?rest_route=%2Fwp%2Fv2%2Fproduct_tag&post=11408"}],"curies":[{"name":"wp","href":"https:\/\/api.w.org\/{rel}","templated":true}]}}