{"id":11417,"date":"2024-04-13T14:51:03","date_gmt":"2024-04-13T14:51:03","guid":{"rendered":"https:\/\/digistar.ma\/?post_type=product&#038;p=11417"},"modified":"2024-04-13T15:01:57","modified_gmt":"2024-04-13T15:01:57","slug":"machine-de-decoupe-pour-flex-et-vinyle-jinka-72-cm","status":"publish","type":"product","link":"https:\/\/digistar.ma\/?product=machine-de-decoupe-pour-flex-et-vinyle-jinka-72-cm","title":{"rendered":"Machine de d\u00e9coupe pour flex et vinyle JINKA 72 cm"},"content":{"rendered":"<h2>Machine de d\u00e9coupe pour flex et vinyle JINKA 72 cm<\/h2>\n<p>La machine de d\u00e9coupe pour flex et vinyle JINKA 72 cm est un outil polyvalent et performant pour la d\u00e9coupe de mat\u00e9riaux flexibles tels que le flex et le vinyle. Avec sa largeur de coupe de 72 cm, cette machine vous permet de d\u00e9couper pr\u00e9cis\u00e9ment des motifs de diff\u00e9rentes tailles pour une vari\u00e9t\u00e9 d&#8217;applications.<\/p>\n<p>&nbsp;<\/p>\n<p><img fetchpriority=\"high\" decoding=\"async\" class=\"size-medium wp-image-11420\" src=\"https:\/\/digistar.ma\/wp-content\/uploads\/2024\/04\/Machine-de-decoupe-pour-flex-et-vinyle-JINKA-72-cm-3-300x300.jpg\" alt=\"Machine de d\u00e9coupe pour flex et vinyle JINKA 72 cm\" width=\"300\" height=\"300\" srcset=\"https:\/\/digistar.ma\/wp-content\/uploads\/2024\/04\/Machine-de-decoupe-pour-flex-et-vinyle-JINKA-72-cm-3-300x300.jpg 300w, https:\/\/digistar.ma\/wp-content\/uploads\/2024\/04\/Machine-de-decoupe-pour-flex-et-vinyle-JINKA-72-cm-3-1024x1024.jpg 1024w, https:\/\/digistar.ma\/wp-content\/uploads\/2024\/04\/Machine-de-decoupe-pour-flex-et-vinyle-JINKA-72-cm-3-150x150.jpg 150w, https:\/\/digistar.ma\/wp-content\/uploads\/2024\/04\/Machine-de-decoupe-pour-flex-et-vinyle-JINKA-72-cm-3-768x768.jpg 768w, https:\/\/digistar.ma\/wp-content\/uploads\/2024\/04\/Machine-de-decoupe-pour-flex-et-vinyle-JINKA-72-cm-3-1536x1536.jpg 1536w, https:\/\/digistar.ma\/wp-content\/uploads\/2024\/04\/Machine-de-decoupe-pour-flex-et-vinyle-JINKA-72-cm-3-600x600.jpg 600w, https:\/\/digistar.ma\/wp-content\/uploads\/2024\/04\/Machine-de-decoupe-pour-flex-et-vinyle-JINKA-72-cm-3-100x100.jpg 100w, https:\/\/digistar.ma\/wp-content\/uploads\/2024\/04\/Machine-de-decoupe-pour-flex-et-vinyle-JINKA-72-cm-3.jpg 2000w\" sizes=\"(max-width: 300px) 100vw, 300px\" \/><\/p>\n<p>L&#8217;\u0153il optique int\u00e9gr\u00e9 permet un positionnement pr\u00e9cis du mat\u00e9riau, assurant ainsi des d\u00e9coupes parfaitement align\u00e9es \u00e0 chaque utilisation. De plus, avec une garantie d&#8217;un an, vous pouvez avoir l&#8217;assurance d&#8217;une performance fiable et durable.<\/p>\n<p><img decoding=\"async\" class=\"size-medium wp-image-11419\" src=\"https:\/\/digistar.ma\/wp-content\/uploads\/2024\/04\/Machine-de-decoupe-pour-flex-et-vinyle-JINKA-72-cm-2-300x300.jpg\" alt=\"Machine de d\u00e9coupe pour flex et vinyle JINKA 72 cm\" width=\"300\" height=\"300\" srcset=\"https:\/\/digistar.ma\/wp-content\/uploads\/2024\/04\/Machine-de-decoupe-pour-flex-et-vinyle-JINKA-72-cm-2-300x300.jpg 300w, https:\/\/digistar.ma\/wp-content\/uploads\/2024\/04\/Machine-de-decoupe-pour-flex-et-vinyle-JINKA-72-cm-2-1024x1024.jpg 1024w, https:\/\/digistar.ma\/wp-content\/uploads\/2024\/04\/Machine-de-decoupe-pour-flex-et-vinyle-JINKA-72-cm-2-150x150.jpg 150w, https:\/\/digistar.ma\/wp-content\/uploads\/2024\/04\/Machine-de-decoupe-pour-flex-et-vinyle-JINKA-72-cm-2-768x768.jpg 768w, https:\/\/digistar.ma\/wp-content\/uploads\/2024\/04\/Machine-de-decoupe-pour-flex-et-vinyle-JINKA-72-cm-2-1536x1536.jpg 1536w, https:\/\/digistar.ma\/wp-content\/uploads\/2024\/04\/Machine-de-decoupe-pour-flex-et-vinyle-JINKA-72-cm-2-600x600.jpg 600w, https:\/\/digistar.ma\/wp-content\/uploads\/2024\/04\/Machine-de-decoupe-pour-flex-et-vinyle-JINKA-72-cm-2-100x100.jpg 100w, https:\/\/digistar.ma\/wp-content\/uploads\/2024\/04\/Machine-de-decoupe-pour-flex-et-vinyle-JINKA-72-cm-2.jpg 2000w\" sizes=\"(max-width: 300px) 100vw, 300px\" \/><\/p>\n<p>Dot\u00e9e d&#8217;une conception robuste et fiable, cette machine de d\u00e9coupe pour flex et vinyle JINKA 72 cm est \u00e9quip\u00e9e pour r\u00e9pondre aux exigences de d\u00e9coupe les plus exigeantes. Son logiciel de pilotage AnyCut offre une interface conviviale et des fonctionnalit\u00e9s avanc\u00e9es pour une d\u00e9coupe pr\u00e9cise et efficace.<\/p>\n<p>&nbsp;<\/p>\n<p><img decoding=\"async\" class=\"size-medium wp-image-11418\" src=\"https:\/\/digistar.ma\/wp-content\/uploads\/2024\/04\/Machine-de-decoupe-pour-flex-et-vinyle-JINKA-72-cm-1-300x300.jpg\" alt=\"Machine de d\u00e9coupe pour flex et vinyle JINKA 72 cm\" width=\"300\" height=\"300\" srcset=\"https:\/\/digistar.ma\/wp-content\/uploads\/2024\/04\/Machine-de-decoupe-pour-flex-et-vinyle-JINKA-72-cm-1-300x300.jpg 300w, https:\/\/digistar.ma\/wp-content\/uploads\/2024\/04\/Machine-de-decoupe-pour-flex-et-vinyle-JINKA-72-cm-1-1024x1024.jpg 1024w, https:\/\/digistar.ma\/wp-content\/uploads\/2024\/04\/Machine-de-decoupe-pour-flex-et-vinyle-JINKA-72-cm-1-150x150.jpg 150w, https:\/\/digistar.ma\/wp-content\/uploads\/2024\/04\/Machine-de-decoupe-pour-flex-et-vinyle-JINKA-72-cm-1-768x768.jpg 768w, https:\/\/digistar.ma\/wp-content\/uploads\/2024\/04\/Machine-de-decoupe-pour-flex-et-vinyle-JINKA-72-cm-1-1536x1536.jpg 1536w, https:\/\/digistar.ma\/wp-content\/uploads\/2024\/04\/Machine-de-decoupe-pour-flex-et-vinyle-JINKA-72-cm-1-600x600.jpg 600w, https:\/\/digistar.ma\/wp-content\/uploads\/2024\/04\/Machine-de-decoupe-pour-flex-et-vinyle-JINKA-72-cm-1-100x100.jpg 100w, https:\/\/digistar.ma\/wp-content\/uploads\/2024\/04\/Machine-de-decoupe-pour-flex-et-vinyle-JINKA-72-cm-1.jpg 2000w\" sizes=\"(max-width: 300px) 100vw, 300px\" \/><\/p>\n<p>Que vous soyez un professionnel de la d\u00e9coupe ou un passionn\u00e9 de loisirs cr\u00e9atifs, la machine de d\u00e9coupe JINKA 72 cm est l&#8217;outil id\u00e9al pour donner vie \u00e0 vos projets de personnalisation.<\/p>\n<p>&nbsp;<\/p>\n<ul>\n<li>Largeur : 720 mm<\/li>\n<li>Logiciel de pilotage AnyCut<\/li>\n<li>\u0152il optique int\u00e9gr\u00e9<\/li>\n<li>Garantie d&#8217;un an<\/li>\n<li>Marque : Jinka<\/li>\n<\/ul>\n","protected":false},"excerpt":{"rendered":"<ul>\n<li>Largeur : 720 mm<\/li>\n<li>Logiciel de pilotage AnyCut<\/li>\n<li>\u0152il optique int\u00e9gr\u00e9<\/li>\n<li>Garantie d&#8217;un an<\/li>\n<li>Marque : Jinka<\/li>\n<li>\n<table>\n<tbody>\n<tr>\n<td>1050\u00d7350\u00d7410mm (Largeur x Profondeur x Hauteur)<\/td>\n<\/tr>\n<\/tbody>\n<\/table>\n<\/li>\n<\/ul>\n","protected":false},"featured_media":11421,"comment_status":"open","ping_status":"closed","template":"","meta":{"_acf_changed":false,"_monsterinsights_skip_tracking":false,"_monsterinsights_sitenote_active":false,"_monsterinsights_sitenote_note":"","_monsterinsights_sitenote_category":0,"_uf_show_specific_survey":0,"_uf_disable_surveys":false,"_joinchat":[]},"product_brand":[],"product_cat":[384],"product_tag":[],"class_list":{"0":"post-11417","1":"product","2":"type-product","3":"status-publish","4":"has-post-thumbnail","6":"product_cat-fournitures-dimpression","8":"first","9":"instock","10":"sale","11":"shipping-taxable","12":"purchasable","13":"product-type-simple"},"acf":[],"jetpack_sharing_enabled":true,"_links":{"self":[{"href":"https:\/\/digistar.ma\/index.php?rest_route=\/wp\/v2\/product\/11417","targetHints":{"allow":["GET"]}}],"collection":[{"href":"https:\/\/digistar.ma\/index.php?rest_route=\/wp\/v2\/product"}],"about":[{"href":"https:\/\/digistar.ma\/index.php?rest_route=\/wp\/v2\/types\/product"}],"replies":[{"embeddable":true,"href":"https:\/\/digistar.ma\/index.php?rest_route=%2Fwp%2Fv2%2Fcomments&post=11417"}],"version-history":[{"count":1,"href":"https:\/\/digistar.ma\/index.php?rest_route=\/wp\/v2\/product\/11417\/revisions"}],"predecessor-version":[{"id":11422,"href":"https:\/\/digistar.ma\/index.php?rest_route=\/wp\/v2\/product\/11417\/revisions\/11422"}],"wp:featuredmedia":[{"embeddable":true,"href":"https:\/\/digistar.ma\/index.php?rest_route=\/wp\/v2\/media\/11421"}],"wp:attachment":[{"href":"https:\/\/digistar.ma\/index.php?rest_route=%2Fwp%2Fv2%2Fmedia&parent=11417"}],"wp:term":[{"taxonomy":"product_brand","embeddable":true,"href":"https:\/\/digistar.ma\/index.php?rest_route=%2Fwp%2Fv2%2Fproduct_brand&post=11417"},{"taxonomy":"product_cat","embeddable":true,"href":"https:\/\/digistar.ma\/index.php?rest_route=%2Fwp%2Fv2%2Fproduct_cat&post=11417"},{"taxonomy":"product_tag","embeddable":true,"href":"https:\/\/digistar.ma\/index.php?rest_route=%2Fwp%2Fv2%2Fproduct_tag&post=11417"}],"curies":[{"name":"wp","href":"https:\/\/api.w.org\/{rel}","templated":true}]}}