{"id":11424,"date":"2024-04-13T15:25:40","date_gmt":"2024-04-13T15:25:40","guid":{"rendered":"https:\/\/digistar.ma\/?post_type=product&#038;p=11424"},"modified":"2024-07-23T21:46:12","modified_gmt":"2024-07-23T21:46:12","slug":"machine-de-decoupe-pour-flex-et-vinyle-jinka-120-cm","status":"publish","type":"product","link":"https:\/\/digistar.ma\/?product=machine-de-decoupe-pour-flex-et-vinyle-jinka-120-cm","title":{"rendered":"Machine de d\u00e9coupe pour flex et vinyle JINKA 120 cm"},"content":{"rendered":"<h2>Machine de d\u00e9coupe pour flex et vinyle JINKA 120 cm<\/h2>\n<p>La machine de d\u00e9coupe pour flex et vinyle JINKA 120 cm est un outil polyvalent et efficace pour la d\u00e9coupe de mat\u00e9riaux flexibles tels que le flex et le vinyle. Avec sa largeur de coupe de 120 cm, cette machine vous offre une grande surface de travail pour r\u00e9aliser des d\u00e9coupes de motifs de diff\u00e9rentes tailles pour une vari\u00e9t\u00e9 d&#8217;applications.<\/p>\n<p><img fetchpriority=\"high\" decoding=\"async\" class=\"size-medium wp-image-11425\" src=\"https:\/\/digistar.ma\/wp-content\/uploads\/2024\/04\/Machine-de-decoupe-pour-flex-et-vinyle-JINKA-120-cm-300x300.jpg\" alt=\"Machine de d\u00e9coupe pour flex et vinyle JINKA 120 cm\" width=\"300\" height=\"300\" srcset=\"https:\/\/digistar.ma\/wp-content\/uploads\/2024\/04\/Machine-de-decoupe-pour-flex-et-vinyle-JINKA-120-cm-300x300.jpg 300w, https:\/\/digistar.ma\/wp-content\/uploads\/2024\/04\/Machine-de-decoupe-pour-flex-et-vinyle-JINKA-120-cm-1024x1024.jpg 1024w, https:\/\/digistar.ma\/wp-content\/uploads\/2024\/04\/Machine-de-decoupe-pour-flex-et-vinyle-JINKA-120-cm-150x150.jpg 150w, https:\/\/digistar.ma\/wp-content\/uploads\/2024\/04\/Machine-de-decoupe-pour-flex-et-vinyle-JINKA-120-cm-768x768.jpg 768w, https:\/\/digistar.ma\/wp-content\/uploads\/2024\/04\/Machine-de-decoupe-pour-flex-et-vinyle-JINKA-120-cm-1536x1536.jpg 1536w, https:\/\/digistar.ma\/wp-content\/uploads\/2024\/04\/Machine-de-decoupe-pour-flex-et-vinyle-JINKA-120-cm-600x600.jpg 600w, https:\/\/digistar.ma\/wp-content\/uploads\/2024\/04\/Machine-de-decoupe-pour-flex-et-vinyle-JINKA-120-cm-100x100.jpg 100w, https:\/\/digistar.ma\/wp-content\/uploads\/2024\/04\/Machine-de-decoupe-pour-flex-et-vinyle-JINKA-120-cm.jpg 2000w\" sizes=\"(max-width: 300px) 100vw, 300px\" \/><\/p>\n<p>Dot\u00e9e d&#8217;une conception robuste et fiable, cette machine de d\u00e9coupe pour flex et vinyle JINKA 120 cmest con\u00e7ue pour r\u00e9pondre aux besoins de d\u00e9coupe les plus exigeants. Son logiciel de pilotage int\u00e9gr\u00e9 offre une interface conviviale et des fonctionnalit\u00e9s avanc\u00e9es pour une d\u00e9coupe pr\u00e9cise et efficace.<\/p>\n<p>&nbsp;<\/p>\n<p><img decoding=\"async\" class=\"size-full wp-image-11427\" src=\"https:\/\/digistar.ma\/wp-content\/uploads\/2024\/04\/Machine-de-decoupe-pour-flex-et-vinyle-JINKA-120-cm-2.jpg\" alt=\"Machine de d\u00e9coupe pour flex et vinyle JINKA 120 cm\" width=\"205\" height=\"200\" \/><\/p>\n<p>Que vous soyez un professionnel de la d\u00e9coupe ou un amateur passionn\u00e9, la machine de d\u00e9coupe pour flex et vinyle JINKA 120 cm vous offre les outils n\u00e9cessaires pour donner vie \u00e0 vos projets de personnalisation.<\/p>\n<p>&nbsp;<\/p>\n<p><img decoding=\"async\" class=\"size-medium wp-image-11428\" src=\"https:\/\/digistar.ma\/wp-content\/uploads\/2024\/04\/Machine-de-decoupe-pour-flex-et-vinyle-JINKA-120-cm-1-1-300x300.jpg\" alt=\"Machine de d\u00e9coupe pour flex et vinyle JINKA 120 cm 1\" width=\"300\" height=\"300\" srcset=\"https:\/\/digistar.ma\/wp-content\/uploads\/2024\/04\/Machine-de-decoupe-pour-flex-et-vinyle-JINKA-120-cm-1-1-300x300.jpg 300w, https:\/\/digistar.ma\/wp-content\/uploads\/2024\/04\/Machine-de-decoupe-pour-flex-et-vinyle-JINKA-120-cm-1-1-1024x1024.jpg 1024w, https:\/\/digistar.ma\/wp-content\/uploads\/2024\/04\/Machine-de-decoupe-pour-flex-et-vinyle-JINKA-120-cm-1-1-150x150.jpg 150w, https:\/\/digistar.ma\/wp-content\/uploads\/2024\/04\/Machine-de-decoupe-pour-flex-et-vinyle-JINKA-120-cm-1-1-768x768.jpg 768w, https:\/\/digistar.ma\/wp-content\/uploads\/2024\/04\/Machine-de-decoupe-pour-flex-et-vinyle-JINKA-120-cm-1-1-1536x1536.jpg 1536w, https:\/\/digistar.ma\/wp-content\/uploads\/2024\/04\/Machine-de-decoupe-pour-flex-et-vinyle-JINKA-120-cm-1-1-600x600.jpg 600w, https:\/\/digistar.ma\/wp-content\/uploads\/2024\/04\/Machine-de-decoupe-pour-flex-et-vinyle-JINKA-120-cm-1-1-100x100.jpg 100w, https:\/\/digistar.ma\/wp-content\/uploads\/2024\/04\/Machine-de-decoupe-pour-flex-et-vinyle-JINKA-120-cm-1-1.jpg 2000w\" sizes=\"(max-width: 300px) 100vw, 300px\" \/><\/p>\n<p>En utilisant l&#8217;oeil optique int\u00e9gr\u00e9, il est possible de positionner pr\u00e9cis\u00e9ment le mat\u00e9riau, garantissant ainsi des d\u00e9coupes parfaitement align\u00e9es \u00e0 chaque utilisation. En outre, gr\u00e2ce \u00e0 une garantie d&#8217;un an, vous pouvez b\u00e9n\u00e9ficier d&#8217;une garantie de performance fiable et continue.<\/p>\n<p>&nbsp;<\/p>\n<ul>\n<li>Largeur : 1300 mm<\/li>\n<li>Logiciel de pilotage AnyCut<\/li>\n<li>\u0152il optique int\u00e9gr\u00e9<\/li>\n<li>Garantie d&#8217;un an<\/li>\n<\/ul>\n","protected":false},"excerpt":{"rendered":"<ul>\n<li>Largeur : 1300 mm<\/li>\n<li>Logiciel de pilotage AnyCut<\/li>\n<li>\u0152il optique int\u00e9gr\u00e9<\/li>\n<li>Garantie d&#8217;un an<\/li>\n<\/ul>\n","protected":false},"featured_media":11426,"comment_status":"open","ping_status":"closed","template":"","meta":{"_acf_changed":false,"_monsterinsights_skip_tracking":false,"_monsterinsights_sitenote_active":false,"_monsterinsights_sitenote_note":"","_monsterinsights_sitenote_category":0,"_uf_show_specific_survey":0,"_uf_disable_surveys":false,"_joinchat":[]},"product_brand":[],"product_cat":[384],"product_tag":[],"class_list":{"0":"post-11424","1":"product","2":"type-product","3":"status-publish","4":"has-post-thumbnail","6":"product_cat-fournitures-dimpression","8":"first","9":"instock","10":"sale","11":"shipping-taxable","12":"purchasable","13":"product-type-simple"},"acf":[],"jetpack_sharing_enabled":true,"_links":{"self":[{"href":"https:\/\/digistar.ma\/index.php?rest_route=\/wp\/v2\/product\/11424","targetHints":{"allow":["GET"]}}],"collection":[{"href":"https:\/\/digistar.ma\/index.php?rest_route=\/wp\/v2\/product"}],"about":[{"href":"https:\/\/digistar.ma\/index.php?rest_route=\/wp\/v2\/types\/product"}],"replies":[{"embeddable":true,"href":"https:\/\/digistar.ma\/index.php?rest_route=%2Fwp%2Fv2%2Fcomments&post=11424"}],"version-history":[{"count":1,"href":"https:\/\/digistar.ma\/index.php?rest_route=\/wp\/v2\/product\/11424\/revisions"}],"predecessor-version":[{"id":11429,"href":"https:\/\/digistar.ma\/index.php?rest_route=\/wp\/v2\/product\/11424\/revisions\/11429"}],"wp:featuredmedia":[{"embeddable":true,"href":"https:\/\/digistar.ma\/index.php?rest_route=\/wp\/v2\/media\/11426"}],"wp:attachment":[{"href":"https:\/\/digistar.ma\/index.php?rest_route=%2Fwp%2Fv2%2Fmedia&parent=11424"}],"wp:term":[{"taxonomy":"product_brand","embeddable":true,"href":"https:\/\/digistar.ma\/index.php?rest_route=%2Fwp%2Fv2%2Fproduct_brand&post=11424"},{"taxonomy":"product_cat","embeddable":true,"href":"https:\/\/digistar.ma\/index.php?rest_route=%2Fwp%2Fv2%2Fproduct_cat&post=11424"},{"taxonomy":"product_tag","embeddable":true,"href":"https:\/\/digistar.ma\/index.php?rest_route=%2Fwp%2Fv2%2Fproduct_tag&post=11424"}],"curies":[{"name":"wp","href":"https:\/\/api.w.org\/{rel}","templated":true}]}}