{"id":11431,"date":"2024-04-13T19:22:47","date_gmt":"2024-04-13T19:22:47","guid":{"rendered":"https:\/\/digistar.ma\/?post_type=product&#038;p=11431"},"modified":"2024-04-13T19:22:47","modified_gmt":"2024-04-13T19:22:47","slug":"plastifieuse-et-pelliculeuse-rouleaux-double-face-fm-360","status":"publish","type":"product","link":"https:\/\/digistar.ma\/?product=plastifieuse-et-pelliculeuse-rouleaux-double-face-fm-360","title":{"rendered":"Plastifieuse et pelliculeuse rouleaux double face FM 360"},"content":{"rendered":"<p><strong>Plastifieuse et pelliculeuse rouleaux double face FM 360<\/strong><\/p>\n<p>Pelliculeuse \u00e0 chaud construite en m\u00e9tal\u00a0<strong>\u00e0 rouleaux<\/strong>\u00a0simple et double face, cette machine robuste assure une utilisation ais\u00e9e pour tous les op\u00e9rateurs. Ses \u00e9quipements en font une machine polyvalente aussi bien\u00a0<span class=\"police\">adapt\u00e9e aux impressions num\u00e9riques les plus d\u00e9licates qu\u2019aux importants volumes des impressions Offset.<\/span><\/p>\n<div class=\"J_module\">\n<h3 id=\"ali-anchor-AliMagic-chb4yf\" class=\"magic-0\" data-section=\"AliMagic-chb4yf\" data-section-title=\"Specification\" data-spm-anchor-id=\"a2700.details.0.i10.e6e54fde5tvVJw\"><strong>Specification<\/strong><\/h3>\n<\/div>\n<div class=\"J_module\">\n<div class=\"ife-detail-decorate-table\">\n<table class=\"has-title all magic-1\">\n<tbody>\n<tr>\n<td>\n<div class=\"magic-2\">\n<div class=\"magic-3\"><strong>R\u00e9f\u00e9rence<\/strong><\/div>\n<\/div>\n<\/td>\n<td>\n<div class=\"magic-5\">FM 360, Marche arri\u00e8re<\/div>\n<\/td>\n<\/tr>\n<tr>\n<td>\n<div class=\"magic-2\">\n<div class=\"magic-3\"><b class=\"magic-4\">Type<\/b><\/div>\n<\/div>\n<\/td>\n<td>\n<div class=\"magic-5\">Cold &amp; Hot roll Laminator<\/div>\n<\/td>\n<\/tr>\n<tr>\n<td>\n<div class=\"magic-2\">\n<div class=\"magic-3\"><strong>Largeur de pelliculage<\/strong><\/div>\n<\/div>\n<\/td>\n<td>\n<div class=\"magic-5\">360mm<\/div>\n<\/td>\n<\/tr>\n<tr>\n<td>\n<div class=\"magic-2\">\n<div class=\"magic-3\"><b class=\"magic-4\">Product name<\/b><\/div>\n<\/div>\n<\/td>\n<td>\n<div class=\"magic-5\">laminateur\u00a0<strong>\u00e0 rouleaux<\/strong><\/div>\n<\/td>\n<\/tr>\n<tr>\n<td>\n<div class=\"magic-2\">\n<div class=\"magic-3\"><b class=\"magic-4\">Voltage<\/b><\/div>\n<\/div>\n<\/td>\n<td>\n<div class=\"magic-5\">220V\/50Hz\/110v\/60hz<\/div>\n<\/td>\n<\/tr>\n<tr>\n<td>\n<div class=\"magic-2\">\n<div class=\"magic-3\"><strong>Temps de pr\u00e9chauffage<\/strong><\/div>\n<\/div>\n<\/td>\n<td>\n<div class=\"magic-5\">3 \u2013 5 Minutes<\/div>\n<\/td>\n<\/tr>\n<tr>\n<td>\n<div class=\"magic-2\">\n<div class=\"magic-3\"><strong>Vitesse ajustable\u00a0<\/strong><\/div>\n<\/div>\n<\/td>\n<td>\n<div class=\"magic-5\">0,3 \u00e0 8 m\/min<\/div>\n<\/td>\n<\/tr>\n<tr>\n<td>\n<div class=\"magic-2\">\n<div class=\"magic-3\"><strong>Poids<\/strong><\/div>\n<\/div>\n<\/td>\n<td>\n<div class=\"magic-5\">25Kg<\/div>\n<\/td>\n<\/tr>\n<tr>\n<td>\n<div class=\"magic-2\">\n<div class=\"magic-3\"><strong>Temp\u00e9rature ajustable<\/strong><\/div>\n<\/div>\n<\/td>\n<td>\n<div class=\"magic-5\">160\u2103<\/div>\n<\/td>\n<\/tr>\n<tr>\n<td>\n<div class=\"magic-2\">\n<div class=\"magic-3\"><strong>Nombre de rouleaux\u00a0<\/strong><\/div>\n<\/div>\n<\/td>\n<td>\n<div class=\"magic-5\">2\u00a0rouleaux<\/div>\n<\/td>\n<\/tr>\n<tr>\n<td>\n<div class=\"magic-2\">\n<div class=\"magic-3\"><strong>Consommation<\/strong><\/div>\n<\/div>\n<\/td>\n<td>\n<div class=\"magic-5\">\u2264980 W<\/div>\n<\/td>\n<\/tr>\n<tr>\n<td>\n<div class=\"magic-2\">\n<div class=\"magic-3\"><strong>Dimensions<\/strong><\/div>\n<\/div>\n<\/td>\n<td>\n<div class=\"magic-5\">580x510x330mm (Largeur x Profondeur x Hauteur)<\/div>\n<\/td>\n<\/tr>\n<\/tbody>\n<\/table>\n<\/div>\n<\/div>\n","protected":false},"excerpt":{"rendered":"<ul>\n<li>Technique de plastification recto verso<\/li>\n<li>Largeur de pelliculage: 360 mm<\/li>\n<li>Pelliculeuse construite en m\u00e9tal<\/li>\n<li>Plastifieuse en continu professionnelle<\/li>\n<li>Vitesse et temp\u00e9rature r\u00e9glables<\/li>\n<\/ul>\n","protected":false},"featured_media":11432,"comment_status":"open","ping_status":"closed","template":"","meta":{"_acf_changed":false,"_monsterinsights_skip_tracking":false,"_monsterinsights_sitenote_active":false,"_monsterinsights_sitenote_note":"","_monsterinsights_sitenote_category":0,"_uf_show_specific_survey":0,"_uf_disable_surveys":false,"_joinchat":[]},"product_brand":[],"product_cat":[384],"product_tag":[],"class_list":{"0":"post-11431","1":"product","2":"type-product","3":"status-publish","4":"has-post-thumbnail","6":"product_cat-fournitures-dimpression","8":"first","9":"instock","10":"sale","11":"shipping-taxable","12":"purchasable","13":"product-type-simple"},"acf":[],"jetpack_sharing_enabled":true,"_links":{"self":[{"href":"https:\/\/digistar.ma\/index.php?rest_route=\/wp\/v2\/product\/11431","targetHints":{"allow":["GET"]}}],"collection":[{"href":"https:\/\/digistar.ma\/index.php?rest_route=\/wp\/v2\/product"}],"about":[{"href":"https:\/\/digistar.ma\/index.php?rest_route=\/wp\/v2\/types\/product"}],"replies":[{"embeddable":true,"href":"https:\/\/digistar.ma\/index.php?rest_route=%2Fwp%2Fv2%2Fcomments&post=11431"}],"version-history":[{"count":2,"href":"https:\/\/digistar.ma\/index.php?rest_route=\/wp\/v2\/product\/11431\/revisions"}],"predecessor-version":[{"id":11437,"href":"https:\/\/digistar.ma\/index.php?rest_route=\/wp\/v2\/product\/11431\/revisions\/11437"}],"wp:featuredmedia":[{"embeddable":true,"href":"https:\/\/digistar.ma\/index.php?rest_route=\/wp\/v2\/media\/11432"}],"wp:attachment":[{"href":"https:\/\/digistar.ma\/index.php?rest_route=%2Fwp%2Fv2%2Fmedia&parent=11431"}],"wp:term":[{"taxonomy":"product_brand","embeddable":true,"href":"https:\/\/digistar.ma\/index.php?rest_route=%2Fwp%2Fv2%2Fproduct_brand&post=11431"},{"taxonomy":"product_cat","embeddable":true,"href":"https:\/\/digistar.ma\/index.php?rest_route=%2Fwp%2Fv2%2Fproduct_cat&post=11431"},{"taxonomy":"product_tag","embeddable":true,"href":"https:\/\/digistar.ma\/index.php?rest_route=%2Fwp%2Fv2%2Fproduct_tag&post=11431"}],"curies":[{"name":"wp","href":"https:\/\/api.w.org\/{rel}","templated":true}]}}