{"id":11522,"date":"2024-05-28T10:19:51","date_gmt":"2024-05-28T10:19:51","guid":{"rendered":"https:\/\/digistar.ma\/?post_type=product&#038;p=11522"},"modified":"2024-05-28T10:30:14","modified_gmt":"2024-05-28T10:30:14","slug":"agrafeuse-manuelle-a-cheval-a-plat","status":"publish","type":"product","link":"https:\/\/digistar.ma\/?product=agrafeuse-manuelle-a-cheval-a-plat","title":{"rendered":"Agrafeuse manuelle \u00e0 cheval, \u00e0 plat"},"content":{"rendered":"<h4 class=\"product_title entry-title\" style=\"text-align: left;\">Agrafeuse manuelle \u00e0 cheval \u00e0 plat<\/h4>\n<p style=\"text-align: left;\">les principales caract\u00e9ristiques de cette agrafeuse manuelle \u00e0 cheval et \u00e0 plat :<\/p>\n<p style=\"text-align: left;\">Description:<\/p>\n<ul style=\"text-align: left;\">\n<li>Agrafeuse manuelle polyvalente pouvant agrafer \u00e0 cheval ou \u00e0 plat<\/li>\n<li>Id\u00e9ale pour les travaux de reliure, de maroquinerie, d&#8217;ameublement, etc.<\/li>\n<li>Permet d&#8217;agrafer des mat\u00e9riaux \u00e9pais comme le cuir, le tissu, le carton, etc.<\/li>\n<li>M\u00e2choires interchangeables pour diff\u00e9rentes largeurs d&#8217;agrafes<\/li>\n<\/ul>\n<p style=\"text-align: left;\">Fonctionnalit\u00e9s<\/p>\n<ul>\n<li style=\"text-align: left;\">Polyvalence pour agrafer \u00e0 cheval ou \u00e0 plat<\/li>\n<li style=\"text-align: left;\">Convient pour les mat\u00e9riaux \u00e9pais et rigides<\/li>\n<li style=\"text-align: left;\">Syst\u00e8me de levier manuel pour un effort r\u00e9duit<\/li>\n<li style=\"text-align: left;\">M\u00e2choires interchangeables pour diff\u00e9rentes largeurs d&#8217;agrafes<\/li>\n<li style=\"text-align: left;\">R\u00e9sultats propres et solides<\/li>\n<li style=\"text-align: left;\">Id\u00e9al pour une utilisation professionnelle intensive<\/li>\n<\/ul>\n<p>&nbsp;<\/p>\n","protected":false},"excerpt":{"rendered":"<ul class=\"attributes\">\n<li>Type d\u2019agrafeuse :\u00a0manuelle<\/li>\n<li>M\u00e9thode d\u2019agrafage : \u00e0 cheval, \u00e0 plat<\/li>\n<li>Capacit\u00e9 d\u2019agrafage (feuilles) : 50 feuilles<\/li>\n<li>Capacit\u00e9 d\u2019agrafage (mm) : 7 mm<\/li>\n<\/ul>\n","protected":false},"featured_media":11524,"comment_status":"open","ping_status":"closed","template":"","meta":{"_acf_changed":false,"_monsterinsights_skip_tracking":false,"_monsterinsights_sitenote_active":false,"_monsterinsights_sitenote_note":"","_monsterinsights_sitenote_category":0,"_uf_show_specific_survey":0,"_uf_disable_surveys":false,"_joinchat":[]},"product_brand":[],"product_cat":[384],"product_tag":[],"class_list":{"0":"post-11522","1":"product","2":"type-product","3":"status-publish","4":"has-post-thumbnail","6":"product_cat-fournitures-dimpression","8":"first","9":"instock","10":"sale","11":"shipping-taxable","12":"purchasable","13":"product-type-simple"},"acf":[],"jetpack_sharing_enabled":true,"_links":{"self":[{"href":"https:\/\/digistar.ma\/index.php?rest_route=\/wp\/v2\/product\/11522","targetHints":{"allow":["GET"]}}],"collection":[{"href":"https:\/\/digistar.ma\/index.php?rest_route=\/wp\/v2\/product"}],"about":[{"href":"https:\/\/digistar.ma\/index.php?rest_route=\/wp\/v2\/types\/product"}],"replies":[{"embeddable":true,"href":"https:\/\/digistar.ma\/index.php?rest_route=%2Fwp%2Fv2%2Fcomments&post=11522"}],"version-history":[{"count":3,"href":"https:\/\/digistar.ma\/index.php?rest_route=\/wp\/v2\/product\/11522\/revisions"}],"predecessor-version":[{"id":11535,"href":"https:\/\/digistar.ma\/index.php?rest_route=\/wp\/v2\/product\/11522\/revisions\/11535"}],"wp:featuredmedia":[{"embeddable":true,"href":"https:\/\/digistar.ma\/index.php?rest_route=\/wp\/v2\/media\/11524"}],"wp:attachment":[{"href":"https:\/\/digistar.ma\/index.php?rest_route=%2Fwp%2Fv2%2Fmedia&parent=11522"}],"wp:term":[{"taxonomy":"product_brand","embeddable":true,"href":"https:\/\/digistar.ma\/index.php?rest_route=%2Fwp%2Fv2%2Fproduct_brand&post=11522"},{"taxonomy":"product_cat","embeddable":true,"href":"https:\/\/digistar.ma\/index.php?rest_route=%2Fwp%2Fv2%2Fproduct_cat&post=11522"},{"taxonomy":"product_tag","embeddable":true,"href":"https:\/\/digistar.ma\/index.php?rest_route=%2Fwp%2Fv2%2Fproduct_tag&post=11522"}],"curies":[{"name":"wp","href":"https:\/\/api.w.org\/{rel}","templated":true}]}}