{"id":11545,"date":"2024-05-28T13:51:50","date_gmt":"2024-05-28T13:51:50","guid":{"rendered":"https:\/\/digistar.ma\/?post_type=product&#038;p=11545"},"modified":"2024-05-28T16:03:01","modified_gmt":"2024-05-28T16:03:01","slug":"relieuse-manuelle-anneau-metallique-tpps-ibind-u25","status":"publish","type":"product","link":"https:\/\/digistar.ma\/?product=relieuse-manuelle-anneau-metallique-tpps-ibind-u25","title":{"rendered":"Relieuse manuelle anneau m\u00e9tallique TPPS iBind U25"},"content":{"rendered":"<h4><strong>Relieuse manuelle anneau m\u00e9tallique TPPS iBind U25<\/strong><\/h4>\n<p>&nbsp;<\/p>\n<p>Description :<\/p>\n<ul>\n<li>Relieuse manuelle polyvalente permettant de relier des documents aux formats A4, A5 et Lettre<\/li>\n<li>Id\u00e9ale pour r\u00e9aliser des brochures, rapports, pr\u00e9sentations, etc.<\/li>\n<li>Compatible avec des anneaux m\u00e9talliques et en plastique.<\/li>\n<\/ul>\n<p>Fonctionnalit\u00e9s de la Relieuse manuelle anneau m\u00e9tallique TPPS iBind U25:<\/p>\n<ul>\n<li>M\u00e9canisme de perforation manuel robuste et ergonomique<\/li>\n<li>Guide de positionnement pour un alignement pr\u00e9cis<\/li>\n<li>Perforation en une seule passe pour plus de productivit\u00e9<\/li>\n<li>Convient aux formats A4, A5 et Lettre<\/li>\n<li>Id\u00e9al pour les travaux bureautiques, \u00e9ducatifs et de cr\u00e9ation<\/li>\n<\/ul>\n<p>&nbsp;<\/p>\n","protected":false},"excerpt":{"rendered":"<ul class=\"attributes\">\n<li>Format \u00e0 relier : A4 \/ A5 \/ Lettre \u2026<\/li>\n<li>Capacit\u00e9 de perforation maxi : 25 feuilles 80 g\/m\u00b2<\/li>\n<li>La marque : TPPS iBind<\/li>\n<li>Trous ronds de diam\u00e8tre 4 mm<\/li>\n<li>Type de reliure : Anneaux m\u00e9tal et plastique<\/li>\n<\/ul>\n","protected":false},"featured_media":11546,"comment_status":"open","ping_status":"closed","template":"","meta":{"_acf_changed":false,"_monsterinsights_skip_tracking":false,"_monsterinsights_sitenote_active":false,"_monsterinsights_sitenote_note":"","_monsterinsights_sitenote_category":0,"_uf_show_specific_survey":0,"_uf_disable_surveys":false,"_joinchat":[]},"product_brand":[],"product_cat":[384],"product_tag":[],"class_list":{"0":"post-11545","1":"product","2":"type-product","3":"status-publish","4":"has-post-thumbnail","6":"product_cat-fournitures-dimpression","8":"first","9":"instock","10":"sale","11":"shipping-taxable","12":"purchasable","13":"product-type-simple"},"acf":[],"jetpack_sharing_enabled":true,"_links":{"self":[{"href":"https:\/\/digistar.ma\/index.php?rest_route=\/wp\/v2\/product\/11545","targetHints":{"allow":["GET"]}}],"collection":[{"href":"https:\/\/digistar.ma\/index.php?rest_route=\/wp\/v2\/product"}],"about":[{"href":"https:\/\/digistar.ma\/index.php?rest_route=\/wp\/v2\/types\/product"}],"replies":[{"embeddable":true,"href":"https:\/\/digistar.ma\/index.php?rest_route=%2Fwp%2Fv2%2Fcomments&post=11545"}],"version-history":[{"count":4,"href":"https:\/\/digistar.ma\/index.php?rest_route=\/wp\/v2\/product\/11545\/revisions"}],"predecessor-version":[{"id":11569,"href":"https:\/\/digistar.ma\/index.php?rest_route=\/wp\/v2\/product\/11545\/revisions\/11569"}],"wp:featuredmedia":[{"embeddable":true,"href":"https:\/\/digistar.ma\/index.php?rest_route=\/wp\/v2\/media\/11546"}],"wp:attachment":[{"href":"https:\/\/digistar.ma\/index.php?rest_route=%2Fwp%2Fv2%2Fmedia&parent=11545"}],"wp:term":[{"taxonomy":"product_brand","embeddable":true,"href":"https:\/\/digistar.ma\/index.php?rest_route=%2Fwp%2Fv2%2Fproduct_brand&post=11545"},{"taxonomy":"product_cat","embeddable":true,"href":"https:\/\/digistar.ma\/index.php?rest_route=%2Fwp%2Fv2%2Fproduct_cat&post=11545"},{"taxonomy":"product_tag","embeddable":true,"href":"https:\/\/digistar.ma\/index.php?rest_route=%2Fwp%2Fv2%2Fproduct_tag&post=11545"}],"curies":[{"name":"wp","href":"https:\/\/api.w.org\/{rel}","templated":true}]}}