{"id":11561,"date":"2024-05-28T15:40:32","date_gmt":"2024-05-28T15:40:32","guid":{"rendered":"https:\/\/digistar.ma\/?post_type=product&#038;p=11561"},"modified":"2024-05-28T15:40:33","modified_gmt":"2024-05-28T15:40:33","slug":"perforelieur-par-anneaux-plastiques-manuelle-grise","status":"publish","type":"product","link":"https:\/\/digistar.ma\/?product=perforelieur-par-anneaux-plastiques-manuelle-grise","title":{"rendered":"Perforelieur par anneaux plastiques manuelle grise"},"content":{"rendered":"<h4>Perforelieur par anneaux plastiques manuelle grise :<\/h4>\n<p>Produit : Perforelieur manuel par anneaux plastiques &#8211; Gris<\/p>\n<p>Description :<\/p>\n<ul>\n<li>Perforelieur manuel polyvalent pour la reliure de documents par anneaux plastiques<\/li>\n<li>Permet de perforer et de relier facilement vos documents<\/li>\n<li>Conception robuste et durable en plastique de haute qualit\u00e9<\/li>\n<\/ul>\n<p>Fonctionnalit\u00e9s :<\/p>\n<ul>\n<li>M\u00e9canisme de perforation et d&#8217;insertion des anneaux manuel<\/li>\n<li>But\u00e9e lat\u00e9rale r\u00e9glable pour un alignement parfait<\/li>\n<li>Syst\u00e8me de guidage pr\u00e9cis pour une perforation align\u00e9e<\/li>\n<li>Con\u00e7u pour une utilisation fr\u00e9quente et intensive<\/li>\n<li>Id\u00e9al pour les travaux de bureau, d&#8217;\u00e9cole, de cr\u00e9ation, etc.<\/li>\n<\/ul>\n<p>Ce perforelieur manuel gris par anneaux plastiques est un outil fiable et facile \u00e0 utiliser pour relier vos documents de mani\u00e8re professionnelle. N&#8217;h\u00e9sitez pas si vous avez d&#8217;autres questions !<\/p>\n","protected":false},"excerpt":{"rendered":"<ul class=\"attributes\">\n<li>Format \u00e0 relier : A4 \/ A5 \/ Lettre \u2026<\/li>\n<li>Capacit\u00e9 de perforation maxi : 12 feuilles 75 g\/m\u00b2<\/li>\n<li>Marge de perforation : 2 \/ 4 \/ 6 mm<\/li>\n<li>Trous ronds de diam\u00e8tre 4 mm<\/li>\n<li>Type de reliure : Anneaux plastiques<\/li>\n<\/ul>\n","protected":false},"featured_media":11563,"comment_status":"open","ping_status":"closed","template":"","meta":{"_acf_changed":false,"_monsterinsights_skip_tracking":false,"_monsterinsights_sitenote_active":false,"_monsterinsights_sitenote_note":"","_monsterinsights_sitenote_category":0,"_uf_show_specific_survey":0,"_uf_disable_surveys":false,"_joinchat":[]},"product_brand":[],"product_cat":[384],"product_tag":[],"class_list":{"0":"post-11561","1":"product","2":"type-product","3":"status-publish","4":"has-post-thumbnail","6":"product_cat-fournitures-dimpression","8":"first","9":"instock","10":"sale","11":"shipping-taxable","12":"purchasable","13":"product-type-simple"},"acf":[],"jetpack_sharing_enabled":true,"_links":{"self":[{"href":"https:\/\/digistar.ma\/index.php?rest_route=\/wp\/v2\/product\/11561","targetHints":{"allow":["GET"]}}],"collection":[{"href":"https:\/\/digistar.ma\/index.php?rest_route=\/wp\/v2\/product"}],"about":[{"href":"https:\/\/digistar.ma\/index.php?rest_route=\/wp\/v2\/types\/product"}],"replies":[{"embeddable":true,"href":"https:\/\/digistar.ma\/index.php?rest_route=%2Fwp%2Fv2%2Fcomments&post=11561"}],"version-history":[{"count":2,"href":"https:\/\/digistar.ma\/index.php?rest_route=\/wp\/v2\/product\/11561\/revisions"}],"predecessor-version":[{"id":11568,"href":"https:\/\/digistar.ma\/index.php?rest_route=\/wp\/v2\/product\/11561\/revisions\/11568"}],"wp:featuredmedia":[{"embeddable":true,"href":"https:\/\/digistar.ma\/index.php?rest_route=\/wp\/v2\/media\/11563"}],"wp:attachment":[{"href":"https:\/\/digistar.ma\/index.php?rest_route=%2Fwp%2Fv2%2Fmedia&parent=11561"}],"wp:term":[{"taxonomy":"product_brand","embeddable":true,"href":"https:\/\/digistar.ma\/index.php?rest_route=%2Fwp%2Fv2%2Fproduct_brand&post=11561"},{"taxonomy":"product_cat","embeddable":true,"href":"https:\/\/digistar.ma\/index.php?rest_route=%2Fwp%2Fv2%2Fproduct_cat&post=11561"},{"taxonomy":"product_tag","embeddable":true,"href":"https:\/\/digistar.ma\/index.php?rest_route=%2Fwp%2Fv2%2Fproduct_tag&post=11561"}],"curies":[{"name":"wp","href":"https:\/\/api.w.org\/{rel}","templated":true}]}}