{"id":11570,"date":"2024-05-28T16:49:39","date_gmt":"2024-05-28T16:49:39","guid":{"rendered":"https:\/\/digistar.ma\/?post_type=product&#038;p=11570"},"modified":"2024-05-28T17:35:46","modified_gmt":"2024-05-28T17:35:46","slug":"epson-ruban-noir-erc-38-b-c43s015374","status":"publish","type":"product","link":"https:\/\/digistar.ma\/?product=epson-ruban-noir-erc-38-b-c43s015374","title":{"rendered":"Epson Ruban Noir ERC-38 B &#8211; C43S015374"},"content":{"rendered":"<h3><strong>Epson Ruban Noir ERC-38 B &#8211; C43S015374<\/strong><\/h3>\n<p><strong>Epson ERC-38B<\/strong>\u00a0&#8211; Ruban de marque\u00a0<strong>Epson ERC-38B C43S015374<\/strong>\u00a0pour imprimante matricielle. Couleur :\u00a0<strong>noir<\/strong><label class=\"label\"><\/label><\/p>\n<h4><label class=\"label\">Couleur\u00a0 \u00a0 \u00a0 \u00a0 \u00a0 \u00a0 \u00a0 \u00a0 \u00a0:\u00a0 \u00a0<span style=\"font-size: 16px;\">noir<br \/>\n<label class=\"label\">Reference OEM\u00a0 :\u00a0 <span style=\"font-size: 16px;\">C43S015374<label class=\"label\"><span style=\"font-size: 16px;\"><label class=\"label\">Type de produit\u00a0 : <span style=\"font-size: 16px;\">Les rubans de marque<\/span><\/label><\/span><\/label><\/span><\/label><\/span><\/label><\/h4>\n<h4><label class=\"label\"><span style=\"font-size: 16px;\"><label class=\"label\"><span style=\"font-size: 16px;\"><label class=\"label\"><span style=\"font-size: 16px;\"><label class=\"label\"><span style=\"font-size: 16px;\"><br \/>\n<label class=\"label\">Marque d&#8217;imprimante\u00a0 \u00a0 \u00a0 \u00a0 :<span style=\"font-size: 16px;\">\u00a0Epson<br \/>\n<label class=\"label\">Imprimantes compatibles : Epson TM 300A , Epson TM 300B , Epson TM 300C , Epson TM 300D , Epson TM U200 , Epson TM U200A , Epson TM U200B , Epson TM U200D , Epson TM U200PB ,<br \/>\nEpson TM U200PD , Epson TM U210A , Epson TM U210AR , Epson TM U210B , Epson TM U210D , Epson TM U220A , Epson TM U220B , Epson TM U220D , Epson TM U230 , Epson TM U300 , Epson TM U300A ,<br \/>\nEpson TM U300B , Epson TM U300C , Epson TM U300D , Epson TM U325 , Epson TM U325D , Epson TM U325PD , Epson TM U370 , Epson TM U375<\/label><br \/>\n<\/span><\/label><\/span><\/label><\/span><\/label><\/span><\/label><\/span><\/label><\/h4>\n","protected":false},"excerpt":{"rendered":"<p>Imprimez avec qualit\u00e9 et fiabilit\u00e9 gr\u00e2ce au ruban noir Epson ERC-38B. Con\u00e7u sp\u00e9cialement pour les imprimantes matricielles, ce ruban de marque Epson assure des r\u00e9sultats exceptionnels.<\/p>\n<p>Profitez d&#8217;une impression nette et pr\u00e9cise en noir profond.<\/p>\n<p>Avec l&#8217;ERC-38B, votre travail sera impeccable et professionnel.<\/p>\n<p>Obtenez des documents de qualit\u00e9 sup\u00e9rieure \u00e0 chaque utilisation. Am\u00e9liorez votre productivit\u00e9 avec ce ruban noir Epson de confiance.<\/p>\n","protected":false},"featured_media":11573,"comment_status":"open","ping_status":"closed","template":"","meta":{"_acf_changed":false,"_monsterinsights_skip_tracking":false,"_monsterinsights_sitenote_active":false,"_monsterinsights_sitenote_note":"","_monsterinsights_sitenote_category":0,"_uf_show_specific_survey":0,"_uf_disable_surveys":false,"_joinchat":[]},"product_brand":[],"product_cat":[384,386],"product_tag":[],"class_list":{"0":"post-11570","1":"product","2":"type-product","3":"status-publish","4":"has-post-thumbnail","6":"product_cat-fournitures-dimpression","7":"product_cat-consommables-sublimation-dtf","9":"first","10":"instock","11":"sale","12":"shipping-taxable","13":"purchasable","14":"product-type-simple"},"acf":[],"jetpack_sharing_enabled":true,"_links":{"self":[{"href":"https:\/\/digistar.ma\/index.php?rest_route=\/wp\/v2\/product\/11570","targetHints":{"allow":["GET"]}}],"collection":[{"href":"https:\/\/digistar.ma\/index.php?rest_route=\/wp\/v2\/product"}],"about":[{"href":"https:\/\/digistar.ma\/index.php?rest_route=\/wp\/v2\/types\/product"}],"replies":[{"embeddable":true,"href":"https:\/\/digistar.ma\/index.php?rest_route=%2Fwp%2Fv2%2Fcomments&post=11570"}],"version-history":[{"count":5,"href":"https:\/\/digistar.ma\/index.php?rest_route=\/wp\/v2\/product\/11570\/revisions"}],"predecessor-version":[{"id":11580,"href":"https:\/\/digistar.ma\/index.php?rest_route=\/wp\/v2\/product\/11570\/revisions\/11580"}],"wp:featuredmedia":[{"embeddable":true,"href":"https:\/\/digistar.ma\/index.php?rest_route=\/wp\/v2\/media\/11573"}],"wp:attachment":[{"href":"https:\/\/digistar.ma\/index.php?rest_route=%2Fwp%2Fv2%2Fmedia&parent=11570"}],"wp:term":[{"taxonomy":"product_brand","embeddable":true,"href":"https:\/\/digistar.ma\/index.php?rest_route=%2Fwp%2Fv2%2Fproduct_brand&post=11570"},{"taxonomy":"product_cat","embeddable":true,"href":"https:\/\/digistar.ma\/index.php?rest_route=%2Fwp%2Fv2%2Fproduct_cat&post=11570"},{"taxonomy":"product_tag","embeddable":true,"href":"https:\/\/digistar.ma\/index.php?rest_route=%2Fwp%2Fv2%2Fproduct_tag&post=11570"}],"curies":[{"name":"wp","href":"https:\/\/api.w.org\/{rel}","templated":true}]}}