{"id":11600,"date":"2024-05-29T11:21:40","date_gmt":"2024-05-29T11:21:40","guid":{"rendered":"https:\/\/digistar.ma\/?post_type=product&#038;p=11600"},"modified":"2026-03-25T11:34:12","modified_gmt":"2026-03-25T11:34:12","slug":"plastifieuse-et-pelliculeuse-rouleaux-professionnelle-double-face-fm-380","status":"publish","type":"product","link":"https:\/\/digistar.ma\/?product=plastifieuse-et-pelliculeuse-rouleaux-professionnelle-double-face-fm-380","title":{"rendered":"Plastifieuse et pelliculeuse rouleaux professionnelle double face FM 380"},"content":{"rendered":"<h3 class=\"product_title entry-title\">Plastifieuse et pelliculeuse rouleaux professionnelle double face FM 380<\/h3>\n<p>Donnez \u00e0 vos documents une finition professionnelle et haut de gamme avec cette impressionnante plastifieuse et pelliculeuse double face FM 380 !<\/p>\n<p>Con\u00e7ue pour r\u00e9pondre aux exigences des ateliers d&#8217;imprimerie, de reprographie et des services administratifs, cette machine de pointe allie puissance, pr\u00e9cision et polyvalence.<\/p>\n<p>Gr\u00e2ce \u00e0 son syst\u00e8me de rouleaux brevet\u00e9, elle permet d&#8217;appliquer en un seul passage une pellicule protectrice sur les deux faces de vos documents.<\/p>\n<p>Pelliculeuse \u00e0 chaud\u00a0<strong>\u00e0 rouleaux<\/strong>\u00a0simple et double face, dot\u00e9e d\u2019une r\u00e9sistances en rouleaux INOX haute performance id\u00e9ale pour la plastification professionnelle, pour un usage intensif.<\/p>\n<p>Investissez dans cette plastifieuse et pelliculeuse professionnelle double face pour donner \u00e0 vos documents une allure haut de gamme et une protection optimale<\/p>\n<p>Votre client\u00e8le sera conquise par la qualit\u00e9 irr\u00e9prochable de vos r\u00e9alisations !<\/p>\n<div class=\"product-meta\"><\/div>\n","protected":false},"excerpt":{"rendered":"<ul>\n<li>Pelliculage simple ou double face<\/li>\n<li>Largeur de pelliculage: 360 mm<\/li>\n<li>Rouleau thermique\u00a0en\u00a0inox<\/li>\n<li>Vitesse de travail \u00e9lev\u00e9e<\/li>\n<li>Vitesse et temp\u00e9rature r\u00e9glables<\/li>\n<li>Garantie constructeur 1 an<\/li>\n<\/ul>\n","protected":false},"featured_media":11601,"comment_status":"open","ping_status":"closed","template":"","meta":{"_acf_changed":false,"_monsterinsights_skip_tracking":false,"_monsterinsights_sitenote_active":false,"_monsterinsights_sitenote_note":"","_monsterinsights_sitenote_category":0,"_uf_show_specific_survey":0,"_uf_disable_surveys":false,"_joinchat":[]},"product_brand":[],"product_cat":[384],"product_tag":[],"class_list":{"0":"post-11600","1":"product","2":"type-product","3":"status-publish","4":"has-post-thumbnail","6":"product_cat-fournitures-dimpression","8":"first","9":"instock","10":"sale","11":"shipping-taxable","12":"purchasable","13":"product-type-simple"},"acf":[],"jetpack_sharing_enabled":true,"_links":{"self":[{"href":"https:\/\/digistar.ma\/index.php?rest_route=\/wp\/v2\/product\/11600","targetHints":{"allow":["GET"]}}],"collection":[{"href":"https:\/\/digistar.ma\/index.php?rest_route=\/wp\/v2\/product"}],"about":[{"href":"https:\/\/digistar.ma\/index.php?rest_route=\/wp\/v2\/types\/product"}],"replies":[{"embeddable":true,"href":"https:\/\/digistar.ma\/index.php?rest_route=%2Fwp%2Fv2%2Fcomments&post=11600"}],"version-history":[{"count":2,"href":"https:\/\/digistar.ma\/index.php?rest_route=\/wp\/v2\/product\/11600\/revisions"}],"predecessor-version":[{"id":11605,"href":"https:\/\/digistar.ma\/index.php?rest_route=\/wp\/v2\/product\/11600\/revisions\/11605"}],"wp:featuredmedia":[{"embeddable":true,"href":"https:\/\/digistar.ma\/index.php?rest_route=\/wp\/v2\/media\/11601"}],"wp:attachment":[{"href":"https:\/\/digistar.ma\/index.php?rest_route=%2Fwp%2Fv2%2Fmedia&parent=11600"}],"wp:term":[{"taxonomy":"product_brand","embeddable":true,"href":"https:\/\/digistar.ma\/index.php?rest_route=%2Fwp%2Fv2%2Fproduct_brand&post=11600"},{"taxonomy":"product_cat","embeddable":true,"href":"https:\/\/digistar.ma\/index.php?rest_route=%2Fwp%2Fv2%2Fproduct_cat&post=11600"},{"taxonomy":"product_tag","embeddable":true,"href":"https:\/\/digistar.ma\/index.php?rest_route=%2Fwp%2Fv2%2Fproduct_tag&post=11600"}],"curies":[{"name":"wp","href":"https:\/\/api.w.org\/{rel}","templated":true}]}}