{"id":11606,"date":"2024-05-29T11:52:15","date_gmt":"2024-05-29T11:52:15","guid":{"rendered":"https:\/\/digistar.ma\/?post_type=product&#038;p=11606"},"modified":"2026-03-19T09:51:08","modified_gmt":"2026-03-19T09:51:08","slug":"coupeuse-de-plan-manuelle-table-de-finition-1-50m","status":"publish","type":"product","link":"https:\/\/digistar.ma\/?product=coupeuse-de-plan-manuelle-table-de-finition-1-50m","title":{"rendered":"Coupeuse de plan manuelle table de finition 1.50M"},"content":{"rendered":"<h4 class=\"product_title entry-title\">Coupeuse de plan manuelle table de finition 1.50M<\/h4>\n<div class=\"product-meta\">coupeuse de plan manuelle vous permettra de couper vos plans, posters, affiches, documents livr\u00e9 avec son stand et son bac de r\u00e9cup\u00e9ration<\/div>\n<div>Le compl\u00e9ment \u00e9conomique indispensable a votre \u00e9quipement traceur\u00a0pour fa\u00e7onnage de dessins, photos, posters&#8230;<\/div>\n<div>\n<h4>SOUPLESSE D\u2019UTILISATION DE Coupeuse de plan manuelle table de finition 1.50M<\/h4>\n<ul>\n<li>Op\u00e9ration manuelle<\/li>\n<li>R\u00e9ceptacle des chutes<\/li>\n<\/ul>\n<h4>COUPEUSE DE PLANS A0 HAUTE PR\u00c9CISION<\/h4>\n<ul>\n<li>Alignement pr\u00e9cis sans effort visuel gr\u00e2ce au presse-feuille<\/li>\n<li>Coupe pr\u00e9cise<\/li>\n<li>Couteau tournant auto aff\u00fbtant en acier tremp\u00e9<\/li>\n<li>Couteau fixe en acier inoxydable<\/li>\n<li>Epaisseur maximum du papier de\u00a00.8 mm\u00a0(0,6 mm pour CM250S)<\/li>\n<\/ul>\n<h4>S\u00c9CURIT\u00c9<\/h4>\n<ul>\n<li>Protection du couteau tournant<\/li>\n<li>M\u00e9canisme de blocage automatique des documents d\u00e8s que le curseur quitte l&#8217;une des extr\u00e9mit\u00e9s de la table<\/li>\n<\/ul>\n<p>&nbsp;<\/p>\n<\/div>\n","protected":false},"excerpt":{"rendered":"<div class=\"product-extra-detail woocommerce-product-details__short-description\">\n<ul>\n<li>\u00c9paisseur de coupe :\u00a0<strong>0.7 mm<\/strong><\/li>\n<li>Coupe bidirectionnelle<\/li>\n<li>Largeur de coupe :\u00a0<strong>1500 mm<\/strong><\/li>\n<li>Garantie\u00a0<strong>1 an<\/strong><\/li>\n<li>Fournie avec pied<\/li>\n<\/ul>\n<\/div>\n<div class=\"product-price\"><\/div>\n","protected":false},"featured_media":11607,"comment_status":"open","ping_status":"closed","template":"","meta":{"_acf_changed":false,"_monsterinsights_skip_tracking":false,"_monsterinsights_sitenote_active":false,"_monsterinsights_sitenote_note":"","_monsterinsights_sitenote_category":0,"_uf_show_specific_survey":0,"_uf_disable_surveys":false,"_joinchat":[]},"product_brand":[],"product_cat":[384,386],"product_tag":[],"class_list":{"0":"post-11606","1":"product","2":"type-product","3":"status-publish","4":"has-post-thumbnail","6":"product_cat-fournitures-dimpression","7":"product_cat-consommables-sublimation-dtf","9":"first","10":"instock","11":"sale","12":"shipping-taxable","13":"purchasable","14":"product-type-simple"},"acf":[],"jetpack_sharing_enabled":true,"_links":{"self":[{"href":"https:\/\/digistar.ma\/index.php?rest_route=\/wp\/v2\/product\/11606","targetHints":{"allow":["GET"]}}],"collection":[{"href":"https:\/\/digistar.ma\/index.php?rest_route=\/wp\/v2\/product"}],"about":[{"href":"https:\/\/digistar.ma\/index.php?rest_route=\/wp\/v2\/types\/product"}],"replies":[{"embeddable":true,"href":"https:\/\/digistar.ma\/index.php?rest_route=%2Fwp%2Fv2%2Fcomments&post=11606"}],"version-history":[{"count":7,"href":"https:\/\/digistar.ma\/index.php?rest_route=\/wp\/v2\/product\/11606\/revisions"}],"predecessor-version":[{"id":11626,"href":"https:\/\/digistar.ma\/index.php?rest_route=\/wp\/v2\/product\/11606\/revisions\/11626"}],"wp:featuredmedia":[{"embeddable":true,"href":"https:\/\/digistar.ma\/index.php?rest_route=\/wp\/v2\/media\/11607"}],"wp:attachment":[{"href":"https:\/\/digistar.ma\/index.php?rest_route=%2Fwp%2Fv2%2Fmedia&parent=11606"}],"wp:term":[{"taxonomy":"product_brand","embeddable":true,"href":"https:\/\/digistar.ma\/index.php?rest_route=%2Fwp%2Fv2%2Fproduct_brand&post=11606"},{"taxonomy":"product_cat","embeddable":true,"href":"https:\/\/digistar.ma\/index.php?rest_route=%2Fwp%2Fv2%2Fproduct_cat&post=11606"},{"taxonomy":"product_tag","embeddable":true,"href":"https:\/\/digistar.ma\/index.php?rest_route=%2Fwp%2Fv2%2Fproduct_tag&post=11606"}],"curies":[{"name":"wp","href":"https:\/\/api.w.org\/{rel}","templated":true}]}}