{"id":11611,"date":"2024-05-29T13:12:28","date_gmt":"2024-05-29T13:12:28","guid":{"rendered":"https:\/\/digistar.ma\/?post_type=product&#038;p=11611"},"modified":"2024-05-29T14:03:32","modified_gmt":"2024-05-29T14:03:32","slug":"perforeuse-manuel-papier-a3","status":"publish","type":"product","link":"https:\/\/digistar.ma\/?product=perforeuse-manuel-papier-a3","title":{"rendered":"Perforeuse manuel papier A3"},"content":{"rendered":"<h4 class=\"product_title entry-title\">Perforeuse manuel papier A3<\/h4>\n<p>Donnez une finition impeccable \u00e0 vos documents avec cette perforeuse manuelle ultra-performante au format A3 !<\/p>\n<div class=\"product-meta\">Cette perforeuse de bureau manuelle con\u00e7ue pour la cr\u00e9ation de petites perforations sur le papier, du carton . Elle accepte les documents jusqu\u2019au format A3 .<\/div>\n<div class=\"product-meta\">Cette perforeuse facilite le pliage du document de mani\u00e8re nette.<\/div>\n<div><\/div>\n<div class=\"product-meta\">Il se pratique feuille par feuille et peut aller jusqu\u2019\u00e0 une \u00e9paisseur de 300 grammes.<\/div>\n<div>Investissez dans cette perforeuse manuelle haut de gamme et donnez une touche professionnelle \u00e0 tous vos documents !<\/div>\n<div>Votre productivit\u00e9 et la qualit\u00e9 de vos r\u00e9alisations seront grandement am\u00e9lior\u00e9es.<\/div>\n<div><\/div>\n<div>\n<ul class=\"attributes\">\n<li>Format\u00a0 : A3 \/ A5 \/ A4 \u2026<\/li>\n<li>Micro-perforeuse<\/li>\n<li>Base m\u00e9tal tr\u00e8s r\u00e9sistante<\/li>\n<li>Dur\u00e9e de vie moyenne : 5 ans<\/li>\n<\/ul>\n<\/div>\n","protected":false},"excerpt":{"rendered":"<ul class=\"attributes\">\n<li>Format\u00a0 : A3 \/ A5 \/ A4 \u2026<\/li>\n<li>Micro-perforeuse<\/li>\n<li>Base m\u00e9tal tr\u00e8s r\u00e9sistante<\/li>\n<li>Dur\u00e9e de vie moyenne : 5 ans<\/li>\n<\/ul>\n","protected":false},"featured_media":11612,"comment_status":"open","ping_status":"closed","template":"","meta":{"_acf_changed":false,"_monsterinsights_skip_tracking":false,"_monsterinsights_sitenote_active":false,"_monsterinsights_sitenote_note":"","_monsterinsights_sitenote_category":0,"_uf_show_specific_survey":0,"_uf_disable_surveys":false,"_joinchat":[]},"product_brand":[],"product_cat":[386,384],"product_tag":[],"class_list":{"0":"post-11611","1":"product","2":"type-product","3":"status-publish","4":"has-post-thumbnail","6":"product_cat-consommables-sublimation-dtf","7":"product_cat-fournitures-dimpression","9":"first","10":"instock","11":"sale","12":"shipping-taxable","13":"purchasable","14":"product-type-simple"},"acf":[],"jetpack_sharing_enabled":true,"_links":{"self":[{"href":"https:\/\/digistar.ma\/index.php?rest_route=\/wp\/v2\/product\/11611","targetHints":{"allow":["GET"]}}],"collection":[{"href":"https:\/\/digistar.ma\/index.php?rest_route=\/wp\/v2\/product"}],"about":[{"href":"https:\/\/digistar.ma\/index.php?rest_route=\/wp\/v2\/types\/product"}],"replies":[{"embeddable":true,"href":"https:\/\/digistar.ma\/index.php?rest_route=%2Fwp%2Fv2%2Fcomments&post=11611"}],"version-history":[{"count":4,"href":"https:\/\/digistar.ma\/index.php?rest_route=\/wp\/v2\/product\/11611\/revisions"}],"predecessor-version":[{"id":11625,"href":"https:\/\/digistar.ma\/index.php?rest_route=\/wp\/v2\/product\/11611\/revisions\/11625"}],"wp:featuredmedia":[{"embeddable":true,"href":"https:\/\/digistar.ma\/index.php?rest_route=\/wp\/v2\/media\/11612"}],"wp:attachment":[{"href":"https:\/\/digistar.ma\/index.php?rest_route=%2Fwp%2Fv2%2Fmedia&parent=11611"}],"wp:term":[{"taxonomy":"product_brand","embeddable":true,"href":"https:\/\/digistar.ma\/index.php?rest_route=%2Fwp%2Fv2%2Fproduct_brand&post=11611"},{"taxonomy":"product_cat","embeddable":true,"href":"https:\/\/digistar.ma\/index.php?rest_route=%2Fwp%2Fv2%2Fproduct_cat&post=11611"},{"taxonomy":"product_tag","embeddable":true,"href":"https:\/\/digistar.ma\/index.php?rest_route=%2Fwp%2Fv2%2Fproduct_tag&post=11611"}],"curies":[{"name":"wp","href":"https:\/\/api.w.org\/{rel}","templated":true}]}}