{"id":11645,"date":"2024-05-29T16:43:14","date_gmt":"2024-05-29T16:43:14","guid":{"rendered":"https:\/\/digistar.ma\/?post_type=product&#038;p=11645"},"modified":"2025-02-16T15:06:48","modified_gmt":"2025-02-16T15:06:48","slug":"mug-avec-cuillere-colore-ceramique-pour-sublimation","status":"publish","type":"product","link":"https:\/\/digistar.ma\/?product=mug-avec-cuillere-colore-ceramique-pour-sublimation","title":{"rendered":"Mug avec cuill\u00e8re color\u00e9 c\u00e9ramique pour sublimation"},"content":{"rendered":"<h4>Mug avec cuill\u00e8re color\u00e9 c\u00e9ramique pour sublimation<\/h4>\n<p>Mug en c\u00e9ramique\u00a0<b>bicolore avec cuill\u00e8re pour sublimation\u00a0<\/b>de haute qualit\u00e9 de 11 oz, id\u00e9al pour la communication des entreprises ou \u00e0 offrir en cadeau personnalis\u00e9.<\/p>\n<h4 id=\"Comment_sublimer_un_mug\u00a0?\"><strong>Comment sublimer un mug ?<\/strong><\/h4>\n<p>Pour commencer, voici ce dont la technique d\u00e9taill\u00e9e du Mug avec cuill\u00e8re color\u00e9 c\u00e9ramique pour sublimation :<\/p>\n<ul>\n<li><strong>Imprimante de sublimation:<\/strong>\u00a0En A4, ce sera plus que suffisant, le visuel est imprim\u00e9 de mani\u00e8re invers\u00e9 sur un papier de transfert<\/li>\n<li><strong>Encre de sublimation:<\/strong>\u00a0Ce sont des encres sp\u00e9ciales, c\u2019est une encre diff\u00e9rente de celles habituellement utilis\u00e9es.<\/li>\n<li><strong>Papier de sublimation:<\/strong>\u00a0Il est le support de l\u2019encre par lequel sera appliqu\u00e9e sur la le mug lorsqu\u2019on lui applique de la chaleur.<\/li>\n<li><strong>Ruban adh\u00e9sif haute temp\u00e9rature:<\/strong>\u00a0Utilis\u00e9 pour fixer le papier imprim\u00e9 contre le mug, il r\u00e9siste aux temp\u00e9ratures.<\/li>\n<li><strong>Presse \u00e0 mugs:\u00a0<\/strong>Il en existe plusieurs mod\u00e8les diff\u00e9rents. Vous pouvez d\u00e9marrer avec une presse basique pour un seul mug.<\/li>\n<\/ul>\n<p><strong>Param\u00e8tres recommand\u00e9s pour l\u2019impression par sublimation:<\/strong><\/p>\n<ul>\n<li>\n<ul>\n<li>Imprimez l\u2019image en\u00a0<strong>mode miroir<\/strong>.<\/li>\n<li>Pr\u00e9chauffez la presse \u00e0\u00a0200\u00a0\u00baC<\/li>\n<li>Placez le c\u00f4t\u00e9 imprim\u00e9 du papier sur le mug et fixez-le avec du ruban adh\u00e9sif haute temp\u00e9rature.<\/li>\n<li>Fermez la presse et exercez une pression\u00a0<strong>moyenne-forte<\/strong>\u00a0pendant environ<strong>\u00a0120 secondes<\/strong><\/li>\n<li>\u00c0 l\u2019aide d\u2019un gant de protection, retirez le mug tout juste sublim\u00e9.<\/li>\n<li>Retirez d\u00e9licatement le papier\n<ul>\n<li>Commandez d\u00e8s maintenant votre <strong data-start=\"1307\" data-end=\"1365\">mug avec cuill\u00e8re color\u00e9 en c\u00e9ramique pour sublimation<\/strong> sur <a href=\"https:\/\/www.digistar.ma\" target=\"_new\" rel=\"noopener\" data-start=\"1370\" data-end=\"1412\">www.digistar.ma<\/a> et cr\u00e9ez des mugs uniques et fonctionnels !<\/li>\n<\/ul>\n<\/li>\n<\/ul>\n<\/li>\n<\/ul>\n","protected":false},"excerpt":{"rendered":"<ul>\n<li>Contenance: 330 ml<\/li>\n<li>Hauteur: 10 cm<\/li>\n<li>Diam\u00e8tre: 8,2 cm<\/li>\n<li>Possibilit\u00e9 d\u2019achat \u00e0 l\u2019unit\u00e9.<\/li>\n<\/ul>\n","protected":false},"featured_media":14112,"comment_status":"open","ping_status":"closed","template":"","meta":{"_acf_changed":false,"_monsterinsights_skip_tracking":false,"_monsterinsights_sitenote_active":false,"_monsterinsights_sitenote_note":"","_monsterinsights_sitenote_category":0,"_uf_show_specific_survey":0,"_uf_disable_surveys":false,"_joinchat":[]},"product_brand":[],"product_cat":[384,385],"product_tag":[],"class_list":{"0":"post-11645","1":"product","2":"type-product","3":"status-publish","4":"has-post-thumbnail","6":"product_cat-fournitures-dimpression","7":"product_cat-sublimation","9":"first","10":"instock","11":"sale","12":"shipping-taxable","13":"purchasable","14":"product-type-simple"},"acf":[],"jetpack_sharing_enabled":true,"_links":{"self":[{"href":"https:\/\/digistar.ma\/index.php?rest_route=\/wp\/v2\/product\/11645","targetHints":{"allow":["GET"]}}],"collection":[{"href":"https:\/\/digistar.ma\/index.php?rest_route=\/wp\/v2\/product"}],"about":[{"href":"https:\/\/digistar.ma\/index.php?rest_route=\/wp\/v2\/types\/product"}],"replies":[{"embeddable":true,"href":"https:\/\/digistar.ma\/index.php?rest_route=%2Fwp%2Fv2%2Fcomments&post=11645"}],"version-history":[{"count":6,"href":"https:\/\/digistar.ma\/index.php?rest_route=\/wp\/v2\/product\/11645\/revisions"}],"predecessor-version":[{"id":14114,"href":"https:\/\/digistar.ma\/index.php?rest_route=\/wp\/v2\/product\/11645\/revisions\/14114"}],"wp:featuredmedia":[{"embeddable":true,"href":"https:\/\/digistar.ma\/index.php?rest_route=\/wp\/v2\/media\/14112"}],"wp:attachment":[{"href":"https:\/\/digistar.ma\/index.php?rest_route=%2Fwp%2Fv2%2Fmedia&parent=11645"}],"wp:term":[{"taxonomy":"product_brand","embeddable":true,"href":"https:\/\/digistar.ma\/index.php?rest_route=%2Fwp%2Fv2%2Fproduct_brand&post=11645"},{"taxonomy":"product_cat","embeddable":true,"href":"https:\/\/digistar.ma\/index.php?rest_route=%2Fwp%2Fv2%2Fproduct_cat&post=11645"},{"taxonomy":"product_tag","embeddable":true,"href":"https:\/\/digistar.ma\/index.php?rest_route=%2Fwp%2Fv2%2Fproduct_tag&post=11645"}],"curies":[{"name":"wp","href":"https:\/\/api.w.org\/{rel}","templated":true}]}}