{"id":11649,"date":"2024-05-29T17:13:59","date_gmt":"2024-05-29T17:13:59","guid":{"rendered":"https:\/\/digistar.ma\/?post_type=product&#038;p=11649"},"modified":"2024-05-30T10:01:46","modified_gmt":"2024-05-30T10:01:46","slug":"mug-sublimation-en-ceramique-effet-metallise-miroir","status":"publish","type":"product","link":"https:\/\/digistar.ma\/?product=mug-sublimation-en-ceramique-effet-metallise-miroir","title":{"rendered":"Mug sublimation en c\u00e9ramique effet m\u00e9tallis\u00e9 miroir"},"content":{"rendered":"<p>offre un design \u00e9l\u00e9gant, parfait pour divers \u00e9v\u00e9nements et c\u00e9l\u00e9brations comme les mariages, les communions et les bapt\u00eames.<\/p>\n<p>Les mugs miroir r\u00e9fl\u00e9chissent la lumi\u00e8re et leur e<\/p>\n<h4>en c\u00e9ramique effet m\u00e9tallis\u00e9 miroir<\/h4>\n<p>Le mug sublimable en c\u00e9ramique effet m\u00e9tallis\u00e9 offre un design \u00e9l\u00e9gant, parfait pour divers \u00e9v\u00e9nements et c\u00e9l\u00e9brations comme les mariages, les communions et les bapt\u00eames.<\/p>\n<p>Les mugs miroir r\u00e9fl\u00e9chissent la lumi\u00e8re et leur environnement, tandis que les mugs granul\u00e9s scintillent comme des paillettes gr\u00e2ce \u00e0 un rev\u00eatement de microparticules.<\/p>\n<p>La personnalisation de toute la surface ext\u00e9rieure est possible, que ce soit avec une presse \u00e0 chaud ou un four de sublimation. Notez que la bo\u00eete n\u2019est pas incluse,<\/p>\n<p>mais vous pouvez trouver des mod\u00e8les associ\u00e9s disponibles \u00e0 l\u2019achat s\u00e9par\u00e9ment.<\/p>\n<div class=\"elementor-element elementor-element-b22f3f4 elementor-widget elementor-widget-heading\" data-id=\"b22f3f4\" data-element_type=\"widget\" data-widget_type=\"heading.default\">\n<div class=\"elementor-widget-container\">\n<h4 class=\"elementor-heading-title elementor-size-default\">Instructions et param\u00e8tres recommand\u00e9s pour l&#8217;impression par sublimation<\/h4>\n<\/div>\n<\/div>\n<div class=\"elementor-element elementor-element-a218539 elementor-widget elementor-widget-text-editor\" data-id=\"a218539\" data-element_type=\"widget\" data-widget_type=\"text-editor.default\">\n<div class=\"elementor-widget-container\">\n<p>AVEC UNE PRESSE \u00c0 MUGS :<\/p>\n<ol>\n<li>Imprimez l\u2019image en mode miroir.<\/li>\n<li>Pr\u00e9chauffez la presse \u00e0\u00a0200 \u00baC.<\/li>\n<li>Placez le c\u00f4t\u00e9 imprim\u00e9 du papier sur le mug et fixez-le avec du ruban adh\u00e9sif haute temp\u00e9rature.<\/li>\n<li>Fermez la presse et appliquez une pression moyenne-forte pendant\u00a0130 secondes.<\/li>\n<li>Utilisez un gant de protection pour retirer le mug sublim\u00e9.<\/li>\n<li>D\u00e9collez d\u00e9licatement le papier.<\/li>\n<\/ol>\n<h4>Mug sublimation en c\u00e9ramique effet m\u00e9tallis\u00e9 miroir <strong>:<\/strong><\/h4>\n<ol>\n<li>Imprimez l\u2019image en mode miroir.<\/li>\n<li>Pr\u00e9chauffez le four \u00e0 200 \u00baC.<\/li>\n<li>Placez l\u2019image en mode miroir autour du mug et fixez-la avec du ruban adh\u00e9sif haute temp\u00e9rature.<\/li>\n<li>Utilisez une pince pour maintenir le mug en place dans le four<\/li>\n<li>Chauffez \u00e0 l\u2019aide d\u2019un d\u00e9capeur thermique en veillant \u00e0 \u00e9viter les plis. Vous pouvez aussi utiliser une feuille de silicone.<\/li>\n<li>Laissez le mug dans le four pendant 8 minutes.<\/li>\n<li>Portez des gants de protection pour retirer la pince, la feuille de silicone<\/li>\n<li>Retirez d\u00e9licatement le papier du mug.<\/li>\n<\/ol>\n<\/div>\n<\/div>\n","protected":false},"excerpt":{"rendered":"<ul>\n<li>M\u00e9tallis\u00e9 personnalisable par<strong class=\"azul-brildor-negrita\">\u00a0sublimation<\/strong>.<\/li>\n<li>Ext\u00e9rieur de couleur m\u00e9tallique.<\/li>\n<li>Diam\u00e8tre: 8,2 cm<\/li>\n<li>Hauteur: 9,5 cm<\/li>\n<li>Contenance : 325 ml \u2013 11 oz<\/li>\n<li>Temp\u00e9rature\u00a0<strong>200\u00b0c<\/strong><\/li>\n<li>Temps\u00a0<strong>130<\/strong>\u00a0secondes<\/li>\n<\/ul>\n","protected":false},"featured_media":11669,"comment_status":"open","ping_status":"closed","template":"","meta":{"_acf_changed":false,"_monsterinsights_skip_tracking":false,"_monsterinsights_sitenote_active":false,"_monsterinsights_sitenote_note":"","_monsterinsights_sitenote_category":0,"_uf_show_specific_survey":0,"_uf_disable_surveys":false,"_joinchat":[]},"product_brand":[],"product_cat":[384,385],"product_tag":[],"class_list":{"0":"post-11649","1":"product","2":"type-product","3":"status-publish","4":"has-post-thumbnail","6":"product_cat-fournitures-dimpression","7":"product_cat-sublimation","9":"first","10":"instock","11":"sale","12":"shipping-taxable","13":"purchasable","14":"product-type-simple"},"acf":[],"jetpack_sharing_enabled":true,"_links":{"self":[{"href":"https:\/\/digistar.ma\/index.php?rest_route=\/wp\/v2\/product\/11649","targetHints":{"allow":["GET"]}}],"collection":[{"href":"https:\/\/digistar.ma\/index.php?rest_route=\/wp\/v2\/product"}],"about":[{"href":"https:\/\/digistar.ma\/index.php?rest_route=\/wp\/v2\/types\/product"}],"replies":[{"embeddable":true,"href":"https:\/\/digistar.ma\/index.php?rest_route=%2Fwp%2Fv2%2Fcomments&post=11649"}],"version-history":[{"count":4,"href":"https:\/\/digistar.ma\/index.php?rest_route=\/wp\/v2\/product\/11649\/revisions"}],"predecessor-version":[{"id":11665,"href":"https:\/\/digistar.ma\/index.php?rest_route=\/wp\/v2\/product\/11649\/revisions\/11665"}],"wp:featuredmedia":[{"embeddable":true,"href":"https:\/\/digistar.ma\/index.php?rest_route=\/wp\/v2\/media\/11669"}],"wp:attachment":[{"href":"https:\/\/digistar.ma\/index.php?rest_route=%2Fwp%2Fv2%2Fmedia&parent=11649"}],"wp:term":[{"taxonomy":"product_brand","embeddable":true,"href":"https:\/\/digistar.ma\/index.php?rest_route=%2Fwp%2Fv2%2Fproduct_brand&post=11649"},{"taxonomy":"product_cat","embeddable":true,"href":"https:\/\/digistar.ma\/index.php?rest_route=%2Fwp%2Fv2%2Fproduct_cat&post=11649"},{"taxonomy":"product_tag","embeddable":true,"href":"https:\/\/digistar.ma\/index.php?rest_route=%2Fwp%2Fv2%2Fproduct_tag&post=11649"}],"curies":[{"name":"wp","href":"https:\/\/api.w.org\/{rel}","templated":true}]}}