{"id":11653,"date":"2024-05-29T17:44:09","date_gmt":"2024-05-29T17:44:09","guid":{"rendered":"https:\/\/digistar.ma\/?post_type=product&#038;p=11653"},"modified":"2024-05-30T08:56:01","modified_gmt":"2024-05-30T08:56:01","slug":"mug-en-verre-sable-personnalisable-en-sublimation","status":"publish","type":"product","link":"https:\/\/digistar.ma\/?product=mug-en-verre-sable-personnalisable-en-sublimation","title":{"rendered":"Mug en verre sabl\u00e9 personnalisable en sublimation"},"content":{"rendered":"<h4 class=\"product_title entry-title\">Mug en verre sabl\u00e9 personnalisable en sublimation<\/h4>\n<p>Mug en c\u00e9ramique en verre d\u00e9poli<b>\u00a0pour sublimation\u00a0<\/b>haute qualit\u00e9, id\u00e9al pour offrir lors d\u2019une f\u00eate comme la St Valentin, la f\u00eate des m\u00e8res, la f\u00eate des p\u00e8res, No\u00ebl ou \u00e0 un anniversaire.<\/p>\n<p>Possibilit\u00e9 d\u2019achat \u00e0 l\u2019unit\u00e9 \/Livraison express 24h<\/p>\n<ul>\n<li><strong>Imprimante de sublimation:<\/strong>\u00a0En A4, ce sera plus que suffisant, le visuel est imprim\u00e9 de mani\u00e8re invers\u00e9 sur un papier de transfert<\/li>\n<li><strong>Encre de sublimation:<\/strong>\u00a0Ce sont des encres sp\u00e9ciales, c\u2019est une encre diff\u00e9rente de celles habituellement utilis\u00e9es.<\/li>\n<\/ul>\n<ul>\n<li><strong>Encre de sublimation:<\/strong>\u00a0Ce sont des encres sp\u00e9ciales, c\u2019est une encre diff\u00e9rente de celles habituellement utilis\u00e9es.<\/li>\n<li><strong>Papier de sublimation:<\/strong>\u00a0Il est le support de l\u2019encre par lequel sera appliqu\u00e9e sur la le mug lorsqu\u2019on lui applique de la chaleur.<\/li>\n<li><strong>Ruban adh\u00e9sif haute temp\u00e9rature:<\/strong>\u00a0Utilis\u00e9 pour fixer le papier imprim\u00e9 contre le mug, il r\u00e9siste aux temp\u00e9ratures.<\/li>\n<li><strong>Presse \u00e0 mugs:\u00a0<\/strong>Il en existe plusieurs mod\u00e8les diff\u00e9rents. Vous pouvez d\u00e9marrer avec une presse basique pour un seul mug.<\/li>\n<\/ul>\n<ul>\n<li>Imprimez l\u2019image en\u00a0<strong>mode miroir<\/strong>.<\/li>\n<li>Pr\u00e9chauffez la presse \u00e0 200 \u00baC.<\/li>\n<li>Placez le c\u00f4t\u00e9 imprim\u00e9 du papier sur le mug et fixez-le avec du ruban adh\u00e9sif haute temp\u00e9rature.<\/li>\n<li>Fermez la presse et exercez une pression\u00a0<strong>moyenne-forte<\/strong>\u00a0pendant environ\u00a0120 secondes.<\/li>\n<li>\u00c0 l\u2019aide d\u2019un gant de protection, retirez le mug tout juste sublim\u00e9.<\/li>\n<li>Retirez d\u00e9licatement le papier.<\/li>\n<\/ul>\n<div class=\"product-meta\"><\/div>\n","protected":false},"excerpt":{"rendered":"<ul>\n<li>Hauteur:\u00a0<strong>95 mm<\/strong><\/li>\n<li>Diam\u00e8tre:\u00a0<strong>82 mm<\/strong><\/li>\n<li>Contenance: 330 ml<\/li>\n<\/ul>\n","protected":false},"featured_media":11654,"comment_status":"open","ping_status":"closed","template":"","meta":{"_acf_changed":false,"_monsterinsights_skip_tracking":false,"_monsterinsights_sitenote_active":false,"_monsterinsights_sitenote_note":"","_monsterinsights_sitenote_category":0,"_uf_show_specific_survey":0,"_uf_disable_surveys":false,"_joinchat":[]},"product_brand":[],"product_cat":[384,385],"product_tag":[],"class_list":{"0":"post-11653","1":"product","2":"type-product","3":"status-publish","4":"has-post-thumbnail","6":"product_cat-fournitures-dimpression","7":"product_cat-sublimation","9":"first","10":"instock","11":"sale","12":"shipping-taxable","13":"purchasable","14":"product-type-simple"},"acf":[],"jetpack_sharing_enabled":true,"_links":{"self":[{"href":"https:\/\/digistar.ma\/index.php?rest_route=\/wp\/v2\/product\/11653","targetHints":{"allow":["GET"]}}],"collection":[{"href":"https:\/\/digistar.ma\/index.php?rest_route=\/wp\/v2\/product"}],"about":[{"href":"https:\/\/digistar.ma\/index.php?rest_route=\/wp\/v2\/types\/product"}],"replies":[{"embeddable":true,"href":"https:\/\/digistar.ma\/index.php?rest_route=%2Fwp%2Fv2%2Fcomments&post=11653"}],"version-history":[{"count":2,"href":"https:\/\/digistar.ma\/index.php?rest_route=\/wp\/v2\/product\/11653\/revisions"}],"predecessor-version":[{"id":11656,"href":"https:\/\/digistar.ma\/index.php?rest_route=\/wp\/v2\/product\/11653\/revisions\/11656"}],"wp:featuredmedia":[{"embeddable":true,"href":"https:\/\/digistar.ma\/index.php?rest_route=\/wp\/v2\/media\/11654"}],"wp:attachment":[{"href":"https:\/\/digistar.ma\/index.php?rest_route=%2Fwp%2Fv2%2Fmedia&parent=11653"}],"wp:term":[{"taxonomy":"product_brand","embeddable":true,"href":"https:\/\/digistar.ma\/index.php?rest_route=%2Fwp%2Fv2%2Fproduct_brand&post=11653"},{"taxonomy":"product_cat","embeddable":true,"href":"https:\/\/digistar.ma\/index.php?rest_route=%2Fwp%2Fv2%2Fproduct_cat&post=11653"},{"taxonomy":"product_tag","embeddable":true,"href":"https:\/\/digistar.ma\/index.php?rest_route=%2Fwp%2Fv2%2Fproduct_tag&post=11653"}],"curies":[{"name":"wp","href":"https:\/\/api.w.org\/{rel}","templated":true}]}}