{"id":11670,"date":"2024-05-30T09:53:36","date_gmt":"2024-05-30T09:53:36","guid":{"rendered":"https:\/\/digistar.ma\/?post_type=product&#038;p=11670"},"modified":"2026-04-02T10:16:21","modified_gmt":"2026-04-02T10:16:21","slug":"machine-de-gravure-decoupe-laser-30x20cm-40w","status":"publish","type":"product","link":"https:\/\/digistar.ma\/?product=machine-de-gravure-decoupe-laser-30x20cm-40w","title":{"rendered":"Machine de Gravure &#038; D\u00e9coupe Laser 30x20cm 40W"},"content":{"rendered":"<h4 class=\"product_title entry-title\">Machine de Gravure &amp; D\u00e9coupe Laser 30x20cm 40W<\/h4>\n<p>Vous pouvez utiliser des machines laser CO2 pour la d\u00e9coupe et la gravure au laser d\u2019un grand nombre de mat\u00e9riaux \u00e0 l\u2019aide d\u2019une lumi\u00e8re laser:<\/p>\n<ul class=\"has-medium-font-size\">\n<li>Plastique tel que plexiglas\u2026<\/li>\n<li>Papier et carton<\/li>\n<li>Textiles, cuir et latex<\/li>\n<li>Bois tel que contreplaqu\u00e9, contreplaqu\u00e9, MDF, h\u00eatre, etc.<\/li>\n<li>Tampon en caoutchouc<\/li>\n<li>Publicit\u00e9; troph\u00e9es, plaques bicolores, acrylique, ..<\/li>\n<\/ul>\n<h4 class=\"detailTit\">Sp\u00e9cification de la Machine de Gravure &amp; D\u00e9coupe Laser 30x20cm 40W<\/h4>\n<table>\n<thead><\/thead>\n<colgroup>\n<col class=\"col-1\" \/>\n<col \/><\/colgroup>\n<tbody>\n<tr>\n<td>Source<\/td>\n<td>Laser co2<\/td>\n<\/tr>\n<tr>\n<td>Zone de gravure<\/td>\n<td>\u00a0(200\u00d7300 mm)<\/td>\n<\/tr>\n<tr>\n<td>Puissance laser<\/td>\n<td>40 W<\/td>\n<\/tr>\n<tr>\n<td>Mode de refroidissement<\/td>\n<td>refroidissement par eau<\/td>\n<\/tr>\n<tr>\n<td>Vitesse de gravure<\/td>\n<td>0-500mmm\/s<\/td>\n<\/tr>\n<tr>\n<td>Dimensions du produit<\/td>\n<td>1000x800x500 mm<\/td>\n<\/tr>\n<tr>\n<td>Poids du produit<\/td>\n<td>25KG<\/td>\n<\/tr>\n<\/tbody>\n<\/table>\n<h4><strong>Livr\u00e9 en standard:<\/strong><\/h4>\n<ul>\n<li><b>Inclus:\u00a0<\/b>Table de d\u00e9coupe nid d\u2019abeille<\/li>\n<li><b>Inclus:\u00a0<\/b>Refroidisseur d\u2019eau<\/li>\n<li><b>Inclus:\u00a0<\/b>Pompe \u00e0 air<\/li>\n<li><b>Inclus:\u00a0<\/b>Ventilateur centrifuge<\/li>\n<li><b>Inclus:\u00a0<\/b>Logiciel (Windows)<\/li>\n<\/ul>\n","protected":false},"excerpt":{"rendered":"<ul>\n<li>Gravure d\u2019objets de d\u00e9coration<\/li>\n<li>Prix comp\u00e9titifs<\/li>\n<li>Surface de travail 40\u00d740 cm<\/li>\n<\/ul>\n","protected":false},"featured_media":11672,"comment_status":"open","ping_status":"closed","template":"","meta":{"_acf_changed":false,"_monsterinsights_skip_tracking":false,"_monsterinsights_sitenote_active":false,"_monsterinsights_sitenote_note":"","_monsterinsights_sitenote_category":0,"_uf_show_specific_survey":0,"_uf_disable_surveys":false,"_joinchat":[]},"product_brand":[],"product_cat":[384,386],"product_tag":[],"class_list":{"0":"post-11670","1":"product","2":"type-product","3":"status-publish","4":"has-post-thumbnail","6":"product_cat-fournitures-dimpression","7":"product_cat-consommables-sublimation-dtf","9":"first","10":"instock","11":"sale","12":"shipping-taxable","13":"purchasable","14":"product-type-simple"},"acf":[],"jetpack_sharing_enabled":true,"_links":{"self":[{"href":"https:\/\/digistar.ma\/index.php?rest_route=\/wp\/v2\/product\/11670","targetHints":{"allow":["GET"]}}],"collection":[{"href":"https:\/\/digistar.ma\/index.php?rest_route=\/wp\/v2\/product"}],"about":[{"href":"https:\/\/digistar.ma\/index.php?rest_route=\/wp\/v2\/types\/product"}],"replies":[{"embeddable":true,"href":"https:\/\/digistar.ma\/index.php?rest_route=%2Fwp%2Fv2%2Fcomments&post=11670"}],"version-history":[{"count":3,"href":"https:\/\/digistar.ma\/index.php?rest_route=\/wp\/v2\/product\/11670\/revisions"}],"predecessor-version":[{"id":16994,"href":"https:\/\/digistar.ma\/index.php?rest_route=\/wp\/v2\/product\/11670\/revisions\/16994"}],"wp:featuredmedia":[{"embeddable":true,"href":"https:\/\/digistar.ma\/index.php?rest_route=\/wp\/v2\/media\/11672"}],"wp:attachment":[{"href":"https:\/\/digistar.ma\/index.php?rest_route=%2Fwp%2Fv2%2Fmedia&parent=11670"}],"wp:term":[{"taxonomy":"product_brand","embeddable":true,"href":"https:\/\/digistar.ma\/index.php?rest_route=%2Fwp%2Fv2%2Fproduct_brand&post=11670"},{"taxonomy":"product_cat","embeddable":true,"href":"https:\/\/digistar.ma\/index.php?rest_route=%2Fwp%2Fv2%2Fproduct_cat&post=11670"},{"taxonomy":"product_tag","embeddable":true,"href":"https:\/\/digistar.ma\/index.php?rest_route=%2Fwp%2Fv2%2Fproduct_tag&post=11670"}],"curies":[{"name":"wp","href":"https:\/\/api.w.org\/{rel}","templated":true}]}}