{"id":11686,"date":"2024-05-30T10:24:02","date_gmt":"2024-05-30T10:24:02","guid":{"rendered":"https:\/\/digistar.ma\/?post_type=product&#038;p=11686"},"modified":"2024-05-30T10:29:05","modified_gmt":"2024-05-30T10:29:05","slug":"presse-a-chaud-multifonctions-8-en-1-freesub-p8001-8p","status":"publish","type":"product","link":"https:\/\/digistar.ma\/?product=presse-a-chaud-multifonctions-8-en-1-freesub-p8001-8p","title":{"rendered":"Presse a chaud multifonctions 8 en 1 FREESUB P8001-8P"},"content":{"rendered":"<h4 class=\"product_title entry-title\">Presse a chaud multifonctions 8 en 1 FREESUB P8001-8P<\/h4>\n<p>Presse manuelle multifonctions pour le transfert a chaud livr\u00e9e avec ses\u00a0<strong>8 accessoires<\/strong>\u00a0interchangeables \u00a0adapt\u00e9e \u00e0 l\u2019impression et \u00e0 la personnalisation de produits\u00a0textiles (tapis de souris, fanions, bavoirs, drapeaux, torchons, serviettes de bains, casquettes\u2026) que des supports durs (mugs, tirelires, assiettes, carrelages, briquets, porte-cl\u00e9s, dessous de verres, plaques aluminium\u2026).<\/p>\n<ul>\n<li>Presse manuelle simple et robuste<\/li>\n<li>Permet toutes les m\u00e9thodes de transfert \u00e0 chaud courantes (flock, flex, sublimation, etc.)<\/li>\n<\/ul>\n<p><strong><strong>Accessoires Complets de la <\/strong><\/strong>Presse a chaud multifonctions 8 en 1 FREESUB P8001-8P<\/p>\n<ul>\n<li>1 \u00e9l\u00e9ment \u00e0 plat taille 30 x 38 cm<\/li>\n<li>4 \u00e9l\u00e9ments chauffants pour mugs : format 10 oz, 11 oz 12 oz\u00a0 et 17 oz<\/li>\n<li>2 \u00e9l\u00e9ments chauffants pour assiettes : 12 cm et 15 cm de diam\u00e8tre<\/li>\n<li>\u00a01 \u00e9l\u00e9ment chauffant pour casquette : format 8 x 15 cm<\/li>\n<\/ul>\n<table>\n<tbody>\n<tr>\n<td>Nom :<\/td>\n<td>Presse \u00e0 chaud manuelle \u2013 multifonctions<\/td>\n<\/tr>\n<tr>\n<td>Couleurs :<\/td>\n<td>\u00a0noir-rouge<\/td>\n<\/tr>\n<tr>\n<td>Mode d\u2019impression:<\/td>\n<td>\u00a0transfert de chaleur, sublimation, flex , flock \u2026..<\/td>\n<\/tr>\n<tr>\n<td>Technologie de transfert :<\/td>\n<td>transfert a chaud multifonctions<\/td>\n<\/tr>\n<tr>\n<td>Surface de pressage :<\/td>\n<td>29\u00d738 cm<\/td>\n<\/tr>\n<tr>\n<td>Temp\u00e9rature Max(\u00baC) :<\/td>\n<td>240 C\u00b0<\/td>\n<\/tr>\n<tr>\n<td>Voltage :<\/td>\n<td>220V \u2013 230V \/ 50Hz \u2013 60Hz<\/td>\n<\/tr>\n<tr>\n<td data-spm-anchor-id=\"a2700.details.0.i21.2fb370e9OjnvjK\">76*66*44cm<\/td>\n<td>50x45x27cm (Largeur x Profondeur x Hauteur)<\/td>\n<\/tr>\n<tr>\n<td>Poids du produit :<\/td>\n<td>21 kg<\/td>\n<\/tr>\n<tr>\n<td>Puissance:<\/td>\n<td>1250w<\/td>\n<\/tr>\n<tr>\n<td>Garantie :<\/td>\n<td>1 ans \u2013 normes CE<\/td>\n<\/tr>\n<\/tbody>\n<\/table>\n","protected":false},"excerpt":{"rendered":"<ul>\n<li>1 \u00e9l\u00e9ment \u00e0 plat taille 30 x 38 cm<\/li>\n<li>4 \u00e9l\u00e9ments chauffants pour mugs<\/li>\n<li>2 \u00e9l\u00e9ments chauffants pour assiettes<\/li>\n<li>\u00a01 \u00e9l\u00e9ment chauffant pour casquette<\/li>\n<li><img decoding=\"async\" class=\"wp-image-4975 alignnone\" src=\"https:\/\/supplytech.ma\/wp-content\/uploads\/2022\/03\/4043907.png\" alt=\"\" width=\"21\" height=\"21\" \/>Garantie 1an<\/li>\n<\/ul>\n","protected":false},"featured_media":11687,"comment_status":"open","ping_status":"closed","template":"","meta":{"_acf_changed":false,"_monsterinsights_skip_tracking":false,"_monsterinsights_sitenote_active":false,"_monsterinsights_sitenote_note":"","_monsterinsights_sitenote_category":0,"_uf_show_specific_survey":0,"_uf_disable_surveys":false,"_joinchat":[]},"product_brand":[],"product_cat":[388,384],"product_tag":[],"class_list":{"0":"post-11686","1":"product","2":"type-product","3":"status-publish","4":"has-post-thumbnail","6":"product_cat-presse-a-chaud","7":"product_cat-fournitures-dimpression","9":"first","10":"instock","11":"sale","12":"shipping-taxable","13":"purchasable","14":"product-type-simple"},"acf":[],"jetpack_sharing_enabled":true,"_links":{"self":[{"href":"https:\/\/digistar.ma\/index.php?rest_route=\/wp\/v2\/product\/11686","targetHints":{"allow":["GET"]}}],"collection":[{"href":"https:\/\/digistar.ma\/index.php?rest_route=\/wp\/v2\/product"}],"about":[{"href":"https:\/\/digistar.ma\/index.php?rest_route=\/wp\/v2\/types\/product"}],"replies":[{"embeddable":true,"href":"https:\/\/digistar.ma\/index.php?rest_route=%2Fwp%2Fv2%2Fcomments&post=11686"}],"version-history":[{"count":2,"href":"https:\/\/digistar.ma\/index.php?rest_route=\/wp\/v2\/product\/11686\/revisions"}],"predecessor-version":[{"id":11691,"href":"https:\/\/digistar.ma\/index.php?rest_route=\/wp\/v2\/product\/11686\/revisions\/11691"}],"wp:featuredmedia":[{"embeddable":true,"href":"https:\/\/digistar.ma\/index.php?rest_route=\/wp\/v2\/media\/11687"}],"wp:attachment":[{"href":"https:\/\/digistar.ma\/index.php?rest_route=%2Fwp%2Fv2%2Fmedia&parent=11686"}],"wp:term":[{"taxonomy":"product_brand","embeddable":true,"href":"https:\/\/digistar.ma\/index.php?rest_route=%2Fwp%2Fv2%2Fproduct_brand&post=11686"},{"taxonomy":"product_cat","embeddable":true,"href":"https:\/\/digistar.ma\/index.php?rest_route=%2Fwp%2Fv2%2Fproduct_cat&post=11686"},{"taxonomy":"product_tag","embeddable":true,"href":"https:\/\/digistar.ma\/index.php?rest_route=%2Fwp%2Fv2%2Fproduct_tag&post=11686"}],"curies":[{"name":"wp","href":"https:\/\/api.w.org\/{rel}","templated":true}]}}