{"id":11692,"date":"2024-05-30T12:09:08","date_gmt":"2024-05-30T12:09:08","guid":{"rendered":"https:\/\/digistar.ma\/?post_type=product&#038;p=11692"},"modified":"2024-05-30T12:30:13","modified_gmt":"2024-05-30T12:30:13","slug":"presse-a-chaud-multifonctions-5en1-freesub-40x40-cm","status":"publish","type":"product","link":"https:\/\/digistar.ma\/?product=presse-a-chaud-multifonctions-5en1-freesub-40x40-cm","title":{"rendered":"Presse a chaud multifonctions 5en1 FREESUB 40\u00d740 cm"},"content":{"rendered":"<h4>Presse a chaud multifonctions 5en1 FREESUB 40\u00d740 cm<\/h4>\n<p>Description d\u00e9taill\u00e9e de la Presse \u00e0 chaud multifonctions 5-en-1 FREESUB 40&#215;40 cm :<\/p>\n<p>Caract\u00e9ristiques :<\/p>\n<ul>\n<li>Couleur : Noir-Rouge<\/li>\n<li>Mat\u00e9riaux : Plastique et M\u00e9tal<\/li>\n<li>Surface d&#8217;impression : 380 mm x 380 mm<\/li>\n<li>Puissance : 1 500 watts<\/li>\n<\/ul>\n<p>Applications :<\/p>\n<ul>\n<li>T-shirts<\/li>\n<li>Assiettes<\/li>\n<li>Casquettes<\/li>\n<li>Mugs<\/li>\n<\/ul>\n<p>Cette Presse a chaud multifonctions 5en1 FREESUB 40\u00d740 cm<\/p>\n<p>permet d&#8217;effectuer tous les types de transferts thermiques courants, comme le flock, le flex ou la sublimation.<\/p>\n<p>\u00c9quip\u00e9e de 5 accessoires diff\u00e9rents, elle offre une polyvalence permettant de personnaliser une grande vari\u00e9t\u00e9 de supports :<\/p>\n<ul>\n<li>Tapis de souris<\/li>\n<li>Fanions<\/li>\n<li>Bavoirs<\/li>\n<li>Drapeaux<\/li>\n<li>Torchons<\/li>\n<li>Serviettes de bain<\/li>\n<li>Casquettes<\/li>\n<li>Mais aussi des objets durs comme les mugs, tirelires, assiettes, carrelages, briquets, porte-cl\u00e9s, dessous de verres, plaques d&#8217;aluminium, etc.<\/li>\n<\/ul>\n<p>Gr\u00e2ce \u00e0 cette large compatibilit\u00e9, la Presse \u00e0 chaud FREESUB 40&#215;40 cm offre de nombreuses possibilit\u00e9s de personnalisation sur diff\u00e9rents types de supports.<\/p>\n","protected":false},"excerpt":{"rendered":"<ul>\n<li>Plateau de t-shirt : 40 x 40 cm<\/li>\n<li>Accessoire grande assiettes<\/li>\n<li>Accessoire mini\u00a0 assiettes<\/li>\n<li>Plateaux pour casquette<\/li>\n<li>presse \u00e0 tasse ou mugs<\/li>\n<\/ul>\n","protected":false},"featured_media":11694,"comment_status":"open","ping_status":"closed","template":"","meta":{"_acf_changed":false,"_monsterinsights_skip_tracking":false,"_monsterinsights_sitenote_active":false,"_monsterinsights_sitenote_note":"","_monsterinsights_sitenote_category":0,"_uf_show_specific_survey":0,"_uf_disable_surveys":false,"_joinchat":[]},"product_brand":[],"product_cat":[384,388],"product_tag":[],"class_list":{"0":"post-11692","1":"product","2":"type-product","3":"status-publish","4":"has-post-thumbnail","6":"product_cat-fournitures-dimpression","7":"product_cat-presse-a-chaud","9":"first","10":"instock","11":"sale","12":"shipping-taxable","13":"purchasable","14":"product-type-simple"},"acf":[],"jetpack_sharing_enabled":true,"_links":{"self":[{"href":"https:\/\/digistar.ma\/index.php?rest_route=\/wp\/v2\/product\/11692","targetHints":{"allow":["GET"]}}],"collection":[{"href":"https:\/\/digistar.ma\/index.php?rest_route=\/wp\/v2\/product"}],"about":[{"href":"https:\/\/digistar.ma\/index.php?rest_route=\/wp\/v2\/types\/product"}],"replies":[{"embeddable":true,"href":"https:\/\/digistar.ma\/index.php?rest_route=%2Fwp%2Fv2%2Fcomments&post=11692"}],"version-history":[{"count":2,"href":"https:\/\/digistar.ma\/index.php?rest_route=\/wp\/v2\/product\/11692\/revisions"}],"predecessor-version":[{"id":11699,"href":"https:\/\/digistar.ma\/index.php?rest_route=\/wp\/v2\/product\/11692\/revisions\/11699"}],"wp:featuredmedia":[{"embeddable":true,"href":"https:\/\/digistar.ma\/index.php?rest_route=\/wp\/v2\/media\/11694"}],"wp:attachment":[{"href":"https:\/\/digistar.ma\/index.php?rest_route=%2Fwp%2Fv2%2Fmedia&parent=11692"}],"wp:term":[{"taxonomy":"product_brand","embeddable":true,"href":"https:\/\/digistar.ma\/index.php?rest_route=%2Fwp%2Fv2%2Fproduct_brand&post=11692"},{"taxonomy":"product_cat","embeddable":true,"href":"https:\/\/digistar.ma\/index.php?rest_route=%2Fwp%2Fv2%2Fproduct_cat&post=11692"},{"taxonomy":"product_tag","embeddable":true,"href":"https:\/\/digistar.ma\/index.php?rest_route=%2Fwp%2Fv2%2Fproduct_tag&post=11692"}],"curies":[{"name":"wp","href":"https:\/\/api.w.org\/{rel}","templated":true}]}}