{"id":11700,"date":"2024-05-30T14:04:42","date_gmt":"2024-05-30T14:04:42","guid":{"rendered":"https:\/\/digistar.ma\/?post_type=product&#038;p=11700"},"modified":"2025-02-16T14:59:15","modified_gmt":"2025-02-16T14:59:15","slug":"presse-a-tasse-automatique-11oz-pd150","status":"publish","type":"product","link":"https:\/\/digistar.ma\/?product=presse-a-tasse-automatique-11oz-pd150","title":{"rendered":"Presse \u00c0 Tasse Automatique 11OZ PD150"},"content":{"rendered":"<h4>Presse \u00c0 Tasse Automatique 11OZ PD150<\/h4>\n<p><strong>Cette Presse \u00c0 Tasse Automatique 11OZ PD150 <\/strong>pr\u00e9sente plusieurs utilisit\u00e9s int\u00e9ressantes :<\/p>\n<ol>\n<li>Personnalisation de tasses\/mugs :\n<ul>\n<li>Permet d&#8217;imprimer des designs, photos, logos ou textes directement sur des tasses de 11 oz (environ 325 ml) gr\u00e2ce \u00e0 la technologie de transfert par sublimation.<\/li>\n<li>Offre des r\u00e9sultats de qualit\u00e9 professionnelle sur des supports personnalis\u00e9s.<\/li>\n<\/ul>\n<\/li>\n<li>Gain de temps et d&#8217;efficacit\u00e9 :\n<ul>\n<li>Fonction de chauffage rapide pour r\u00e9duire le temps de pr\u00e9paration.<\/li>\n<li>Ouverture et fermeture automatique de la presse, facilitant l&#8217;utilisation.<\/li>\n<li>Minuterie num\u00e9rique r\u00e9glable jusqu&#8217;\u00e0 999 secondes pour un contr\u00f4le pr\u00e9cis du temps de transfert.<\/li>\n<\/ul>\n<\/li>\n<li>Polyvalence et flexibilit\u00e9 :\n<ul>\n<li>Compatible avec une grande vari\u00e9t\u00e9 de supports sublimables (tasses, mugs, etc.).<\/li>\n<li>Permet d&#8217;adapter la pression de mani\u00e8re ajustable pour un transfert optimal.<\/li>\n<\/ul>\n<\/li>\n<li>S\u00e9curit\u00e9 et fiabilit\u00e9 :\n<ul>\n<li>Syst\u00e8me de s\u00e9curit\u00e9 avec arr\u00eat automatique en cas de surchauffe, pour une utilisation en toute tranquillit\u00e9.<\/li>\n<li>Construction robuste en m\u00e9tal et plastique de haute qualit\u00e9 pour une durabilit\u00e9 accrue.<\/li>\n<\/ul>\n<\/li>\n<\/ol>\n<p>Cette <strong>Presse \u00c0 Tasse Automatique 11OZ PD150 <\/strong>est donc particuli\u00e8rement adapt\u00e9e pour les professionnels ou les particuliers souhaitant personnaliser facilement et rapidement des tasses\/mugs de 11 oz, tout en garantissant des r\u00e9sultats de qualit\u00e9.<\/p>\n","protected":false},"excerpt":{"rendered":"<p>&nbsp;<\/p>\n<p>&nbsp;<\/p>\n","protected":false},"featured_media":11701,"comment_status":"open","ping_status":"closed","template":"","meta":{"_acf_changed":false,"_monsterinsights_skip_tracking":false,"_monsterinsights_sitenote_active":false,"_monsterinsights_sitenote_note":"","_monsterinsights_sitenote_category":0,"_uf_show_specific_survey":0,"_uf_disable_surveys":false,"_joinchat":[]},"product_brand":[],"product_cat":[384,388],"product_tag":[],"class_list":{"0":"post-11700","1":"product","2":"type-product","3":"status-publish","4":"has-post-thumbnail","6":"product_cat-fournitures-dimpression","7":"product_cat-presse-a-chaud","9":"first","10":"outofstock","11":"sale","12":"shipping-taxable","13":"purchasable","14":"product-type-simple"},"acf":[],"jetpack_sharing_enabled":true,"_links":{"self":[{"href":"https:\/\/digistar.ma\/index.php?rest_route=\/wp\/v2\/product\/11700","targetHints":{"allow":["GET"]}}],"collection":[{"href":"https:\/\/digistar.ma\/index.php?rest_route=\/wp\/v2\/product"}],"about":[{"href":"https:\/\/digistar.ma\/index.php?rest_route=\/wp\/v2\/types\/product"}],"replies":[{"embeddable":true,"href":"https:\/\/digistar.ma\/index.php?rest_route=%2Fwp%2Fv2%2Fcomments&post=11700"}],"version-history":[{"count":2,"href":"https:\/\/digistar.ma\/index.php?rest_route=\/wp\/v2\/product\/11700\/revisions"}],"predecessor-version":[{"id":11706,"href":"https:\/\/digistar.ma\/index.php?rest_route=\/wp\/v2\/product\/11700\/revisions\/11706"}],"wp:featuredmedia":[{"embeddable":true,"href":"https:\/\/digistar.ma\/index.php?rest_route=\/wp\/v2\/media\/11701"}],"wp:attachment":[{"href":"https:\/\/digistar.ma\/index.php?rest_route=%2Fwp%2Fv2%2Fmedia&parent=11700"}],"wp:term":[{"taxonomy":"product_brand","embeddable":true,"href":"https:\/\/digistar.ma\/index.php?rest_route=%2Fwp%2Fv2%2Fproduct_brand&post=11700"},{"taxonomy":"product_cat","embeddable":true,"href":"https:\/\/digistar.ma\/index.php?rest_route=%2Fwp%2Fv2%2Fproduct_cat&post=11700"},{"taxonomy":"product_tag","embeddable":true,"href":"https:\/\/digistar.ma\/index.php?rest_route=%2Fwp%2Fv2%2Fproduct_tag&post=11700"}],"curies":[{"name":"wp","href":"https:\/\/api.w.org\/{rel}","templated":true}]}}