{"id":11708,"date":"2024-05-30T14:53:38","date_gmt":"2024-05-30T14:53:38","guid":{"rendered":"https:\/\/digistar.ma\/?post_type=product&#038;p=11708"},"modified":"2025-02-17T17:31:29","modified_gmt":"2025-02-17T17:31:29","slug":"presse-a-chaud-portable-23x23-cm-f0909-2","status":"publish","type":"product","link":"https:\/\/digistar.ma\/?product=presse-a-chaud-portable-23x23-cm-f0909-2","title":{"rendered":"Presse \u00e0 Chaud Portable 23\u00d723 CM \u2013 F0909"},"content":{"rendered":"<h4 class=\"product_title entry-title\">Presse \u00e0 Chaud Portable 23\u00d723 CM \u2013 F0909<\/h4>\n<p>Machine de presse \u00e0 chaud portable. En plus de personnaliser des v\u00eatements, des tasses et des oreillers, cette machine peut \u00e9galement \u00eatre utilis\u00e9e pour imprimer des motifs sur des casquettes, des sacs en tissu, des tabliers, des coussins, des housses de t\u00e9l\u00e9phone, des serviettes, des couvertures et bien d\u2019autres articles en tissu. Elle offre une grande polyvalence pour la personnalisation d\u2019objets et peut \u00eatre utilis\u00e9e pour cr\u00e9er des produits uniques et personnalis\u00e9s. Si vous avez des questions sp\u00e9cifiques sur d\u2019autres utilisations ou applications de cette machine, n\u2019h\u00e9sitez pas \u00e0 demander plus de d\u00e9tails.<\/p>\n<p>Les caract\u00e9ristiques de la Presse \u00e0 Chaud Portable 23\u00d723 CM \u2013 F0909<\/p>\n<ul>\n<li class=\"flex-item-uls-lis\">\n<div class=\"flex-item-uls-lis-flex\">\n<div class=\"flex-item-uls-lis-right\">Portable &amp; \u00e0 Une Main<\/div>\n<\/div>\n<\/li>\n<li class=\"flex-item-uls-lis\">\n<div class=\"flex-item-uls-lis-flex\">\n<div class=\"flex-item-uls-lis-right\">\u00c9cran Tactile<\/div>\n<\/div>\n<\/li>\n<li class=\"flex-item-uls-lis\">\n<div class=\"flex-item-uls-lis-flex\">\n<div class=\"flex-item-uls-lis-right\">Base de Plaque d\u2019Isolation<\/div>\n<\/div>\n<\/li>\n<li class=\"flex-item-uls-lis\">\n<div class=\"flex-item-uls-lis-flex\">\n<div class=\"flex-item-uls-lis-right\">R\u00e9sultats Durables<\/div>\n<\/div>\n<\/li>\n<\/ul>\n","protected":false},"excerpt":{"rendered":"<div class=\"product-extra-detail woocommerce-product-details__short-description\">\n<ul>\n<li>mini heat press machine\u00a0<strong>23x23cm<\/strong><\/li>\n<li>Brand Name:<strong>FreeSUB<\/strong><\/li>\n<li>Model Number:F0909<\/li>\n<li>Chaleur r\u00e9glable jusqu\u2019\u00e0\u00a0<strong>205\u00b0C<\/strong><\/li>\n<li>Puissance:\u00a0<strong>670W<\/strong><\/li>\n<li>L\u00e9g\u00e8re, portable, facile \u00e0 ranger<\/li>\n<\/ul>\n<\/div>\n<div class=\"product-price\"><\/div>\n","protected":false},"featured_media":11709,"comment_status":"open","ping_status":"closed","template":"","meta":{"_acf_changed":false,"_monsterinsights_skip_tracking":false,"_monsterinsights_sitenote_active":false,"_monsterinsights_sitenote_note":"","_monsterinsights_sitenote_category":0,"_uf_show_specific_survey":0,"_uf_disable_surveys":false,"_joinchat":[]},"product_brand":[],"product_cat":[384,388],"product_tag":[],"class_list":{"0":"post-11708","1":"product","2":"type-product","3":"status-publish","4":"has-post-thumbnail","6":"product_cat-fournitures-dimpression","7":"product_cat-presse-a-chaud","9":"first","10":"outofstock","11":"sale","12":"shipping-taxable","13":"purchasable","14":"product-type-simple"},"acf":[],"jetpack_sharing_enabled":true,"_links":{"self":[{"href":"https:\/\/digistar.ma\/index.php?rest_route=\/wp\/v2\/product\/11708","targetHints":{"allow":["GET"]}}],"collection":[{"href":"https:\/\/digistar.ma\/index.php?rest_route=\/wp\/v2\/product"}],"about":[{"href":"https:\/\/digistar.ma\/index.php?rest_route=\/wp\/v2\/types\/product"}],"replies":[{"embeddable":true,"href":"https:\/\/digistar.ma\/index.php?rest_route=%2Fwp%2Fv2%2Fcomments&post=11708"}],"version-history":[{"count":3,"href":"https:\/\/digistar.ma\/index.php?rest_route=\/wp\/v2\/product\/11708\/revisions"}],"predecessor-version":[{"id":11713,"href":"https:\/\/digistar.ma\/index.php?rest_route=\/wp\/v2\/product\/11708\/revisions\/11713"}],"wp:featuredmedia":[{"embeddable":true,"href":"https:\/\/digistar.ma\/index.php?rest_route=\/wp\/v2\/media\/11709"}],"wp:attachment":[{"href":"https:\/\/digistar.ma\/index.php?rest_route=%2Fwp%2Fv2%2Fmedia&parent=11708"}],"wp:term":[{"taxonomy":"product_brand","embeddable":true,"href":"https:\/\/digistar.ma\/index.php?rest_route=%2Fwp%2Fv2%2Fproduct_brand&post=11708"},{"taxonomy":"product_cat","embeddable":true,"href":"https:\/\/digistar.ma\/index.php?rest_route=%2Fwp%2Fv2%2Fproduct_cat&post=11708"},{"taxonomy":"product_tag","embeddable":true,"href":"https:\/\/digistar.ma\/index.php?rest_route=%2Fwp%2Fv2%2Fproduct_tag&post=11708"}],"curies":[{"name":"wp","href":"https:\/\/api.w.org\/{rel}","templated":true}]}}