{"id":11714,"date":"2024-05-30T15:37:56","date_gmt":"2024-05-30T15:37:56","guid":{"rendered":"https:\/\/digistar.ma\/?post_type=product&#038;p=11714"},"modified":"2024-05-30T15:37:56","modified_gmt":"2024-05-30T15:37:56","slug":"imprimante-epson-l1300-format-a3-sublimation","status":"publish","type":"product","link":"https:\/\/digistar.ma\/?product=imprimante-epson-l1300-format-a3-sublimation","title":{"rendered":"Imprimante Epson L1300 Format A3 Sublimation"},"content":{"rendered":"<h4 class=\"product_title entry-title\">Imprimante Epson L1300 Format A3 Sublimation<\/h4>\n<div class=\"product-meta\">\n<p>Un syst\u00e8me de r\u00e9servoirs d\u2019encre ultra haute capacit\u00e9 int\u00e9gr\u00e9 rend le mod\u00e8le L1300 parfait pour une utilisation intensive tout en obtenant un co\u00fbt par page r\u00e9duit. Parfait pour les petites entreprises souhaitant produire de longs rapports, des supports publicitaires ou des dessins CAO, le mod\u00e8le L1300 est fourni avec cinq bouteilles d\u2019encre 70\u00a0ml.<\/p>\n<h4><strong>Caract\u00e9ristiques principales de l&#8217;<\/strong>Imprimante Epson L1300 Format A3 Sublimation<\/h4>\n<ul>\n<li>Bon rapport qualit\u00e9\/prix: Co\u00fbt \u00e0 la page ultra \u00e9conomique<\/li>\n<li>Tranquillit\u00e9 d\u2019esprit: garantie standard d\u2019un\u00a0an, extensible jusqu\u2019\u00e0 trois\u00a0ans avec la garantie promotionnelle<\/li>\n<li>Qualit\u00e9 Epson: R\u00e9servoir d\u2019encre rechargeable sp\u00e9cifiquement d\u00e9velopp\u00e9<\/li>\n<li>Impression A3+: Imprimante 4\u00a0couleurs A3+<\/li>\n<li>Simples \u00e0 utiliser: Installation simple<\/li>\n<\/ul>\n<p>&nbsp;<\/p>\n<\/div>\n","protected":false},"excerpt":{"rendered":"<ul>\n<li>Bon rapport qualit\u00e9\/prix<\/li>\n<li>Id\u00e9al pour la sublimation<\/li>\n<li>R\u00e9servoir d\u2019encre rechargeable<\/li>\n<li>Impression A3+ , 4 couleurs<\/li>\n<li>\u00a0Installation simple<\/li>\n<\/ul>\n","protected":false},"featured_media":11715,"comment_status":"open","ping_status":"closed","template":"","meta":{"_acf_changed":false,"_monsterinsights_skip_tracking":false,"_monsterinsights_sitenote_active":false,"_monsterinsights_sitenote_note":"","_monsterinsights_sitenote_category":0,"_uf_show_specific_survey":0,"_uf_disable_surveys":false,"_joinchat":[]},"product_brand":[],"product_cat":[384,386],"product_tag":[],"class_list":{"0":"post-11714","1":"product","2":"type-product","3":"status-publish","4":"has-post-thumbnail","6":"product_cat-fournitures-dimpression","7":"product_cat-consommables-sublimation-dtf","9":"first","10":"instock","11":"sale","12":"shipping-taxable","13":"purchasable","14":"product-type-simple"},"acf":[],"jetpack_sharing_enabled":true,"_links":{"self":[{"href":"https:\/\/digistar.ma\/index.php?rest_route=\/wp\/v2\/product\/11714","targetHints":{"allow":["GET"]}}],"collection":[{"href":"https:\/\/digistar.ma\/index.php?rest_route=\/wp\/v2\/product"}],"about":[{"href":"https:\/\/digistar.ma\/index.php?rest_route=\/wp\/v2\/types\/product"}],"replies":[{"embeddable":true,"href":"https:\/\/digistar.ma\/index.php?rest_route=%2Fwp%2Fv2%2Fcomments&post=11714"}],"version-history":[{"count":2,"href":"https:\/\/digistar.ma\/index.php?rest_route=\/wp\/v2\/product\/11714\/revisions"}],"predecessor-version":[{"id":11720,"href":"https:\/\/digistar.ma\/index.php?rest_route=\/wp\/v2\/product\/11714\/revisions\/11720"}],"wp:featuredmedia":[{"embeddable":true,"href":"https:\/\/digistar.ma\/index.php?rest_route=\/wp\/v2\/media\/11715"}],"wp:attachment":[{"href":"https:\/\/digistar.ma\/index.php?rest_route=%2Fwp%2Fv2%2Fmedia&parent=11714"}],"wp:term":[{"taxonomy":"product_brand","embeddable":true,"href":"https:\/\/digistar.ma\/index.php?rest_route=%2Fwp%2Fv2%2Fproduct_brand&post=11714"},{"taxonomy":"product_cat","embeddable":true,"href":"https:\/\/digistar.ma\/index.php?rest_route=%2Fwp%2Fv2%2Fproduct_cat&post=11714"},{"taxonomy":"product_tag","embeddable":true,"href":"https:\/\/digistar.ma\/index.php?rest_route=%2Fwp%2Fv2%2Fproduct_tag&post=11714"}],"curies":[{"name":"wp","href":"https:\/\/api.w.org\/{rel}","templated":true}]}}