{"id":11735,"date":"2024-05-30T16:45:26","date_gmt":"2024-05-30T16:45:26","guid":{"rendered":"https:\/\/digistar.ma\/?post_type=product&#038;p=11735"},"modified":"2024-06-01T09:35:42","modified_gmt":"2024-06-01T09:35:42","slug":"nouvelle-presse-a-chaud-automatique-pour-casquette","status":"publish","type":"product","link":"https:\/\/digistar.ma\/?product=nouvelle-presse-a-chaud-automatique-pour-casquette","title":{"rendered":"Nouvelle presse \u00e0 Chaud Automatique pour Casquette"},"content":{"rendered":"<h4 class=\"product_title entry-title\">Nouvelle presse \u00e0 Chaud Automatique pour Casquette<\/h4>\n<div class=\"product-meta\">\n<p>Cette presse pr\u00e9sente plusieurs utilisit\u00e9s importantes :<\/p>\n<ol>\n<li>Personnalisation de casquettes et accessoires :\n<ul>\n<li>Permet d&#8217;imprimer des designs, logos, textes directement sur les casquettes de baseball, les visi\u00e8res, et d&#8217;autres accessoires gr\u00e2ce \u00e0 la technologie de transfert thermique.<\/li>\n<li>Offre des r\u00e9sultats de qualit\u00e9 professionnelle sur une grande vari\u00e9t\u00e9 de mat\u00e9riaux sublimables.<\/li>\n<\/ul>\n<\/li>\n<li>Gain de productivit\u00e9 et d&#8217;efficacit\u00e9 de la Nouvelle presse \u00e0 Chaud Automatique pour Casquette:\n<ul>\n<li>Fonction de chauffage rapide pour r\u00e9duire le temps de pr\u00e9paration.<\/li>\n<li>Ouverture et fermeture automatiques de la presse, facilitant l&#8217;utilisation.<\/li>\n<li>Minuterie num\u00e9rique r\u00e9glable jusqu&#8217;\u00e0 999 secondes pour un contr\u00f4le pr\u00e9cis du temps de transfert.<\/li>\n<\/ul>\n<\/li>\n<li>Polyvalence et flexibilit\u00e9 :\n<ul>\n<li>Taille de la surface de pression de 17 cm x 7 cm, permettant de personnaliser des casquettes et autres accessoires de tailles vari\u00e9es.<\/li>\n<li>Syst\u00e8me de pression ajustable pour optimiser le transfert sur diff\u00e9rents types de mat\u00e9riaux.<\/li>\n<\/ul>\n<\/li>\n<li>Facilit\u00e9 d&#8217;utilisation et s\u00e9curit\u00e9 :\n<ul>\n<li>R\u00e9glages simples pour ajuster la temp\u00e9rature et le temps de transfert.<\/li>\n<li>Arr\u00eat automatique en cas de surchauffe, offrant une utilisation en toute tranquillit\u00e9.<\/li>\n<li>Construction robuste en m\u00e9tal et plastique de haute qualit\u00e9 pour une durabilit\u00e9 accrue.<\/li>\n<\/ul>\n<\/li>\n<\/ol>\n<\/div>\n","protected":false},"excerpt":{"rendered":"<ul>\n<li>Presse \u00e0 casquette automatique<\/li>\n<li>Dimensions(L-W-H): 58x54x42cm<\/li>\n<li>Alimentation \u00e9lectrique 220V<\/li>\n<li>Marque Freesub<\/li>\n<li>Garantie 1an<\/li>\n<\/ul>\n","protected":false},"featured_media":11736,"comment_status":"open","ping_status":"closed","template":"","meta":{"_acf_changed":false,"_monsterinsights_skip_tracking":false,"_monsterinsights_sitenote_active":false,"_monsterinsights_sitenote_note":"","_monsterinsights_sitenote_category":0,"_uf_show_specific_survey":0,"_uf_disable_surveys":false,"_joinchat":[]},"product_brand":[],"product_cat":[384,388],"product_tag":[],"class_list":{"0":"post-11735","1":"product","2":"type-product","3":"status-publish","4":"has-post-thumbnail","6":"product_cat-fournitures-dimpression","7":"product_cat-presse-a-chaud","9":"first","10":"instock","11":"sale","12":"shipping-taxable","13":"purchasable","14":"product-type-simple"},"acf":[],"jetpack_sharing_enabled":true,"_links":{"self":[{"href":"https:\/\/digistar.ma\/index.php?rest_route=\/wp\/v2\/product\/11735","targetHints":{"allow":["GET"]}}],"collection":[{"href":"https:\/\/digistar.ma\/index.php?rest_route=\/wp\/v2\/product"}],"about":[{"href":"https:\/\/digistar.ma\/index.php?rest_route=\/wp\/v2\/types\/product"}],"replies":[{"embeddable":true,"href":"https:\/\/digistar.ma\/index.php?rest_route=%2Fwp%2Fv2%2Fcomments&post=11735"}],"version-history":[{"count":2,"href":"https:\/\/digistar.ma\/index.php?rest_route=\/wp\/v2\/product\/11735\/revisions"}],"predecessor-version":[{"id":11740,"href":"https:\/\/digistar.ma\/index.php?rest_route=\/wp\/v2\/product\/11735\/revisions\/11740"}],"wp:featuredmedia":[{"embeddable":true,"href":"https:\/\/digistar.ma\/index.php?rest_route=\/wp\/v2\/media\/11736"}],"wp:attachment":[{"href":"https:\/\/digistar.ma\/index.php?rest_route=%2Fwp%2Fv2%2Fmedia&parent=11735"}],"wp:term":[{"taxonomy":"product_brand","embeddable":true,"href":"https:\/\/digistar.ma\/index.php?rest_route=%2Fwp%2Fv2%2Fproduct_brand&post=11735"},{"taxonomy":"product_cat","embeddable":true,"href":"https:\/\/digistar.ma\/index.php?rest_route=%2Fwp%2Fv2%2Fproduct_cat&post=11735"},{"taxonomy":"product_tag","embeddable":true,"href":"https:\/\/digistar.ma\/index.php?rest_route=%2Fwp%2Fv2%2Fproduct_tag&post=11735"}],"curies":[{"name":"wp","href":"https:\/\/api.w.org\/{rel}","templated":true}]}}