{"id":11762,"date":"2024-06-01T12:33:57","date_gmt":"2024-06-01T12:33:57","guid":{"rendered":"https:\/\/digistar.ma\/?post_type=product&#038;p=11762"},"modified":"2024-06-01T12:33:57","modified_gmt":"2024-06-01T12:33:57","slug":"machine-de-durcissement-aux-uv-pour-les-trophees-photo","status":"publish","type":"product","link":"https:\/\/digistar.ma\/?product=machine-de-durcissement-aux-uv-pour-les-trophees-photo","title":{"rendered":"Machine de durcissement aux UV pour les troph\u00e9es photo"},"content":{"rendered":"<h4 class=\"product_title entry-title\">Machine de durcissement aux UV pour les troph\u00e9es photo<\/h4>\n<div class=\"product-meta\">Cette photocomposeuse UV est \u00e9quip\u00e9e de 8 lampes UV de 40W chacune, dispos\u00e9es par 4 en haut et en bas du cristal irradi\u00e9. Elle offre plusieurs modes de fonctionnement pour contr\u00f4ler la s\u00e9lection des lampes utilis\u00e9es lors de l\u2019exposition au cristal. De plus, elle est dot\u00e9e d\u2019une minuterie \u00e9lectronique et d\u2019une plaque souple en plexiglas pour \u00e9viter que la colle UV ne colle.<\/div>\n<div class=\"product-meta\">Le champ de travail permet l\u2019exposition de plusieurs cristaux jusqu\u2019\u00e0 la surface totale de A4.<\/div>\n<div class=\"product-meta\">Cette photocomposeuse semble \u00eatre un \u00e9quipement tr\u00e8s polyvalent et efficace pour l\u2019impression sur cristaux.<\/div>\n<div>\n<p>Principales caract\u00e9ristiques de la Machine de durcissement aux UV pour les troph\u00e9es photo:<\/p>\n<ol>\n<li>Technologie UV : La machine utilise des lampes UV haute performance pour polym\u00e9riser et durcir rapidement les rev\u00eatements de finition des troph\u00e9es photo.<\/li>\n<li>Espace de travail : Elle dispose d&#8217;un espace int\u00e9rieur suffisamment grand pour accueillir des troph\u00e9es de tailles vari\u00e9es, permettant ainsi un traitement en s\u00e9rie.<\/li>\n<li>Contr\u00f4le pr\u00e9cis : Des commandes \u00e9lectroniques avanc\u00e9es permettent de r\u00e9gler avec pr\u00e9cision la dur\u00e9e et l&#8217;intensit\u00e9 de l&#8217;exposition UV, garantissant un durcissement optimal.<\/li>\n<li>S\u00e9curit\u00e9 : La machine est con\u00e7ue avec des \u00e9l\u00e9ments de s\u00e9curit\u00e9 int\u00e9gr\u00e9s, comme des capteurs de pr\u00e9sence et des protections contre les rayonnements UV, assurant la s\u00e9curit\u00e9 de l&#8217;op\u00e9rateur.<\/li>\n<li>Efficacit\u00e9 : Le processus de durcissement aux UV est beaucoup plus rapide que les m\u00e9thodes de s\u00e9chage traditionnelles, augmentant ainsi la productivit\u00e9.<\/li>\n<li>Finition durable : Les rev\u00eatements durcis aux UV offrent une protection sup\u00e9rieure contre les rayures, les chocs et les intemp\u00e9ries, garantissant la long\u00e9vit\u00e9 des troph\u00e9es photo.<\/li>\n<li>Utilisation polyvalente : Bien que con\u00e7ue sp\u00e9cifiquement pour les troph\u00e9es photo, cette machine peut \u00e9galement \u00eatre utilis\u00e9e pour le durcissement de rev\u00eatements sur d&#8217;autres produits comme la signal\u00e9tique, les objets promotionnels, etc.<\/li>\n<\/ol>\n<\/div>\n","protected":false},"excerpt":{"rendered":"<div class=\"product-extra-detail woocommerce-product-details__short-description\">\n<ul>\n<li>Equip\u00e9e de 8 lampes UV de 40W<\/li>\n<li>Equip\u00e9 d\u2019une minuterie \u00e9lectronique<\/li>\n<li>Espace de travail\u00a0: A4<\/li>\n<li>Insoleuse de plaques UV<\/li>\n<\/ul>\n<\/div>\n<div class=\"product-price\"><\/div>\n","protected":false},"featured_media":11763,"comment_status":"open","ping_status":"closed","template":"","meta":{"_acf_changed":false,"_monsterinsights_skip_tracking":false,"_monsterinsights_sitenote_active":false,"_monsterinsights_sitenote_note":"","_monsterinsights_sitenote_category":0,"_uf_show_specific_survey":0,"_uf_disable_surveys":false,"_joinchat":[]},"product_brand":[],"product_cat":[384,386],"product_tag":[],"class_list":{"0":"post-11762","1":"product","2":"type-product","3":"status-publish","4":"has-post-thumbnail","6":"product_cat-fournitures-dimpression","7":"product_cat-consommables-sublimation-dtf","9":"first","10":"instock","11":"sale","12":"shipping-taxable","13":"purchasable","14":"product-type-simple"},"acf":[],"jetpack_sharing_enabled":true,"_links":{"self":[{"href":"https:\/\/digistar.ma\/index.php?rest_route=\/wp\/v2\/product\/11762","targetHints":{"allow":["GET"]}}],"collection":[{"href":"https:\/\/digistar.ma\/index.php?rest_route=\/wp\/v2\/product"}],"about":[{"href":"https:\/\/digistar.ma\/index.php?rest_route=\/wp\/v2\/types\/product"}],"replies":[{"embeddable":true,"href":"https:\/\/digistar.ma\/index.php?rest_route=%2Fwp%2Fv2%2Fcomments&post=11762"}],"version-history":[{"count":2,"href":"https:\/\/digistar.ma\/index.php?rest_route=\/wp\/v2\/product\/11762\/revisions"}],"predecessor-version":[{"id":11768,"href":"https:\/\/digistar.ma\/index.php?rest_route=\/wp\/v2\/product\/11762\/revisions\/11768"}],"wp:featuredmedia":[{"embeddable":true,"href":"https:\/\/digistar.ma\/index.php?rest_route=\/wp\/v2\/media\/11763"}],"wp:attachment":[{"href":"https:\/\/digistar.ma\/index.php?rest_route=%2Fwp%2Fv2%2Fmedia&parent=11762"}],"wp:term":[{"taxonomy":"product_brand","embeddable":true,"href":"https:\/\/digistar.ma\/index.php?rest_route=%2Fwp%2Fv2%2Fproduct_brand&post=11762"},{"taxonomy":"product_cat","embeddable":true,"href":"https:\/\/digistar.ma\/index.php?rest_route=%2Fwp%2Fv2%2Fproduct_cat&post=11762"},{"taxonomy":"product_tag","embeddable":true,"href":"https:\/\/digistar.ma\/index.php?rest_route=%2Fwp%2Fv2%2Fproduct_tag&post=11762"}],"curies":[{"name":"wp","href":"https:\/\/api.w.org\/{rel}","templated":true}]}}