{"id":11769,"date":"2024-06-01T13:52:54","date_gmt":"2024-06-01T13:52:54","guid":{"rendered":"https:\/\/digistar.ma\/?post_type=product&#038;p=11769"},"modified":"2024-06-01T13:52:54","modified_gmt":"2024-06-01T13:52:54","slug":"trophee-sublimation-peak-cup-14019540mm","status":"publish","type":"product","link":"https:\/\/digistar.ma\/?product=trophee-sublimation-peak-cup-14019540mm","title":{"rendered":"Troph\u00e9e sublimation Peak Cup 140*195*40(mm)"},"content":{"rendered":"<h4 class=\"product_title entry-title\">Troph\u00e9e sublimation Peak Cup 140*195*40(mm)<\/h4>\n<div class=\"product-meta\">Troph\u00e9e \u00e9l\u00e9gant en verre, personnalisables par le transfert sublimation, par UV ou par gravure directe sur le cristal\u00a0 pour la signal\u00e9tique de tr\u00e8s haute qualit\u00e9 dans les entreprises, les fresques murales, les photos de mariage de photographes professionnels ou plus simplement les souvenirs de vacances\u2026Troph\u00e9e \u00e9l\u00e9gant en verre, personnalisables par le transfert sublimation, par UV ou par gravure directe sur le cristal\u00a0 pour la signal\u00e9tique de tr\u00e8s haute qualit\u00e9 dans les entreprises, les fresques murales, les photos de mariage de photographes professionnels ou plus simplement les souvenirs de vacances\u2026<\/p>\n<h4><strong>Comment sublimer le troph\u00e9e <\/strong>sublimation Peak Cup 140*195*40(mm)<strong>?<\/strong><\/h4>\n<ul>\n<li><strong>Imprimante de sublimation:<\/strong>\u00a0En A4, ce sera plus que suffisant, le visuel est imprim\u00e9 de mani\u00e8re invers\u00e9 sur un papier de transfert<\/li>\n<li><strong>Encre de sublimation:<\/strong>\u00a0Ce sont des encres sp\u00e9ciales, c\u2019est une encre diff\u00e9rente de celles habituellement utilis\u00e9es.<\/li>\n<li><strong>Papier de sublimation:<\/strong>\u00a0Il est le support de l\u2019encre par lequel sera appliqu\u00e9e sur la le mug lorsqu\u2019on lui applique de la chaleur.<\/li>\n<li><strong>Ruban adh\u00e9sif haute temp\u00e9rature:<\/strong>\u00a0Utilis\u00e9 pour fixer le papier imprim\u00e9 contre le mug, il r\u00e9siste aux temp\u00e9ratures.<\/li>\n<li><strong>Presse a chaud :\u00a0<\/strong>Il en existe plusieurs mod\u00e8les diff\u00e9rents.<\/li>\n<\/ul>\n<h3><strong>Param\u00e8tres recommand\u00e9s pour l\u2019impression par sublimation<\/strong><\/h3>\n<ul>\n<li>Imprimez l\u2019image en\u00a0<strong>mode miroir<\/strong>.<\/li>\n<li>Pr\u00e9chauffez la presse \u00e0 200 \u00baC.<\/li>\n<li>Placez le c\u00f4t\u00e9 imprim\u00e9 du papier sur le mug et fixez-le avec du ruban adh\u00e9sif haute temp\u00e9rature.<\/li>\n<li>Fermez la presse et exercez une pression\u00a0<strong>moyenne-forte<\/strong>\u00a0pendant environ\u00a0120 secondes.<\/li>\n<li>\u00c0 l\u2019aide d\u2019un gant de protection, retirez le mug tout juste sublim\u00e9.<\/li>\n<li>Retirez d\u00e9licatement le papier.<\/li>\n<\/ul>\n<\/div>\n","protected":false},"excerpt":{"rendered":"<ul>\n<li>Format : 14 x 19,5 cm<\/li>\n<li>\u00c9l\u00e9gant en Cristal<\/li>\n<li>Troph\u00e9e sublimation<\/li>\n<li>Epaisseur : 30 mm<\/li>\n<\/ul>\n","protected":false},"featured_media":11771,"comment_status":"open","ping_status":"closed","template":"","meta":{"_acf_changed":false,"_monsterinsights_skip_tracking":false,"_monsterinsights_sitenote_active":false,"_monsterinsights_sitenote_note":"","_monsterinsights_sitenote_category":0,"_uf_show_specific_survey":0,"_uf_disable_surveys":false,"_joinchat":[]},"product_brand":[],"product_cat":[384,385],"product_tag":[],"class_list":{"0":"post-11769","1":"product","2":"type-product","3":"status-publish","4":"has-post-thumbnail","6":"product_cat-fournitures-dimpression","7":"product_cat-sublimation","9":"first","10":"instock","11":"sale","12":"shipping-taxable","13":"purchasable","14":"product-type-simple"},"acf":[],"jetpack_sharing_enabled":true,"_links":{"self":[{"href":"https:\/\/digistar.ma\/index.php?rest_route=\/wp\/v2\/product\/11769","targetHints":{"allow":["GET"]}}],"collection":[{"href":"https:\/\/digistar.ma\/index.php?rest_route=\/wp\/v2\/product"}],"about":[{"href":"https:\/\/digistar.ma\/index.php?rest_route=\/wp\/v2\/types\/product"}],"replies":[{"embeddable":true,"href":"https:\/\/digistar.ma\/index.php?rest_route=%2Fwp%2Fv2%2Fcomments&post=11769"}],"version-history":[{"count":2,"href":"https:\/\/digistar.ma\/index.php?rest_route=\/wp\/v2\/product\/11769\/revisions"}],"predecessor-version":[{"id":11776,"href":"https:\/\/digistar.ma\/index.php?rest_route=\/wp\/v2\/product\/11769\/revisions\/11776"}],"wp:featuredmedia":[{"embeddable":true,"href":"https:\/\/digistar.ma\/index.php?rest_route=\/wp\/v2\/media\/11771"}],"wp:attachment":[{"href":"https:\/\/digistar.ma\/index.php?rest_route=%2Fwp%2Fv2%2Fmedia&parent=11769"}],"wp:term":[{"taxonomy":"product_brand","embeddable":true,"href":"https:\/\/digistar.ma\/index.php?rest_route=%2Fwp%2Fv2%2Fproduct_brand&post=11769"},{"taxonomy":"product_cat","embeddable":true,"href":"https:\/\/digistar.ma\/index.php?rest_route=%2Fwp%2Fv2%2Fproduct_cat&post=11769"},{"taxonomy":"product_tag","embeddable":true,"href":"https:\/\/digistar.ma\/index.php?rest_route=%2Fwp%2Fv2%2Fproduct_tag&post=11769"}],"curies":[{"name":"wp","href":"https:\/\/api.w.org\/{rel}","templated":true}]}}