{"id":11777,"date":"2024-06-01T14:51:51","date_gmt":"2024-06-01T14:51:51","guid":{"rendered":"https:\/\/digistar.ma\/?post_type=product&#038;p=11777"},"modified":"2024-06-01T14:51:51","modified_gmt":"2024-06-01T14:51:51","slug":"scotch-a-haute-temperature-33m-x-largeur-10mm-sublimation","status":"publish","type":"product","link":"https:\/\/digistar.ma\/?product=scotch-a-haute-temperature-33m-x-largeur-10mm-sublimation","title":{"rendered":"Scotch \u00e0 haute temp\u00e9rature 33m x largeur 10mm sublimation"},"content":{"rendered":"<h4>Scotch \u00e0 haute temp\u00e9rature 33m x largeur 10mm sublimation<\/h4>\n<p>Il s&#8217;agit d&#8217;un rouleau de ruban adh\u00e9sif sp\u00e9cialement con\u00e7u pour les applications de sublimation \u00e0 haute temp\u00e9rature.<\/p>\n<p>Caract\u00e9ristiques principales de Scotch \u00e0 haute temp\u00e9rature 33m x largeur 10mm sublimation:<\/p>\n<ol>\n<li>Mat\u00e9riau : Le scotch est fabriqu\u00e9 \u00e0 partir d&#8217;un substrat r\u00e9sistant \u00e0 la chaleur, permettant une utilisation en toute s\u00e9curit\u00e9 jusqu&#8217;\u00e0 des temp\u00e9ratures \u00e9lev\u00e9es.<\/li>\n<li>Largeur : Ce ruban adh\u00e9sif a une largeur de 10 mm, ce qui le rend adapt\u00e9 \u00e0 de nombreuses applications de sublimation sur des supports de tailles vari\u00e9es.<\/li>\n<li>Longueur : Le rouleau mesure 33 m\u00e8tres de long, offrant une quantit\u00e9 g\u00e9n\u00e9reuse pour de multiples projets.<\/li>\n<li>R\u00e9sistance \u00e0 la chaleur : Sp\u00e9cialement con\u00e7u pour la sublimation, ce scotch peut r\u00e9sister \u00e0 des temp\u00e9ratures allant jusqu&#8217;\u00e0 200\u00b0C sans se d\u00e9grader ni laisser de r\u00e9sidus.<\/li>\n<li>Adh\u00e9sion forte : Le rev\u00eatement adh\u00e9sif de haute qualit\u00e9 assure une forte adh\u00e9rence sur une grande vari\u00e9t\u00e9 de surfaces, y compris les textiles, les polym\u00e8res et les m\u00e9taux.<\/li>\n<li>Facilit\u00e9 d&#8217;utilisation : Gr\u00e2ce \u00e0 son enroulage standard, ce ruban adh\u00e9sif se d\u00e9coupe et s&#8217;applique facilement sur les supports \u00e0 sublimer.<\/li>\n<li>Polyvalence : Outre la sublimation, ce scotch haute temp\u00e9rature peut \u00e9galement \u00eatre utilis\u00e9 pour d&#8217;autres applications n\u00e9cessitant une r\u00e9sistance \u00e0 la chaleur, comme le masquage, le montage ou la r\u00e9paration.<\/li>\n<\/ol>\n","protected":false},"excerpt":{"rendered":"<div class=\"product-extra-detail woocommerce-product-details__short-description\">\n<ul>\n<li>Pour la sublimation<\/li>\n<li>Largeur :\u00a01 cm<\/li>\n<li>Longueur :\u00a033m<\/li>\n<li>Ne laisse pas de trace<\/li>\n<\/ul>\n<\/div>\n<div class=\"product-price\"><\/div>\n","protected":false},"featured_media":11778,"comment_status":"open","ping_status":"closed","template":"","meta":{"_acf_changed":false,"_monsterinsights_skip_tracking":false,"_monsterinsights_sitenote_active":false,"_monsterinsights_sitenote_note":"","_monsterinsights_sitenote_category":0,"_uf_show_specific_survey":0,"_uf_disable_surveys":false,"_joinchat":[]},"product_brand":[],"product_cat":[384,386],"product_tag":[],"class_list":{"0":"post-11777","1":"product","2":"type-product","3":"status-publish","4":"has-post-thumbnail","6":"product_cat-fournitures-dimpression","7":"product_cat-consommables-sublimation-dtf","9":"first","10":"instock","11":"sale","12":"shipping-taxable","13":"purchasable","14":"product-type-simple"},"acf":[],"jetpack_sharing_enabled":true,"_links":{"self":[{"href":"https:\/\/digistar.ma\/index.php?rest_route=\/wp\/v2\/product\/11777","targetHints":{"allow":["GET"]}}],"collection":[{"href":"https:\/\/digistar.ma\/index.php?rest_route=\/wp\/v2\/product"}],"about":[{"href":"https:\/\/digistar.ma\/index.php?rest_route=\/wp\/v2\/types\/product"}],"replies":[{"embeddable":true,"href":"https:\/\/digistar.ma\/index.php?rest_route=%2Fwp%2Fv2%2Fcomments&post=11777"}],"version-history":[{"count":2,"href":"https:\/\/digistar.ma\/index.php?rest_route=\/wp\/v2\/product\/11777\/revisions"}],"predecessor-version":[{"id":11782,"href":"https:\/\/digistar.ma\/index.php?rest_route=\/wp\/v2\/product\/11777\/revisions\/11782"}],"wp:featuredmedia":[{"embeddable":true,"href":"https:\/\/digistar.ma\/index.php?rest_route=\/wp\/v2\/media\/11778"}],"wp:attachment":[{"href":"https:\/\/digistar.ma\/index.php?rest_route=%2Fwp%2Fv2%2Fmedia&parent=11777"}],"wp:term":[{"taxonomy":"product_brand","embeddable":true,"href":"https:\/\/digistar.ma\/index.php?rest_route=%2Fwp%2Fv2%2Fproduct_brand&post=11777"},{"taxonomy":"product_cat","embeddable":true,"href":"https:\/\/digistar.ma\/index.php?rest_route=%2Fwp%2Fv2%2Fproduct_cat&post=11777"},{"taxonomy":"product_tag","embeddable":true,"href":"https:\/\/digistar.ma\/index.php?rest_route=%2Fwp%2Fv2%2Fproduct_tag&post=11777"}],"curies":[{"name":"wp","href":"https:\/\/api.w.org\/{rel}","templated":true}]}}